{"id":144,"date":"2015-07-15T02:46:29","date_gmt":"2015-07-15T00:46:29","guid":{"rendered":"http:\/\/presencevocale.fr\/coachingvocal\/?page_id=144"},"modified":"2016-03-01T01:09:17","modified_gmt":"2016-02-29T23:09:17","slug":"affirmer-sa-presence-au-monde-grace-a-sa-voix","status":"publish","type":"page","link":"https:\/\/presencevocale.fr\/coachingvocal\/affirmer-sa-presence-au-monde-grace-a-sa-voix\/","title":{"rendered":"Les couleurs de la VOIX"},"content":{"rendered":"<p><a href=\"http:\/\/presencevocale.fr\/coachingvocal\/wp-content\/uploads\/2016\/02\/Fotolia_27739556_XS.jpg\"><img loading=\"lazy\" decoding=\"async\" class=\" wp-image-425 aligncenter\" src=\"http:\/\/presencevocale.fr\/coachingvocal\/wp-content\/uploads\/2016\/02\/Fotolia_27739556_XS-300x204.jpg\" alt=\"Bunte Melodie\" width=\"234\" height=\"159\" srcset=\"https:\/\/presencevocale.fr\/coachingvocal\/wp-content\/uploads\/2016\/02\/Fotolia_27739556_XS-300x204.jpg 300w, https:\/\/presencevocale.fr\/coachingvocal\/wp-content\/uploads\/2016\/02\/Fotolia_27739556_XS.jpg 420w\" sizes=\"auto, (max-width: 234px) 100vw, 234px\" \/><\/a><\/p>\n<p>Cet atelier est une exploration ludique \u00e0 la rencontre de sa voix. C&rsquo;est une d\u00e9couverte de sa couleur, de sa sonorit\u00e9 et de ses richesses. Le parcours propos\u00e9 permet d\u2019aborder successivement la souplesse et la pr\u00e9sence du corps-instrument, l\u2019ampleur du souffle, la r\u00e9sonance et l\u2019harmonie des sonorit\u00e9s, les joies de l\u2019\u00e9coute et des sons cr\u00e9\u00e9s \u00e0 plusieurs. Il permet aussi de comprendre comment \u00eatre plus pr\u00e9sent et se faire ainsi mieux entendre quand on le veut vraiment.<\/p>\n<p>Sont successivement pass\u00e9s en revue les piliers corporels de la voix (ancrage du corps, respiration, r\u00e9sonateurs) et le jeu des sons (rythme, tonalit\u00e9, hauteur), seul et \u00e0 plusieurs.<\/p>\n<p>De nombreux exercices pratiques donnent \u00e0 chacun l\u2019occasion d\u2019exp\u00e9rimenter, en conscience et sans effort.<\/p>\n<p>Dans une premi\u00e8re partie, <!--more-->nous travaillons la d\u00e9tente du corps et la respiration, afin de pr\u00e9parer notre instrument. Dans une seconde partie, nous explorons la r\u00e9sonnance et diff\u00e9rents types de sons, sous forme de jeux individuels et collectifs. Les exercices sont altern\u00e9s de temps d\u2019\u00e9change collectifs, afin de faire le point sur les ressentis et d\u00e9couvertes.<\/p>\n<p><strong>Pr\u00e9-requis et conditions pratiques :<\/strong><\/p>\n<p>Cet atelier s\u2019adresse \u00e0 tous, pratiquants du chant ou non, \u00e0 l\u2019aise vocalement ou pas. Il n\u00e9cessite une tenue souple. Penser aussi \u00e0 apporter de l\u2019eau, pour s\u2019hydrater entre les exercices. Il n\u2019est pas possible de n\u2019assister qu\u2019\u00e0 une partie de l\u2019atelier<\/p>\n<p>Dur\u00e9e : de 4 \u00e0 6h &#8211; Nombre de participants limit\u00e9 \u00e0 12<\/p>\n","protected":false},"excerpt":{"rendered":"<p>Cet atelier est une exploration ludique \u00e0 la rencontre de sa voix. C&rsquo;est une d\u00e9couverte de sa couleur, de sa sonorit\u00e9 et de ses richesses. Le parcours propos\u00e9 permet d\u2019aborder successivement la souplesse et la pr\u00e9sence du corps-instrument, l\u2019ampleur du souffle, la r\u00e9sonance et l\u2019harmonie des sonorit\u00e9s, les joies de l\u2019\u00e9coute et des sons cr\u00e9\u00e9s [&hellip;]<\/p>\n","protected":false},"author":3,"featured_media":0,"parent":0,"menu_order":2,"comment_status":"open","ping_status":"open","template":"","meta":{"ocean_post_layout":"","ocean_both_sidebars_style":"","ocean_both_sidebars_content_width":0,"ocean_both_sidebars_sidebars_width":0,"ocean_sidebar":"","ocean_second_sidebar":"","ocean_disable_margins":"enable","ocean_add_body_class":"","ocean_shortcode_before_top_bar":"","ocean_shortcode_after_top_bar":"","ocean_shortcode_before_header":"","ocean_shortcode_after_header":"","ocean_has_shortcode":"","ocean_shortcode_after_title":"","ocean_shortcode_before_footer_widgets":"","ocean_shortcode_after_footer_widgets":"","ocean_shortcode_before_footer_bottom":"","ocean_shortcode_after_footer_bottom":"","ocean_display_top_bar":"default","ocean_display_header":"default","ocean_header_style":"","ocean_center_header_left_menu":"","ocean_custom_header_template":"","ocean_custom_logo":0,"ocean_custom_retina_logo":0,"ocean_custom_logo_max_width":0,"ocean_custom_logo_tablet_max_width":0,"ocean_custom_logo_mobile_max_width":0,"ocean_custom_logo_max_height":0,"ocean_custom_logo_tablet_max_height":0,"ocean_custom_logo_mobile_max_height":0,"ocean_header_custom_menu":"","ocean_menu_typo_font_family":"","ocean_menu_typo_font_subset":"","ocean_menu_typo_font_size":0,"ocean_menu_typo_font_size_tablet":0,"ocean_menu_typo_font_size_mobile":0,"ocean_menu_typo_font_size_unit":"px","ocean_menu_typo_font_weight":"","ocean_menu_typo_font_weight_tablet":"","ocean_menu_typo_font_weight_mobile":"","ocean_menu_typo_transform":"","ocean_menu_typo_transform_tablet":"","ocean_menu_typo_transform_mobile":"","ocean_menu_typo_line_height":0,"ocean_menu_typo_line_height_tablet":0,"ocean_menu_typo_line_height_mobile":0,"ocean_menu_typo_line_height_unit":"","ocean_menu_typo_spacing":0,"ocean_menu_typo_spacing_tablet":0,"ocean_menu_typo_spacing_mobile":0,"ocean_menu_typo_spacing_unit":"","ocean_menu_link_color":"","ocean_menu_link_color_hover":"","ocean_menu_link_color_active":"","ocean_menu_link_background":"","ocean_menu_link_hover_background":"","ocean_menu_link_active_background":"","ocean_menu_social_links_bg":"","ocean_menu_social_hover_links_bg":"","ocean_menu_social_links_color":"","ocean_menu_social_hover_links_color":"","ocean_disable_title":"default","ocean_disable_heading":"default","ocean_post_title":"","ocean_post_subheading":"","ocean_post_title_style":"","ocean_post_title_background_color":"","ocean_post_title_background":0,"ocean_post_title_bg_image_position":"","ocean_post_title_bg_image_attachment":"","ocean_post_title_bg_image_repeat":"","ocean_post_title_bg_image_size":"","ocean_post_title_height":0,"ocean_post_title_bg_overlay":0.5,"ocean_post_title_bg_overlay_color":"","ocean_disable_breadcrumbs":"default","ocean_breadcrumbs_color":"","ocean_breadcrumbs_separator_color":"","ocean_breadcrumbs_links_color":"","ocean_breadcrumbs_links_hover_color":"","ocean_display_footer_widgets":"default","ocean_display_footer_bottom":"default","ocean_custom_footer_template":"","footnotes":""},"class_list":["post-144","page","type-page","status-publish","hentry","entry"],"_links":{"self":[{"href":"https:\/\/presencevocale.fr\/coachingvocal\/wp-json\/wp\/v2\/pages\/144","targetHints":{"allow":["GET"]}}],"collection":[{"href":"https:\/\/presencevocale.fr\/coachingvocal\/wp-json\/wp\/v2\/pages"}],"about":[{"href":"https:\/\/presencevocale.fr\/coachingvocal\/wp-json\/wp\/v2\/types\/page"}],"author":[{"embeddable":true,"href":"https:\/\/presencevocale.fr\/coachingvocal\/wp-json\/wp\/v2\/users\/3"}],"replies":[{"embeddable":true,"href":"https:\/\/presencevocale.fr\/coachingvocal\/wp-json\/wp\/v2\/comments?post=144"}],"version-history":[{"count":6,"href":"https:\/\/presencevocale.fr\/coachingvocal\/wp-json\/wp\/v2\/pages\/144\/revisions"}],"predecessor-version":[{"id":453,"href":"https:\/\/presencevocale.fr\/coachingvocal\/wp-json\/wp\/v2\/pages\/144\/revisions\/453"}],"wp:attachment":[{"href":"https:\/\/presencevocale.fr\/coachingvocal\/wp-json\/wp\/v2\/media?parent=144"}],"curies":[{"name":"wp","href":"https:\/\/api.w.org\/{rel}","templated":true}]}}