{"id":1636,"date":"2017-12-06T00:41:12","date_gmt":"2017-12-05T22:41:12","guid":{"rendered":"http:\/\/presencevocale.fr\/coachingvocal\/?page_id=1636"},"modified":"2023-06-24T21:33:12","modified_gmt":"2023-06-24T19:33:12","slug":"votre-voix-vous-meme","status":"publish","type":"page","link":"https:\/\/presencevocale.fr\/coachingvocal\/le-coaching-vocal\/votre-voix-vous-meme\/","title":{"rendered":"Votre voix, vous m\u00eame"},"content":{"rendered":"<p><span style=\"font-family: Comic Sans MS, Comic Sans MS, cursive; font-size: 10pt;\"><span style=\"color: #008000;\"><a href=\"http:\/\/presencevocale.fr\/coachingvocal\/wp-content\/uploads\/2015\/07\/voix-et-discours-politique-4301-e1436915144310.jpg\"><img loading=\"lazy\" decoding=\"async\" class=\"wp-image-68 alignright\" src=\"http:\/\/presencevocale.fr\/coachingvocal\/wp-content\/uploads\/2015\/07\/voix-et-discours-politique-4301-300x180.jpg\" alt=\"\" width=\"169\" height=\"101\" \/><\/a>\u00ab\u00a0<em>Notre voix est comme une empreinte digitale, avec chacune son intonation, son intention et ses \u00e9motions<\/em>\u00ab\u00a0<\/span>. Corinne ROCCA, Chanteuse et coach vocale<\/span><\/p>\n<p>&nbsp;<\/p>\n<p><span style=\"font-family: Comic Sans MS, Comic Sans MS, cursive;\"><span style=\"color: #800080;\"><a href=\"http:\/\/presencevocale.fr\/coachingvocal\/wp-content\/uploads\/2015\/11\/Fotolia_103622867_XS-mouvement.jpg\"><img loading=\"lazy\" decoding=\"async\" class=\"wp-image-1606 alignleft\" src=\"http:\/\/presencevocale.fr\/coachingvocal\/wp-content\/uploads\/2015\/11\/Fotolia_103622867_XS-mouvement-300x300.jpg\" alt=\"\" width=\"134\" height=\"134\" srcset=\"https:\/\/presencevocale.fr\/coachingvocal\/wp-content\/uploads\/2015\/11\/Fotolia_103622867_XS-mouvement-300x300.jpg 300w, https:\/\/presencevocale.fr\/coachingvocal\/wp-content\/uploads\/2015\/11\/Fotolia_103622867_XS-mouvement-150x150.jpg 150w, https:\/\/presencevocale.fr\/coachingvocal\/wp-content\/uploads\/2015\/11\/Fotolia_103622867_XS-mouvement.jpg 346w\" sizes=\"auto, (max-width: 134px) 100vw, 134px\" \/><\/a><span style=\"font-size: 10pt;\">\u00ab\u00a0<em>Le corps humain est envisag\u00e9 comme un instrument de musique, une v\u00e9ritable caisse de r\u00e9sonance avec son ossature, sa musculature, ses cordes vocales, qui vibre au diapason de ce qui l&rsquo;entoure<\/em>\u00ab\u00a0<\/span><\/span><span style=\"font-size: 10pt;\">. Isabelle HAUQMARD, Musicoth\u00e9rapeute<\/span><\/span><\/p>\n<p>&nbsp;<\/p>\n<p>&nbsp;<\/p>\n<p><a href=\"http:\/\/presencevocale.fr\/coachingvocal\/wp-content\/uploads\/2015\/11\/Fotolia_175637593_XS-quatre-voix.jpg\"><img loading=\"lazy\" decoding=\"async\" class=\" wp-image-1608 alignright\" src=\"http:\/\/presencevocale.fr\/coachingvocal\/wp-content\/uploads\/2015\/11\/Fotolia_175637593_XS-quatre-voix-300x173.jpg\" alt=\"\" width=\"210\" height=\"121\" srcset=\"https:\/\/presencevocale.fr\/coachingvocal\/wp-content\/uploads\/2015\/11\/Fotolia_175637593_XS-quatre-voix-300x173.jpg 300w, https:\/\/presencevocale.fr\/coachingvocal\/wp-content\/uploads\/2015\/11\/Fotolia_175637593_XS-quatre-voix.jpg 456w\" sizes=\"auto, (max-width: 210px) 100vw, 210px\" \/><\/a><span style=\"font-size: 10pt;\">\u00ab\u00a0<span style=\"font-family: Comic Sans MS, Comic Sans MS, cursive;\"><span style=\"color: #ff6600;\"><em>Cette signature, notre voix, nous emm\u00e8ne bien plus loin que nos bras et nos jambes pour atteindre les autres<\/em>\u00ab\u00a0<\/span>. Pierre LEMARQUIS, Neurologue<\/span><\/span><\/p>\n<p>&nbsp;<\/p>\n<p>&nbsp;<\/p>\n<p><span style=\"font-family: Arial, Helvetica, sans-serif;\">La voix un des supports essentiels de la personnalit\u00e9. S&rsquo;approprier sa propre voix, \u00e9couter les autres, \u00eatre \u00e9cout\u00e9 quand on chuchote, parle, crie ou chante\u2026 c&rsquo;est la base de toute relation \u00e0 soi et au monde.<\/span><\/p>\n<p><span style=\"font-family: Arial, Helvetica, sans-serif;\">Mieux la conna\u00eetre c\u2019est mieux se conna\u00eetre, \u00eatre plus vivant et plus confiant.<\/span><\/p>\n<p><span style=\"font-family: Arial, Helvetica, sans-serif;\">Travailler, am\u00e9liorer son rapport avec sa voix c&rsquo;est faire qu&rsquo;elle soit source de plaisir plut\u00f4t que de difficult\u00e9s, se l\u2019approprier plut\u00f4t que la subir sans savoir comment faire \u00e9voluer les choses, la reconna\u00eetre comme caract\u00e9ristique de son rapport au monde, la faire entendre sans stress.<\/span><\/p>\n<p><span style=\"color: #333399;\"><strong>Voir aussi : <a style=\"color: #333399;\" href=\"https:\/\/baozoom.com\/votre-voix-cest-vous-par-francoise-hecquard\/\" target=\"_blank\" rel=\"noopener\">article \u00e9crit sur ce sujet en juin 2023 pour le BAO Zoom de l&rsquo;\u00e9cole de coaching BAO Elan Vital.<\/a><\/strong><\/span><\/p>\n<p>&nbsp;<\/p>\n","protected":false},"excerpt":{"rendered":"<p>\u00ab\u00a0Notre voix est comme une empreinte digitale, avec chacune son intonation, son intention et ses \u00e9motions\u00ab\u00a0. Corinne ROCCA, Chanteuse et coach vocale &nbsp; \u00ab\u00a0Le corps humain est envisag\u00e9 comme un instrument de musique, une v\u00e9ritable caisse de r\u00e9sonance avec son ossature, sa musculature, ses cordes vocales, qui vibre au diapason de ce qui l&rsquo;entoure\u00ab\u00a0. Isabelle [&hellip;]<\/p>\n","protected":false},"author":3,"featured_media":0,"parent":64,"menu_order":0,"comment_status":"closed","ping_status":"closed","template":"","meta":{"ocean_post_layout":"","ocean_both_sidebars_style":"","ocean_both_sidebars_content_width":0,"ocean_both_sidebars_sidebars_width":0,"ocean_sidebar":"0","ocean_second_sidebar":"0","ocean_disable_margins":"enable","ocean_add_body_class":"","ocean_shortcode_before_top_bar":"","ocean_shortcode_after_top_bar":"","ocean_shortcode_before_header":"","ocean_shortcode_after_header":"","ocean_has_shortcode":"","ocean_shortcode_after_title":"","ocean_shortcode_before_footer_widgets":"","ocean_shortcode_after_footer_widgets":"","ocean_shortcode_before_footer_bottom":"","ocean_shortcode_after_footer_bottom":"","ocean_display_top_bar":"default","ocean_display_header":"default","ocean_header_style":"","ocean_center_header_left_menu":"0","ocean_custom_header_template":"0","ocean_custom_logo":0,"ocean_custom_retina_logo":0,"ocean_custom_logo_max_width":0,"ocean_custom_logo_tablet_max_width":0,"ocean_custom_logo_mobile_max_width":0,"ocean_custom_logo_max_height":0,"ocean_custom_logo_tablet_max_height":0,"ocean_custom_logo_mobile_max_height":0,"ocean_header_custom_menu":"0","ocean_menu_typo_font_family":"0","ocean_menu_typo_font_subset":"","ocean_menu_typo_font_size":0,"ocean_menu_typo_font_size_tablet":0,"ocean_menu_typo_font_size_mobile":0,"ocean_menu_typo_font_size_unit":"px","ocean_menu_typo_font_weight":"","ocean_menu_typo_font_weight_tablet":"","ocean_menu_typo_font_weight_mobile":"","ocean_menu_typo_transform":"","ocean_menu_typo_transform_tablet":"","ocean_menu_typo_transform_mobile":"","ocean_menu_typo_line_height":0,"ocean_menu_typo_line_height_tablet":0,"ocean_menu_typo_line_height_mobile":0,"ocean_menu_typo_line_height_unit":"","ocean_menu_typo_spacing":0,"ocean_menu_typo_spacing_tablet":0,"ocean_menu_typo_spacing_mobile":0,"ocean_menu_typo_spacing_unit":"","ocean_menu_link_color":"","ocean_menu_link_color_hover":"","ocean_menu_link_color_active":"","ocean_menu_link_background":"","ocean_menu_link_hover_background":"","ocean_menu_link_active_background":"","ocean_menu_social_links_bg":"","ocean_menu_social_hover_links_bg":"","ocean_menu_social_links_color":"","ocean_menu_social_hover_links_color":"","ocean_disable_title":"default","ocean_disable_heading":"default","ocean_post_title":"","ocean_post_subheading":"","ocean_post_title_style":"","ocean_post_title_background_color":"","ocean_post_title_background":0,"ocean_post_title_bg_image_position":"","ocean_post_title_bg_image_attachment":"","ocean_post_title_bg_image_repeat":"","ocean_post_title_bg_image_size":"","ocean_post_title_height":0,"ocean_post_title_bg_overlay":0.5,"ocean_post_title_bg_overlay_color":"","ocean_disable_breadcrumbs":"default","ocean_breadcrumbs_color":"","ocean_breadcrumbs_separator_color":"","ocean_breadcrumbs_links_color":"","ocean_breadcrumbs_links_hover_color":"","ocean_display_footer_widgets":"default","ocean_display_footer_bottom":"default","ocean_custom_footer_template":"0","footnotes":""},"class_list":["post-1636","page","type-page","status-publish","hentry","entry"],"_links":{"self":[{"href":"https:\/\/presencevocale.fr\/coachingvocal\/wp-json\/wp\/v2\/pages\/1636","targetHints":{"allow":["GET"]}}],"collection":[{"href":"https:\/\/presencevocale.fr\/coachingvocal\/wp-json\/wp\/v2\/pages"}],"about":[{"href":"https:\/\/presencevocale.fr\/coachingvocal\/wp-json\/wp\/v2\/types\/page"}],"author":[{"embeddable":true,"href":"https:\/\/presencevocale.fr\/coachingvocal\/wp-json\/wp\/v2\/users\/3"}],"replies":[{"embeddable":true,"href":"https:\/\/presencevocale.fr\/coachingvocal\/wp-json\/wp\/v2\/comments?post=1636"}],"version-history":[{"count":8,"href":"https:\/\/presencevocale.fr\/coachingvocal\/wp-json\/wp\/v2\/pages\/1636\/revisions"}],"predecessor-version":[{"id":2679,"href":"https:\/\/presencevocale.fr\/coachingvocal\/wp-json\/wp\/v2\/pages\/1636\/revisions\/2679"}],"up":[{"embeddable":true,"href":"https:\/\/presencevocale.fr\/coachingvocal\/wp-json\/wp\/v2\/pages\/64"}],"wp:attachment":[{"href":"https:\/\/presencevocale.fr\/coachingvocal\/wp-json\/wp\/v2\/media?parent=1636"}],"curies":[{"name":"wp","href":"https:\/\/api.w.org\/{rel}","templated":true}]}}