{"id":166,"date":"2015-08-05T18:39:23","date_gmt":"2015-08-05T16:39:23","guid":{"rendered":"http:\/\/presencevocale.fr\/coachingvocal\/?page_id=166"},"modified":"2015-11-11T05:57:17","modified_gmt":"2015-11-11T03:57:17","slug":"ma-demarche","status":"publish","type":"page","link":"https:\/\/presencevocale.fr\/coachingvocal\/qui-suis-je\/ma-demarche\/","title":{"rendered":"Ma d\u00e9marche"},"content":{"rendered":"<p><a href=\"http:\/\/presencevocale.fr\/coachingvocal\/wp-content\/uploads\/2015\/08\/Fotolia_50822993_XS.jpg\"><img loading=\"lazy\" decoding=\"async\" class=\" wp-image-173 alignright\" src=\"http:\/\/presencevocale.fr\/coachingvocal\/wp-content\/uploads\/2015\/08\/Fotolia_50822993_XS-300x230.jpg\" alt=\"young man listening his inner voice\" width=\"238\" height=\"182\" srcset=\"https:\/\/presencevocale.fr\/coachingvocal\/wp-content\/uploads\/2015\/08\/Fotolia_50822993_XS-300x230.jpg 300w, https:\/\/presencevocale.fr\/coachingvocal\/wp-content\/uploads\/2015\/08\/Fotolia_50822993_XS.jpg 396w\" sizes=\"auto, (max-width: 238px) 100vw, 238px\" \/><\/a>Je peux vous aider \u00e0 vous sentir plus \u00e0 l\u2019aise dans toutes les situations de prise de parole en public, \u00e0 mieux comprendre sur quoi s\u2019appuie votre mani\u00e8re de communiquer, \u00e0 faire en sorte que votre parole soit mieux entendue.<\/p>\n<p>Je vous propose de d\u00e9couvrir les piliers corporels de votre voix, d\u2019apprendre \u00e0 jouer avec les sons, de mieux g\u00e9rer votre respiration et votre capacit\u00e9 de d\u00e9tente.<\/p>\n<p>Je vous propose de comprendre comment \u00eatre plus pr\u00e9sent, comment vous faire mieux entendre quand vous le voulez vraiment et comment mieux appr\u00e9hender votre relation aux autres.<\/p>\n<p>&nbsp;<\/p>\n","protected":false},"excerpt":{"rendered":"<p>Je peux vous aider \u00e0 vous sentir plus \u00e0 l\u2019aise dans toutes les situations de prise de parole en public, \u00e0 mieux comprendre sur quoi s\u2019appuie votre mani\u00e8re de communiquer, \u00e0 faire en sorte que votre parole soit mieux entendue. Je vous propose de d\u00e9couvrir les piliers corporels de votre voix, d\u2019apprendre \u00e0 jouer avec [&hellip;]<\/p>\n","protected":false},"author":3,"featured_media":0,"parent":60,"menu_order":0,"comment_status":"open","ping_status":"open","template":"","meta":{"ocean_post_layout":"","ocean_both_sidebars_style":"","ocean_both_sidebars_content_width":0,"ocean_both_sidebars_sidebars_width":0,"ocean_sidebar":"","ocean_second_sidebar":"","ocean_disable_margins":"enable","ocean_add_body_class":"","ocean_shortcode_before_top_bar":"","ocean_shortcode_after_top_bar":"","ocean_shortcode_before_header":"","ocean_shortcode_after_header":"","ocean_has_shortcode":"","ocean_shortcode_after_title":"","ocean_shortcode_before_footer_widgets":"","ocean_shortcode_after_footer_widgets":"","ocean_shortcode_before_footer_bottom":"","ocean_shortcode_after_footer_bottom":"","ocean_display_top_bar":"default","ocean_display_header":"default","ocean_header_style":"","ocean_center_header_left_menu":"","ocean_custom_header_template":"","ocean_custom_logo":0,"ocean_custom_retina_logo":0,"ocean_custom_logo_max_width":0,"ocean_custom_logo_tablet_max_width":0,"ocean_custom_logo_mobile_max_width":0,"ocean_custom_logo_max_height":0,"ocean_custom_logo_tablet_max_height":0,"ocean_custom_logo_mobile_max_height":0,"ocean_header_custom_menu":"","ocean_menu_typo_font_family":"","ocean_menu_typo_font_subset":"","ocean_menu_typo_font_size":0,"ocean_menu_typo_font_size_tablet":0,"ocean_menu_typo_font_size_mobile":0,"ocean_menu_typo_font_size_unit":"px","ocean_menu_typo_font_weight":"","ocean_menu_typo_font_weight_tablet":"","ocean_menu_typo_font_weight_mobile":"","ocean_menu_typo_transform":"","ocean_menu_typo_transform_tablet":"","ocean_menu_typo_transform_mobile":"","ocean_menu_typo_line_height":0,"ocean_menu_typo_line_height_tablet":0,"ocean_menu_typo_line_height_mobile":0,"ocean_menu_typo_line_height_unit":"","ocean_menu_typo_spacing":0,"ocean_menu_typo_spacing_tablet":0,"ocean_menu_typo_spacing_mobile":0,"ocean_menu_typo_spacing_unit":"","ocean_menu_link_color":"","ocean_menu_link_color_hover":"","ocean_menu_link_color_active":"","ocean_menu_link_background":"","ocean_menu_link_hover_background":"","ocean_menu_link_active_background":"","ocean_menu_social_links_bg":"","ocean_menu_social_hover_links_bg":"","ocean_menu_social_links_color":"","ocean_menu_social_hover_links_color":"","ocean_disable_title":"default","ocean_disable_heading":"default","ocean_post_title":"","ocean_post_subheading":"","ocean_post_title_style":"","ocean_post_title_background_color":"","ocean_post_title_background":0,"ocean_post_title_bg_image_position":"","ocean_post_title_bg_image_attachment":"","ocean_post_title_bg_image_repeat":"","ocean_post_title_bg_image_size":"","ocean_post_title_height":0,"ocean_post_title_bg_overlay":0.5,"ocean_post_title_bg_overlay_color":"","ocean_disable_breadcrumbs":"default","ocean_breadcrumbs_color":"","ocean_breadcrumbs_separator_color":"","ocean_breadcrumbs_links_color":"","ocean_breadcrumbs_links_hover_color":"","ocean_display_footer_widgets":"default","ocean_display_footer_bottom":"default","ocean_custom_footer_template":"","footnotes":""},"class_list":["post-166","page","type-page","status-publish","hentry","entry"],"_links":{"self":[{"href":"https:\/\/presencevocale.fr\/coachingvocal\/wp-json\/wp\/v2\/pages\/166","targetHints":{"allow":["GET"]}}],"collection":[{"href":"https:\/\/presencevocale.fr\/coachingvocal\/wp-json\/wp\/v2\/pages"}],"about":[{"href":"https:\/\/presencevocale.fr\/coachingvocal\/wp-json\/wp\/v2\/types\/page"}],"author":[{"embeddable":true,"href":"https:\/\/presencevocale.fr\/coachingvocal\/wp-json\/wp\/v2\/users\/3"}],"replies":[{"embeddable":true,"href":"https:\/\/presencevocale.fr\/coachingvocal\/wp-json\/wp\/v2\/comments?post=166"}],"version-history":[{"count":7,"href":"https:\/\/presencevocale.fr\/coachingvocal\/wp-json\/wp\/v2\/pages\/166\/revisions"}],"predecessor-version":[{"id":336,"href":"https:\/\/presencevocale.fr\/coachingvocal\/wp-json\/wp\/v2\/pages\/166\/revisions\/336"}],"up":[{"embeddable":true,"href":"https:\/\/presencevocale.fr\/coachingvocal\/wp-json\/wp\/v2\/pages\/60"}],"wp:attachment":[{"href":"https:\/\/presencevocale.fr\/coachingvocal\/wp-json\/wp\/v2\/media?parent=166"}],"curies":[{"name":"wp","href":"https:\/\/api.w.org\/{rel}","templated":true}]}}