{"id":1729,"date":"2018-04-03T20:28:52","date_gmt":"2018-04-03T18:28:52","guid":{"rendered":"http:\/\/presencevocale.fr\/coachingvocal\/?page_id=1729"},"modified":"2022-02-16T21:01:33","modified_gmt":"2022-02-16T19:01:33","slug":"le-corps-sonore-se-liberer-de-lemprise-des-emotions","status":"publish","type":"page","link":"https:\/\/presencevocale.fr\/coachingvocal\/le-corps-sonore-se-liberer-de-lemprise-des-emotions\/","title":{"rendered":"Le Corps sonore : se lib\u00e9rer de l&#8217;emprise des \u00e9motions &#8211; Le stage"},"content":{"rendered":"<h4><a href=\"https:\/\/presencevocale.fr\/coachingvocal\/wp-content\/uploads\/2020\/06\/Image-de\u0301toure\u0301e-Corps-sonore-AdobeStock_98711433-scaled.jpg\"><img loading=\"lazy\" decoding=\"async\" class=\"wp-image-2240 alignleft\" src=\"https:\/\/presencevocale.fr\/coachingvocal\/wp-content\/uploads\/2020\/06\/Image-de\u0301toure\u0301e-Corps-sonore-AdobeStock_98711433-179x300.jpg\" alt=\"\" width=\"260\" height=\"436\" srcset=\"https:\/\/presencevocale.fr\/coachingvocal\/wp-content\/uploads\/2020\/06\/Image-de\u0301toure\u0301e-Corps-sonore-AdobeStock_98711433-179x300.jpg 179w, https:\/\/presencevocale.fr\/coachingvocal\/wp-content\/uploads\/2020\/06\/Image-de\u0301toure\u0301e-Corps-sonore-AdobeStock_98711433-612x1024.jpg 612w, https:\/\/presencevocale.fr\/coachingvocal\/wp-content\/uploads\/2020\/06\/Image-de\u0301toure\u0301e-Corps-sonore-AdobeStock_98711433-768x1285.jpg 768w, https:\/\/presencevocale.fr\/coachingvocal\/wp-content\/uploads\/2020\/06\/Image-de\u0301toure\u0301e-Corps-sonore-AdobeStock_98711433-600x1004.jpg 600w, https:\/\/presencevocale.fr\/coachingvocal\/wp-content\/uploads\/2020\/06\/Image-de\u0301toure\u0301e-Corps-sonore-AdobeStock_98711433-918x1536.jpg 918w, https:\/\/presencevocale.fr\/coachingvocal\/wp-content\/uploads\/2020\/06\/Image-de\u0301toure\u0301e-Corps-sonore-AdobeStock_98711433-1224x2048.jpg 1224w, https:\/\/presencevocale.fr\/coachingvocal\/wp-content\/uploads\/2020\/06\/Image-de\u0301toure\u0301e-Corps-sonore-AdobeStock_98711433-scaled.jpg 1530w\" sizes=\"auto, (max-width: 260px) 100vw, 260px\" \/><\/a>Cycle de 5 stages de week-end anim\u00e9s au fil des saisons, avec <a href=\"http:\/\/www.lavoieducorps.com\/\">Bertrand CHARRIER<\/a>.<\/h4>\n<p>Ce cycle, que nous avons appel\u00e9 <em>Le corps sonore : se lib\u00e9rer de l&#8217;emprise des \u00e9motions<\/em>, bas\u00e9 sur l&rsquo;\u00e9nergie des saisons selon la symbolique chinoise, se consacre aux liens entre les organes du corps, la dynamique des \u00e9motions et les expressions corporelle et vocale qui en d\u00e9coulent. Il a pour vocation d&rsquo;aider au d\u00e9ploiement de l&rsquo;\u00e9nergie, du rayonnement et du bien-\u00eatre, et d&rsquo;ouvrir un chemin vers la fluidit\u00e9 et la libert\u00e9 int\u00e9rieures.<\/p>\n<div class=\"page\" title=\"Page 2\">\n<div class=\"section\">\n<div class=\"layoutArea\">\n<div class=\"column\">\n<p>Nous constatons parfois que nos e\u0301lans vocaux et cre\u0301atifs se heurtent a\u0300 des obstacles : la respiration n\u2019est pas fluide, certaines notes ne sortent pas, la gorge est serre\u0301e et les ma\u0302choires ne s\u2019ouvrent pas&#8230; la ple\u0301nitude nous e\u0301chappe. Au contraire, un corps de\u0301tendu est une vaste caisse de re\u0301sonance d\u2019ou\u0300 la voix peut jaillir dans toute sa richesse, la force cre\u0301atrice s\u2019e\u0301panouir sans entrave et les e\u0301motions s\u2019exprimer librement.<\/p>\n<\/div>\n<\/div>\n<\/div>\n<\/div>\n<div class=\"page\" title=\"Page 2\">\n<div class=\"section\">\n<div class=\"layoutArea\">\n<div class=\"column\">\n<p>Lors de ce cycle, nous vous proposons d\u2019explorer le lien entre les saisons, les organes et les e\u0301motions, que la tradition e\u0301nerge\u0301tique chinoise a mis en e\u0301vidence il y a plusieurs milliers d\u2019anne\u0301es. Le de\u0301re\u0300glement de chaque couple d\u2019organes s\u2019inscrit dans notre corps sous forme de tensions et d\u2019une expression e\u0301motionnelle excessive.<\/p>\n<\/div>\n<\/div>\n<\/div>\n<\/div>\n<div class=\"page\" title=\"Page 2\">\n<div class=\"section\">\n<div class=\"layoutArea\">\n<div class=\"column\">\n<p>Pour de\u0301nouer les tensions et retrouver une voix et un corps e\u0301panouis, nous utilisons des exercices d\u2019e\u0301chauffement de la voix et de mise en e\u0301nergie du corps, mais e\u0301galement des massages bien-e\u0302tre et des parcours ludiques des processus corporels de production du son. Improvisations vocales collectives et mises en mouvement vous aideront a\u0300 aller a\u0300 la rencontre de vous-me\u0302mes et des autres.<a href=\"https:\/\/presencevocale.fr\/coachingvocal\/wp-content\/uploads\/2018\/12\/Roue-des-e\u0301motions.png\"><img loading=\"lazy\" decoding=\"async\" class=\" wp-image-1967 alignright\" src=\"https:\/\/presencevocale.fr\/coachingvocal\/wp-content\/uploads\/2018\/12\/Roue-des-e\u0301motions-296x300.png\" alt=\"\" width=\"285\" height=\"289\" srcset=\"https:\/\/presencevocale.fr\/coachingvocal\/wp-content\/uploads\/2018\/12\/Roue-des-e\u0301motions-296x300.png 296w, https:\/\/presencevocale.fr\/coachingvocal\/wp-content\/uploads\/2018\/12\/Roue-des-e\u0301motions.png 400w\" sizes=\"auto, (max-width: 285px) 100vw, 285px\" \/><\/a><\/p>\n<p>&nbsp;<\/p>\n<\/div>\n<\/div>\n<\/div>\n<\/div>\n<h3 style=\"text-align: center;\"><span style=\"color: #339966;\">VENEZ VIVRE PLEINEMENT LES RYTHMES QUI SONT INSCRITS EN VOUS<\/span><\/h3>\n<p style=\"text-align: center;\"><span style=\"color: #339966;\">Si vous avez du mal \u00e0 exprimer <strong>vos \u00e9motions<\/strong> ou certaines de vos \u00e9motions,<\/span><\/p>\n<p style=\"text-align: center;\"><span style=\"color: #339966;\">Si <strong>votre voix<\/strong> parfois ne vous appartient pas vraiment,<\/span><\/p>\n<p style=\"text-align: center;\"><span style=\"color: #339966;\">Si vous ne savez pas comment transformer <strong>une \u00e9nergie<\/strong> qui vous plombe en une \u00e9nergie qui vous dynamise,<\/span><\/p>\n<p style=\"text-align: center;\"><span style=\"color: #339966;\">Si <strong>aller vers les autres<\/strong> est parfois compliqu\u00e9&#8230;<\/span><\/p>\n<p style=\"text-align: center;\"><span style=\"color: #339966;\"><strong>CES STAGES SONT FAITS POUR VOUS<\/strong>.<\/span><\/p>\n<p><a href=\"https:\/\/presencevocale.fr\/coachingvocal\/wp-content\/uploads\/2020\/06\/Bouche-ouverte4.jpg\"><img loading=\"lazy\" decoding=\"async\" class=\"wp-image-2244 alignright\" src=\"https:\/\/presencevocale.fr\/coachingvocal\/wp-content\/uploads\/2020\/06\/Bouche-ouverte4-273x300.jpg\" alt=\"\" width=\"154\" height=\"169\" srcset=\"https:\/\/presencevocale.fr\/coachingvocal\/wp-content\/uploads\/2020\/06\/Bouche-ouverte4-273x300.jpg 273w, https:\/\/presencevocale.fr\/coachingvocal\/wp-content\/uploads\/2020\/06\/Bouche-ouverte4.jpg 400w\" sizes=\"auto, (max-width: 154px) 100vw, 154px\" \/><\/a><\/p>\n<p>Les 5 stages peuvent se suivre dans la continuit\u00e9 ou s\u00e9par\u00e9ment. Chacun apporte une couleur diff\u00e9rente dans le kal\u00e9idoscope du d\u00e9ploiement de nos \u00e9nergies \u00e9motionnelles.<\/p>\n<p>Fran\u00e7oise HECQUARD, chanteuse, coach vocal<\/p>\n<p>Bertrand CHARRIER, musicien, praticien en technique de sant\u00e9 naturelle (<a href=\"http:\/\/www.lavoieducorps.com\/\">La Voie du corps<\/a>)<\/p>\n<p><a href=\"https:\/\/presencevocale.fr\/coachingvocal\/wp-content\/uploads\/2019\/09\/Arbre-multicolore-re\u0301duit.jpg\"><img loading=\"lazy\" decoding=\"async\" class=\"wp-image-2157 alignleft\" src=\"https:\/\/presencevocale.fr\/coachingvocal\/wp-content\/uploads\/2019\/09\/Arbre-multicolore-re\u0301duit-300x234.jpg\" alt=\"\" width=\"291\" height=\"227\" srcset=\"https:\/\/presencevocale.fr\/coachingvocal\/wp-content\/uploads\/2019\/09\/Arbre-multicolore-re\u0301duit-300x234.jpg 300w, https:\/\/presencevocale.fr\/coachingvocal\/wp-content\/uploads\/2019\/09\/Arbre-multicolore-re\u0301duit-768x598.jpg 768w, https:\/\/presencevocale.fr\/coachingvocal\/wp-content\/uploads\/2019\/09\/Arbre-multicolore-re\u0301duit-1024x797.jpg 1024w, https:\/\/presencevocale.fr\/coachingvocal\/wp-content\/uploads\/2019\/09\/Arbre-multicolore-re\u0301duit-600x467.jpg 600w\" sizes=\"auto, (max-width: 291px) 100vw, 291px\" \/><\/a><\/p>\n<p><strong><span style=\"color: #ff6600;\"><span style=\"color: #800000;\">WE Fin d&rsquo;\u00e9t\u00e9 <\/span><\/span><\/strong><span style=\"color: #ff6600;\"><span style=\"color: #000000;\">&#8211; descriptif du stage :<\/span><\/span><a href=\"https:\/\/presencevocale.fr\/coachingvocal\/2019\/11\/15\/chant-de-la-fin-dete-cycle-le-corps-sonore-les-samedi-19-et-dimanche-20-septembre-2020\/\" target=\"_blank\" rel=\"noopener\"><span style=\"color: #ff6600;\"><span style=\"color: #800000;\"> Chant de la fin d&rsquo;\u00e9t\u00e9<\/span><\/span><\/a><\/p>\n<p><span style=\"color: #333399;\"><strong>WE Automne<\/strong><\/span> &#8211; descriptif du stage :\u00a0<a href=\"https:\/\/presencevocale.fr\/coachingvocal\/2020\/05\/25\/chant-de-lautomne-cycle-le-corps-sonore-les-samedi-7-et-dimanche-8-novembre-2020\/\" target=\"_blank\" rel=\"noopener\"><span style=\"color: #333399;\">Chant de l&rsquo;automne<\/span><\/a><\/p>\n<p><span style=\"color: #0000ff;\"><strong>WE Hiver <\/strong><\/span>&#8211; descriptif du stage :<a href=\"https:\/\/presencevocale.fr\/coachingvocal\/2019\/09\/15\/chant-de-lhiver-cycle-le-corps-sonore-les-samedi-25-et-dimanche-26-janvier-2020\/\" target=\"_blank\" rel=\"noopener\"> <span style=\"color: #333399;\"><span style=\"color: #0000ff;\">C<\/span><\/span><span style=\"color: #333399;\"><span style=\"color: #0000ff;\">hant de l&rsquo;hiver<\/span><\/span><\/a><\/p>\n<p><span style=\"color: #339966;\"><strong>WE Printemps<\/strong> <\/span>&#8211; descriptif du stage :\u00a0<a href=\"https:\/\/presencevocale.fr\/coachingvocal\/2022\/02\/15\/chant-du-printemps-cycle-le-corps-sonore-les-samedi-7-et-dimanche-8-mai-2022\/\" target=\"_blank\" rel=\"noopener\"><span style=\"color: #339966;\">Chant du printemps<\/span><\/a><\/p>\n<p><strong><span style=\"color: #ff6600;\">WE Et\u00e9<\/span><\/strong> &#8211; descriptif du stage :<a href=\"https:\/\/presencevocale.fr\/coachingvocal\/2019\/11\/01\/chant-de-lete-cycle-le-corps-sonore-les-samedi-13-et-dimanche-14-juin-2020\/\" target=\"_blank\" rel=\"noopener\"><span style=\"color: #ff6600;\"> Chant de l&rsquo;\u00e9t\u00e9<\/span><\/a><\/p>\n<p>Prix du week-end 2022 : <strong>120 \u20ac<\/strong><br \/>\n<strong>40 \u20ac<\/strong> d&rsquo;acompte \u00e0 l&rsquo;inscription<br \/>\nTarif parrainage (si vous incitez une autre personne \u00e0 s&rsquo;inscrire) : <strong>100 \u20ac pour 1 inscription \/ 80 \u20ac pour 2 inscriptions \/ 50 \u20ac pour 3 inscriptions et plus<br \/>\n<\/strong><\/p>\n<p>Apporter un repas l\u00e9ger pour le d\u00e9jeuner du dimanche midi, une bouteille d&rsquo;eau, des v\u00eatements souples et de quoi vous couvrir pour les exercices de pleine conscience.<\/p>\n<p>Prix du cycle de 5 week-ends : <strong>500 \u20ac<\/strong><br \/>\n<strong>110 \u20ac<\/strong> d&rsquo;acompte \u00e0 l&rsquo;inscription<\/p>\n<table style=\"width: 67.9487%; border-collapse: collapse; border-style: hidden; height: 25px;\" border=\"1\">\n<tbody>\n<tr>\n<td style=\"width: 50%; border-style: hidden; text-align: center;\"><strong><span style=\"color: #993300;\"><a style=\"color: #993300;\" href=\"https:\/\/presencevocale.fr\/coachingvocal\/wp-content\/uploads\/2019\/09\/Flyer_Le_Corps_Sonore.pdf\">T\u00e9l\u00e9chargez le flyer du cycle<\/a><\/span><\/strong><\/td>\n<td style=\"width: 50%; text-align: center;\"><a href=\"https:\/\/presencevocale.fr\/coachingvocal\/wp-content\/uploads\/2020\/01\/Affiche_ge\u0301ne\u0301rique-2020.pdf\"><strong><span style=\"color: #008080;\">T\u00e9l\u00e9chargez l&rsquo;affiche du cycle<\/span><\/strong><\/a><\/td>\n<\/tr>\n<\/tbody>\n<\/table>\n<p>&nbsp;<\/p>\n<div class=\"frm_forms  with_frm_style frm_style_style-formidable\" id=\"frm_form_5_container\" >\n<form enctype=\"multipart\/form-data\" method=\"post\" class=\"frm-show-form \" id=\"form_formulaireinscription\" >\n<div class=\"frm_form_fields \">\n<fieldset>\n<legend class=\"frm_screen_reader\">Formulaire d'inscription<\/legend>\r\n<h3 class=\"frm_form_title\">Formulaire d'inscription<\/h3>\r\n<div class=\"frm_fields_container\">\n<input type=\"hidden\" name=\"frm_action\" value=\"create\" \/>\n<input type=\"hidden\" name=\"form_id\" value=\"5\" \/>\n<input type=\"hidden\" name=\"frm_hide_fields_5\" id=\"frm_hide_fields_5\" value=\"\" \/>\n<input type=\"hidden\" name=\"form_key\" value=\"formulaireinscription\" \/>\n<input type=\"hidden\" name=\"item_meta[0]\" value=\"\" \/>\n<input type=\"hidden\" id=\"frm_submit_entry_5\" name=\"frm_submit_entry_5\" value=\"f00aa45001\" \/><input type=\"hidden\" name=\"_wp_http_referer\" value=\"\/coachingvocal\/wp-json\/wp\/v2\/pages\/1729\" \/><div id=\"frm_field_25_container\" class=\"frm_form_field form-field  frm_required_field frm_top_container frm_full frm_first\">\r\n    <label for=\"field_9a0kg\" class=\"frm_primary_label\">Titre et dates du stage ou de l'atelier\r\n        <span class=\"frm_required\">*<\/span>\r\n    <\/label>\r\n    <input type=\"text\" id=\"field_9a0kg\" name=\"item_meta[25]\" value=\"\"  data-reqmsg=\"Ce champ ne peut pas \u00eatre vide\" aria-required=\"true\" data-invmsg=\"texte est non valide\" aria-invalid=\"false\"  \/>\r\n    \r\n    \r\n<\/div>\n<div id=\"frm_field_31_container\" class=\"frm_form_field form-field  frm_required_field frm_left_container frm_half\">\n    <label for=\"field_ljax5\" id=\"field_ljax5_label\" class=\"frm_primary_label\">NOM\n        <span class=\"frm_required\" aria-hidden=\"true\">*<\/span>\n    <\/label>\n    <input type=\"text\" id=\"field_ljax5\" name=\"item_meta[31]\" value=\"\"  data-reqmsg=\"Ce champ ne peut pas \u00eatre vide\" aria-required=\"true\" data-invmsg=\"texte est non valide\" aria-invalid=\"false\"  \/>\n    \n    \n<\/div>\n<div id=\"frm_field_32_container\" class=\"frm_form_field form-field  frm_required_field frm_top_container frm_half\">\n    <label for=\"field_7lzcj\" id=\"field_7lzcj_label\" class=\"frm_primary_label\">Pr\u00e9nom\n        <span class=\"frm_required\" aria-hidden=\"true\">*<\/span>\n    <\/label>\n    <input type=\"text\" id=\"field_7lzcj\" name=\"item_meta[32]\" value=\"\"  data-reqmsg=\"Ce champ ne peut pas \u00eatre vide\" aria-required=\"true\" data-invmsg=\"texte est non valide\" aria-invalid=\"false\"  \/>\n    \n    \n<\/div>\n<div id=\"frm_field_27_container\" class=\"frm_form_field form-field  frm_required_field frm_top_container frm_half\">\r\n    <label for=\"field_snpyk\" class=\"frm_primary_label\">Ville\r\n        <span class=\"frm_required\">*<\/span>\r\n    <\/label>\r\n    <input type=\"text\" id=\"field_snpyk\" name=\"item_meta[27]\" value=\"\"  data-reqmsg=\"Ce champ ne peut pas \u00eatre vide\" aria-required=\"true\" data-invmsg=\"texte est non valide\" aria-invalid=\"false\"  \/>\r\n    \r\n    \r\n<\/div>\n<div id=\"frm_field_22_container\" class=\"frm_form_field form-field  frm_required_field frm_top_container frm_third frm_first\">\r\n    <label for=\"field_29yf4d4\" class=\"frm_primary_label\">Email\r\n        <span class=\"frm_required\">*<\/span>\r\n    <\/label>\r\n    <input type=\"email\" id=\"field_29yf4d4\" name=\"item_meta[22]\" value=\"\"  data-reqmsg=\"Ce champ ne peut pas \u00eatre vide\" aria-required=\"true\" data-invmsg=\"Please enter a valid email address\" aria-invalid=\"false\"  \/>\r\n    \r\n    \r\n<\/div>\n<div id=\"frm_field_23_container\" class=\"frm_form_field form-field  frm_required_field frm_top_container frm_third\">\r\n    <label for=\"field_ew3yw2\" class=\"frm_primary_label\">T\u00e9l\u00e9phone\r\n        <span class=\"frm_required\">*<\/span>\r\n    <\/label>\r\n    <input type=\"text\" id=\"field_ew3yw2\" name=\"item_meta[23]\" value=\"\"  data-reqmsg=\"Ce champ ne peut pas \u00eatre vide\" aria-required=\"true\" data-invmsg=\"texte est non valide\" aria-invalid=\"false\"  \/>\r\n    \r\n    \r\n<\/div>\n<div id=\"frm_field_26_container\" class=\"frm_form_field form-field  frm_required_field frm_top_container frm_sixth\">\r\n    <label for=\"field_3gxic\" class=\"frm_primary_label\">Nombre d'inscriptions souhait\u00e9es\r\n        <span class=\"frm_required\">*<\/span>\r\n    <\/label>\r\n    \t\t<select name=\"item_meta[26]\" id=\"field_3gxic\"  data-reqmsg=\"Ce champ ne peut pas \u00eatre vide\" aria-required=\"true\" data-invmsg=\"Nombre d&#039;inscriptions souhait\u00e9es est non valide\" aria-invalid=\"false\"  >\n\t\t<option  value=\"\" selected='selected'> <\/option><option  value=\"1\">1<\/option><option  value=\"2\">2<\/option><option  value=\"3\">3<\/option><option  value=\"4\">4<\/option>\t<\/select>\n\t\r\n    \r\n    \r\n<\/div>\n<div id=\"frm_field_24_container\" class=\"frm_form_field form-field  frm_top_container frm_full\">\r\n    <label for=\"field_9jv0r14\" class=\"frm_primary_label\">Message\r\n        <span class=\"frm_required\"><\/span>\r\n    <\/label>\r\n    <textarea name=\"item_meta[24]\" id=\"field_9jv0r14\" rows=\"5\"  data-invmsg=\"Message est non valide\" aria-invalid=\"false\"  ><\/textarea>\r\n    \r\n    \r\n<\/div>\n<div id=\"frm_field_33_container\" class=\"frm_form_field form-field  frm_none_container\">\n    <label for=\"g-recaptcha-response\" id=\"field_96res_label\" class=\"frm_primary_label\">reCAPTCHA\n        <span class=\"frm_required\" aria-hidden=\"true\"><\/span>\n    <\/label>\n    <div  id=\"field_96res\" class=\"g-recaptcha\" data-sitekey=\"6Le8sOwfAAAAAPBhM6qA1mVoufp11tqXa-FTvHQL\" data-size=\"normal\" data-theme=\"light\"><\/div>\n    \n    \n<\/div>\n<div id=\"frm_field_36_container\" class=\"frm_form_field form-field \">\n\t<div class=\"frm_submit\">\r\n\r\n<button class=\"frm_button_submit\" type=\"submit\"  >Envoyer<\/button>\r\n\r\n<\/div>\n<\/div>\n\t<input type=\"hidden\" name=\"item_key\" value=\"\" \/>\n\t\t\t<div id=\"frm_field_37_container\">\n\t\t\t<label for=\"field_ivtvb\" >\n\t\t\t\tSi vous \u00eates un humain, ne remplissez pas ce champ.\t\t\t<\/label>\n\t\t\t<input  id=\"field_ivtvb\" type=\"text\" class=\"frm_form_field form-field frm_verify\" name=\"item_meta[37]\" value=\"\"  \/>\n\t\t<\/div>\n\t\t<input name=\"frm_state\" type=\"hidden\" value=\"z\/Xb1Usj4ySh+mfxkbvvD9IjC1Y9n5nZhGnx+2Rff2Y=\" \/><\/div>\n<\/fieldset>\n<\/div>\n\n<p style=\"display: none !important;\" class=\"akismet-fields-container\" data-prefix=\"ak_\"><label>&#916;<textarea name=\"ak_hp_textarea\" cols=\"45\" rows=\"8\" maxlength=\"100\"><\/textarea><\/label><input type=\"hidden\" id=\"ak_js_1\" name=\"ak_js\" value=\"87\"\/><script>document.getElementById( \"ak_js_1\" ).setAttribute( \"value\", ( new Date() ).getTime() );<\/script><\/p><\/form>\n<\/div>\n\n","protected":false},"excerpt":{"rendered":"<p>Cycle de 5 stages de week-end anim\u00e9s au fil des saisons, avec Bertrand CHARRIER. Ce cycle, que nous avons appel\u00e9 Le corps sonore : se lib\u00e9rer de l&#8217;emprise des \u00e9motions, bas\u00e9 sur l&rsquo;\u00e9nergie des saisons selon la symbolique chinoise, se consacre aux liens entre les organes du corps, la dynamique des \u00e9motions et les expressions [&hellip;]<\/p>\n","protected":false},"author":3,"featured_media":455,"parent":0,"menu_order":0,"comment_status":"closed","ping_status":"closed","template":"","meta":{"ocean_post_layout":"","ocean_both_sidebars_style":"","ocean_both_sidebars_content_width":0,"ocean_both_sidebars_sidebars_width":0,"ocean_sidebar":"0","ocean_second_sidebar":"0","ocean_disable_margins":"enable","ocean_add_body_class":"","ocean_shortcode_before_top_bar":"","ocean_shortcode_after_top_bar":"","ocean_shortcode_before_header":"","ocean_shortcode_after_header":"","ocean_has_shortcode":"","ocean_shortcode_after_title":"","ocean_shortcode_before_footer_widgets":"","ocean_shortcode_after_footer_widgets":"","ocean_shortcode_before_footer_bottom":"","ocean_shortcode_after_footer_bottom":"","ocean_display_top_bar":"default","ocean_display_header":"default","ocean_header_style":"","ocean_center_header_left_menu":"0","ocean_custom_header_template":"0","ocean_custom_logo":0,"ocean_custom_retina_logo":0,"ocean_custom_logo_max_width":0,"ocean_custom_logo_tablet_max_width":0,"ocean_custom_logo_mobile_max_width":0,"ocean_custom_logo_max_height":0,"ocean_custom_logo_tablet_max_height":0,"ocean_custom_logo_mobile_max_height":0,"ocean_header_custom_menu":"0","ocean_menu_typo_font_family":"0","ocean_menu_typo_font_subset":"","ocean_menu_typo_font_size":0,"ocean_menu_typo_font_size_tablet":0,"ocean_menu_typo_font_size_mobile":0,"ocean_menu_typo_font_size_unit":"px","ocean_menu_typo_font_weight":"","ocean_menu_typo_font_weight_tablet":"","ocean_menu_typo_font_weight_mobile":"","ocean_menu_typo_transform":"","ocean_menu_typo_transform_tablet":"","ocean_menu_typo_transform_mobile":"","ocean_menu_typo_line_height":0,"ocean_menu_typo_line_height_tablet":0,"ocean_menu_typo_line_height_mobile":0,"ocean_menu_typo_line_height_unit":"","ocean_menu_typo_spacing":0,"ocean_menu_typo_spacing_tablet":0,"ocean_menu_typo_spacing_mobile":0,"ocean_menu_typo_spacing_unit":"","ocean_menu_link_color":"","ocean_menu_link_color_hover":"","ocean_menu_link_color_active":"","ocean_menu_link_background":"","ocean_menu_link_hover_background":"","ocean_menu_link_active_background":"","ocean_menu_social_links_bg":"","ocean_menu_social_hover_links_bg":"","ocean_menu_social_links_color":"","ocean_menu_social_hover_links_color":"","ocean_disable_title":"default","ocean_disable_heading":"default","ocean_post_title":"","ocean_post_subheading":"","ocean_post_title_style":"","ocean_post_title_background_color":"","ocean_post_title_background":0,"ocean_post_title_bg_image_position":"","ocean_post_title_bg_image_attachment":"","ocean_post_title_bg_image_repeat":"","ocean_post_title_bg_image_size":"","ocean_post_title_height":0,"ocean_post_title_bg_overlay":0.5,"ocean_post_title_bg_overlay_color":"","ocean_disable_breadcrumbs":"default","ocean_breadcrumbs_color":"","ocean_breadcrumbs_separator_color":"","ocean_breadcrumbs_links_color":"","ocean_breadcrumbs_links_hover_color":"","ocean_display_footer_widgets":"default","ocean_display_footer_bottom":"default","ocean_custom_footer_template":"0","footnotes":""},"class_list":["post-1729","page","type-page","status-publish","has-post-thumbnail","hentry","entry","has-media"],"_links":{"self":[{"href":"https:\/\/presencevocale.fr\/coachingvocal\/wp-json\/wp\/v2\/pages\/1729","targetHints":{"allow":["GET"]}}],"collection":[{"href":"https:\/\/presencevocale.fr\/coachingvocal\/wp-json\/wp\/v2\/pages"}],"about":[{"href":"https:\/\/presencevocale.fr\/coachingvocal\/wp-json\/wp\/v2\/types\/page"}],"author":[{"embeddable":true,"href":"https:\/\/presencevocale.fr\/coachingvocal\/wp-json\/wp\/v2\/users\/3"}],"replies":[{"embeddable":true,"href":"https:\/\/presencevocale.fr\/coachingvocal\/wp-json\/wp\/v2\/comments?post=1729"}],"version-history":[{"count":38,"href":"https:\/\/presencevocale.fr\/coachingvocal\/wp-json\/wp\/v2\/pages\/1729\/revisions"}],"predecessor-version":[{"id":2477,"href":"https:\/\/presencevocale.fr\/coachingvocal\/wp-json\/wp\/v2\/pages\/1729\/revisions\/2477"}],"wp:featuredmedia":[{"embeddable":true,"href":"https:\/\/presencevocale.fr\/coachingvocal\/wp-json\/wp\/v2\/media\/455"}],"wp:attachment":[{"href":"https:\/\/presencevocale.fr\/coachingvocal\/wp-json\/wp\/v2\/media?parent=1729"}],"curies":[{"name":"wp","href":"https:\/\/api.w.org\/{rel}","templated":true}]}}