{"id":201,"date":"2015-08-05T20:12:14","date_gmt":"2015-08-05T18:12:14","guid":{"rendered":"http:\/\/presencevocale.fr\/coachingvocal\/?page_id=201"},"modified":"2016-03-01T01:07:50","modified_gmt":"2016-02-29T23:07:50","slug":"communiquer-de-tout-son-corps","status":"publish","type":"page","link":"https:\/\/presencevocale.fr\/coachingvocal\/communiquer-de-tout-son-corps\/","title":{"rendered":"Communiquer de tout son corps"},"content":{"rendered":"<h4><a href=\"http:\/\/presencevocale.fr\/coachingvocal\/wp-content\/uploads\/2015\/11\/logo-communiquer_final_grand2-re\u0301duit.jpg\"><img loading=\"lazy\" decoding=\"async\" class=\" wp-image-339 aligncenter\" src=\"http:\/\/presencevocale.fr\/coachingvocal\/wp-content\/uploads\/2015\/11\/logo-communiquer_final_grand2-re\u0301duit-300x293.jpg\" alt=\"\" width=\"215\" height=\"210\" srcset=\"https:\/\/presencevocale.fr\/coachingvocal\/wp-content\/uploads\/2015\/11\/logo-communiquer_final_grand2-re\u0301duit-300x293.jpg 300w, https:\/\/presencevocale.fr\/coachingvocal\/wp-content\/uploads\/2015\/11\/logo-communiquer_final_grand2-re\u0301duit.jpg 591w\" sizes=\"auto, (max-width: 215px) 100vw, 215px\" \/><\/a><\/h4>\n<h4><span style=\"color: #ff6600;\"><strong>Si votre corps pouvait parler, que vous dirait-il ?<br \/>\nLaissez-vous circuler l\u2019\u00e9nergie de votre voix ?<br \/>\nEtes-vous bienveillant avec les autres et avec vous-m\u00eame\u00a0?<\/strong><\/span><\/h4>\n<p>&nbsp;<\/p>\n<p style=\"padding-left: 30px;\"><strong>Communiquer de tout son corps<\/strong>,<br \/>\ntel est le fil conducteur du stage en week-end que nous vous proposons.<\/p>\n<p style=\"padding-left: 30px;\">Communiquer pleinement c\u2019est \u00ab \u00eatre avec \u00bb, \u00eatre en relation avec soi comme avec les autres, \u00eatre dans le m\u00eame temps pr\u00e9sent \u00e0 soi et au monde. Nos \u00e9motions, notre \u00e9nergie vitale, notre joie \u00e0 \u00eatre en lien trouvent leurs racines et leur rayonnement dans notre corps r\u00e9sonnant.<\/p>\n<p style=\"padding-left: 30px;\">Durant cette journ\u00e9e et demie, nous vous offrons d\u2019aller \u00e0 la d\u00e9couverte des possibilit\u00e9s de ressenti et d\u2019expression de votre corps, en vivant en conscience la rencontre avec vous-m\u00eame, avec les autres et avec un groupe, par la danse, la pr\u00e9sence, le son, l\u2019harmonisation des gestes, de la voix et de l\u2019\u00e9coute.<\/p>\n<p style=\"padding-left: 30px;\">Nous vous proposerons des mises en mouvement ludiques en musique, seuls, \u00e0 deux ou \u00e0 plusieurs ; des jeux vocaux ; des plong\u00e9es en vous-m\u00eame par la r\u00e9sonnance int\u00e9rieure ; des exp\u00e9riences de spatialisation et de synchronisation avec votre environnement ; des moments de communion sonore. Nous vous encouragerons \u00e0 vous \u00e9couter, \u00e0 \u00e9couter, \u00e0 vous faire \u00e9couter. Nous vous accompagnerons vers une communication \u00e0 la fois plus ancr\u00e9e et plus d\u00e9ploy\u00e9e.<\/p>\n<p style=\"padding-left: 30px;\">Nous conjuguerons nos trois savoir-faire pour animer \u00e0 tour de r\u00f4le des s\u00e9quences en grand groupe et en sous-groupes. Les exercices seront altern\u00e9s de temps d\u2019\u00e9change collectifs, afin de faire le point sur les ressentis et d\u00e9couvertes.<\/p>\n<p style=\"padding-left: 30px;\">Ce stage s&rsquo;adresse \u00e0 un public adulte et le nombre de participants est limit\u00e9 \u00e0 20.<\/p>\n<p style=\"padding-left: 30px;\">Du samedi 13h30 au dimanche 18h<\/p>\n<p style=\"text-align: center;\"><strong>Intervenants :<\/strong><\/p>\n<h5><a href=\"http:\/\/presencevocale.fr\/coachingvocal\/wp-content\/uploads\/2015\/08\/tryptique.png\"><img loading=\"lazy\" decoding=\"async\" class=\" size-medium wp-image-202 aligncenter\" src=\"http:\/\/presencevocale.fr\/coachingvocal\/wp-content\/uploads\/2015\/08\/tryptique-300x122.png\" alt=\"tryptique\" width=\"300\" height=\"122\" srcset=\"https:\/\/presencevocale.fr\/coachingvocal\/wp-content\/uploads\/2015\/08\/tryptique-300x122.png 300w, https:\/\/presencevocale.fr\/coachingvocal\/wp-content\/uploads\/2015\/08\/tryptique-1024x415.png 1024w, https:\/\/presencevocale.fr\/coachingvocal\/wp-content\/uploads\/2015\/08\/tryptique.png 1826w\" sizes=\"auto, (max-width: 300px) 100vw, 300px\" \/><\/a><strong>Nina Dupr\u00e9 <\/strong>Biodanza\u00ae<\/h5>\n<p style=\"padding-left: 30px;\">C&rsquo;est par l&rsquo;exp\u00e9rience v\u00e9cue que nous apprenons et que nous nous transformons. La Biodanza\u00ae nous propose un environnement bienveillant pour vivre des exp\u00e9riences \u00e0 la fois ludiques et sources d&rsquo;enseignements pour nous-m\u00eames. Elle combine le mouvement en musique, qui nous ancre dans notre corps et dans notre ressenti, \u00e0 la richesse des interactions en groupe.<\/p>\n<p style=\"padding-left: 30px;\">Sur des musiques vari\u00e9es (pop, latino, world music), nous explorerons notre rapport \u00e0 nous-m\u00eame et aux autres de fa\u00e7on non-verbale, \u00e0 travers des mouvements simples et accessibles \u00e0 tous, que chacun pourra r\u00e9aliser \u00e0 sa fa\u00e7on. L&rsquo;exp\u00e9rimentation sera centr\u00e9e sur le plaisir d&rsquo;\u00eatre ensemble, dans le respect de soi-m\u00eame et des autres.<\/p>\n<p style=\"padding-left: 30px;\"><strong><a href=\"http:\/\/www.corpsenjoie.com\">www.corpsenjoie.com<\/a><\/strong><\/p>\n<h5><strong>Patrick Farr\u00e9<\/strong> Programmation neuro-linguistique (PNL)<\/h5>\n<p style=\"padding-left: 30px;\">Consultant, coach et formateur, je suis passionn\u00e9 par la PNL (Programmation Neuro Linguistique) qui est une approche essentiellement pragmatique et qui vous donne des moyens concrets pour communiquer efficacement.<\/p>\n<p style=\"padding-left: 30px;\">Gr\u00e2ce \u00e0 la pratique de la PNL (Programmation Neuro Linguistique), vous apprenez \u00e0 d\u00e9velopper votre attention, votre empathie, votre \u00e9coute et vos ressources personnelles. Et vous prenez le temps \u00ab d\u2019entrer en communication \u00bb avec vous-m\u00eame comme avec les autres.<\/p>\n<p style=\"padding-left: 30px;\"><span style=\"text-decoration: underline;\"><span style=\"color: #0000ff;\"><strong>www.farre-coachingdevie.com<\/strong><\/span><\/span><\/p>\n<h5><strong>Fran\u00e7oise Hecquard<\/strong> Expression vocale<\/h5>\n<p style=\"padding-left: 30px;\">La voix est un des supports essentiels de la personnalit\u00e9. S&rsquo;approprier sa propre voix, \u00e9couter les autres, \u00eatre \u00e9cout\u00e9 quand on chuchote, parle, crie ou chante\u2026 c&rsquo;est la base de toute relation \u00e0 soi et au monde. Mieux la conna\u00eetre c\u2019est mieux se conna\u00eetre, \u00eatre plus vivant et plus confiant. Faire que sa voix soit source de plaisir plut\u00f4t que de difficult\u00e9s. Se l\u2019approprier plut\u00f4t que la subir sans savoir comment faire \u00e9voluer les choses. La reconna\u00eetre comme caract\u00e9ristique de son rapport au monde.<\/p>\n<p style=\"padding-left: 30px;\">Je vous propose une exploration ludique, appuy\u00e9e sur la pleine conscience des ressentis et des capacit\u00e9s sonores de votre corps. Il s\u2019agira de d\u00e9couvrir les piliers corporels de la voix (ancrage du corps, respiration, r\u00e9sonateurs) et de commencer \u00e0 jouer avec les sons (rythme, tonalit\u00e9, hauteur), seul et \u00e0 plusieurs. Il s\u2019agira aussi de comprendre comment \u00eatre plus pr\u00e9sent et se faire ainsi mieux entendre quand on le veut vraiment.<\/p>\n<p>&nbsp;<\/p>\n","protected":false},"excerpt":{"rendered":"<p>Si votre corps pouvait parler, que vous dirait-il ? Laissez-vous circuler l\u2019\u00e9nergie de votre voix ? Etes-vous bienveillant avec les autres et avec vous-m\u00eame\u00a0? &nbsp; Communiquer de tout son corps, tel est le fil conducteur du stage en week-end que nous vous proposons. Communiquer pleinement c\u2019est \u00ab \u00eatre avec \u00bb, \u00eatre en relation avec soi [&hellip;]<\/p>\n","protected":false},"author":3,"featured_media":0,"parent":0,"menu_order":0,"comment_status":"open","ping_status":"open","template":"","meta":{"ocean_post_layout":"","ocean_both_sidebars_style":"","ocean_both_sidebars_content_width":0,"ocean_both_sidebars_sidebars_width":0,"ocean_sidebar":"","ocean_second_sidebar":"","ocean_disable_margins":"enable","ocean_add_body_class":"","ocean_shortcode_before_top_bar":"","ocean_shortcode_after_top_bar":"","ocean_shortcode_before_header":"","ocean_shortcode_after_header":"","ocean_has_shortcode":"","ocean_shortcode_after_title":"","ocean_shortcode_before_footer_widgets":"","ocean_shortcode_after_footer_widgets":"","ocean_shortcode_before_footer_bottom":"","ocean_shortcode_after_footer_bottom":"","ocean_display_top_bar":"default","ocean_display_header":"default","ocean_header_style":"","ocean_center_header_left_menu":"","ocean_custom_header_template":"","ocean_custom_logo":0,"ocean_custom_retina_logo":0,"ocean_custom_logo_max_width":0,"ocean_custom_logo_tablet_max_width":0,"ocean_custom_logo_mobile_max_width":0,"ocean_custom_logo_max_height":0,"ocean_custom_logo_tablet_max_height":0,"ocean_custom_logo_mobile_max_height":0,"ocean_header_custom_menu":"","ocean_menu_typo_font_family":"","ocean_menu_typo_font_subset":"","ocean_menu_typo_font_size":0,"ocean_menu_typo_font_size_tablet":0,"ocean_menu_typo_font_size_mobile":0,"ocean_menu_typo_font_size_unit":"px","ocean_menu_typo_font_weight":"","ocean_menu_typo_font_weight_tablet":"","ocean_menu_typo_font_weight_mobile":"","ocean_menu_typo_transform":"","ocean_menu_typo_transform_tablet":"","ocean_menu_typo_transform_mobile":"","ocean_menu_typo_line_height":0,"ocean_menu_typo_line_height_tablet":0,"ocean_menu_typo_line_height_mobile":0,"ocean_menu_typo_line_height_unit":"","ocean_menu_typo_spacing":0,"ocean_menu_typo_spacing_tablet":0,"ocean_menu_typo_spacing_mobile":0,"ocean_menu_typo_spacing_unit":"","ocean_menu_link_color":"","ocean_menu_link_color_hover":"","ocean_menu_link_color_active":"","ocean_menu_link_background":"","ocean_menu_link_hover_background":"","ocean_menu_link_active_background":"","ocean_menu_social_links_bg":"","ocean_menu_social_hover_links_bg":"","ocean_menu_social_links_color":"","ocean_menu_social_hover_links_color":"","ocean_disable_title":"default","ocean_disable_heading":"default","ocean_post_title":"","ocean_post_subheading":"","ocean_post_title_style":"","ocean_post_title_background_color":"","ocean_post_title_background":0,"ocean_post_title_bg_image_position":"","ocean_post_title_bg_image_attachment":"","ocean_post_title_bg_image_repeat":"","ocean_post_title_bg_image_size":"","ocean_post_title_height":0,"ocean_post_title_bg_overlay":0.5,"ocean_post_title_bg_overlay_color":"","ocean_disable_breadcrumbs":"default","ocean_breadcrumbs_color":"","ocean_breadcrumbs_separator_color":"","ocean_breadcrumbs_links_color":"","ocean_breadcrumbs_links_hover_color":"","ocean_display_footer_widgets":"default","ocean_display_footer_bottom":"default","ocean_custom_footer_template":"","footnotes":""},"class_list":["post-201","page","type-page","status-publish","hentry","entry"],"_links":{"self":[{"href":"https:\/\/presencevocale.fr\/coachingvocal\/wp-json\/wp\/v2\/pages\/201","targetHints":{"allow":["GET"]}}],"collection":[{"href":"https:\/\/presencevocale.fr\/coachingvocal\/wp-json\/wp\/v2\/pages"}],"about":[{"href":"https:\/\/presencevocale.fr\/coachingvocal\/wp-json\/wp\/v2\/types\/page"}],"author":[{"embeddable":true,"href":"https:\/\/presencevocale.fr\/coachingvocal\/wp-json\/wp\/v2\/users\/3"}],"replies":[{"embeddable":true,"href":"https:\/\/presencevocale.fr\/coachingvocal\/wp-json\/wp\/v2\/comments?post=201"}],"version-history":[{"count":6,"href":"https:\/\/presencevocale.fr\/coachingvocal\/wp-json\/wp\/v2\/pages\/201\/revisions"}],"predecessor-version":[{"id":451,"href":"https:\/\/presencevocale.fr\/coachingvocal\/wp-json\/wp\/v2\/pages\/201\/revisions\/451"}],"wp:attachment":[{"href":"https:\/\/presencevocale.fr\/coachingvocal\/wp-json\/wp\/v2\/media?parent=201"}],"curies":[{"name":"wp","href":"https:\/\/api.w.org\/{rel}","templated":true}]}}