{"id":2279,"date":"2020-09-05T19:03:49","date_gmt":"2020-09-05T17:03:49","guid":{"rendered":"https:\/\/presencevocale.fr\/coachingvocal\/?page_id=2279"},"modified":"2021-05-19T00:44:42","modified_gmt":"2021-05-18T22:44:42","slug":"atelier-le-corps-sonore-se-liberer-de-lemprise-des-emotions-le-samedi-21-novembre-de-14h-a-17h","status":"publish","type":"page","link":"https:\/\/presencevocale.fr\/coachingvocal\/atelier-le-corps-sonore-se-liberer-de-lemprise-des-emotions-le-samedi-21-novembre-de-14h-a-17h\/","title":{"rendered":"Le Corps sonore : se lib\u00e9rer de l&#8217;emprise des \u00e9motions &#8211; L&rsquo;Atelier"},"content":{"rendered":"<p>&nbsp;<\/p>\n<h4><span style=\"color: #003366;\"><a href=\"https:\/\/presencevocale.fr\/coachingvocal\/wp-content\/uploads\/2019\/09\/Image-de\u0301toure\u0301e-AdobeStock_98711433.png\"><img loading=\"lazy\" decoding=\"async\" class=\" wp-image-2136 alignright\" src=\"https:\/\/presencevocale.fr\/coachingvocal\/wp-content\/uploads\/2019\/09\/Image-de\u0301toure\u0301e-AdobeStock_98711433-179x300.png\" alt=\"\" width=\"264\" height=\"442\" srcset=\"https:\/\/presencevocale.fr\/coachingvocal\/wp-content\/uploads\/2019\/09\/Image-de\u0301toure\u0301e-AdobeStock_98711433-179x300.png 179w, https:\/\/presencevocale.fr\/coachingvocal\/wp-content\/uploads\/2019\/09\/Image-de\u0301toure\u0301e-AdobeStock_98711433-768x1285.png 768w, https:\/\/presencevocale.fr\/coachingvocal\/wp-content\/uploads\/2019\/09\/Image-de\u0301toure\u0301e-AdobeStock_98711433-612x1024.png 612w, https:\/\/presencevocale.fr\/coachingvocal\/wp-content\/uploads\/2019\/09\/Image-de\u0301toure\u0301e-AdobeStock_98711433-600x1004.png 600w\" sizes=\"auto, (max-width: 264px) 100vw, 264px\" \/><\/a>Un atelier de 3 heures, dans l&rsquo;esprit du cycle saisonnier <a style=\"color: #003366;\" href=\"https:\/\/presencevocale.fr\/coachingvocal\/le-corps-sonore-se-liberer-de-lemprise-des-emotions\/\"><em>Le corps sonore : se lib\u00e9rer de l\u2019emprise des \u00e9motions, <span style=\"color: #003366;\">c<\/span><\/em><\/a>o-anim\u00e9 avec <a style=\"color: #003366;\" href=\"http:\/\/www.lavoieducorps.com\/\" target=\"_blank\" rel=\"noopener noreferrer\">Bertrand Charrier<\/a><\/span><\/h4>\n<h5><span style=\"color: #000000;\">Si vous avez du mal \u00e0 exprimer vos \u00e9motions ou certaines de vos \u00e9motions,<\/span><\/h5>\n<h5><span style=\"color: #000000;\">S\u2019il vous semble parfois que votre voix ne vous appartient pas vraiment,<\/span><\/h5>\n<h5><span style=\"color: #000000;\">Si vous ne savez pas comment transformer une \u00e9nergie qui vous plombe en une \u00e9nergie qui vous dynamise,<\/span><\/h5>\n<h5><span style=\"color: #000000;\">Si aller vers les autres est parfois compliqu\u00e9, en particulier quand vous \u00e9prouvez des \u00e9motions difficiles ou du stress\u2026<\/span><\/h5>\n<h4><\/h4>\n<h3 style=\"text-align: left;\"><span style=\"color: #ff6600;\">Venez vivre l&rsquo;exp\u00e9rience !<\/span><\/h3>\n<p style=\"text-align: left;\"><span style=\"color: #ff6600;\">Transformer une \u00e9nergie n\u00e9gative en \u00e9nergie positive<\/span><\/p>\n<p style=\"text-align: left;\"><span style=\"color: #ff6600;\">Apprendre \u00e0 aller vers les autres<\/span><\/p>\n<p style=\"text-align: left;\"><span style=\"color: #ff6600;\">Exprimer ses \u00e9motions<\/span><\/p>\n<p style=\"text-align: left;\"><span style=\"color: #ff6600;\">S&rsquo;approprier sa voix<\/span><\/p>\n<h5 style=\"text-align: left;\"><span style=\"color: #333399;\">Techniques utilis\u00e9es :<\/span><\/h5>\n<p>Exercices d&rsquo;\u00e9chauffement de la voix &#8211; Exercices corporels &#8211; Improvisations vocales collectives &#8211; Mises en mouvement &#8211; Massages<\/p>\n","protected":false},"excerpt":{"rendered":"<p>&nbsp; Un atelier de 3 heures, dans l&rsquo;esprit du cycle saisonnier Le corps sonore : se lib\u00e9rer de l\u2019emprise des \u00e9motions, co-anim\u00e9 avec Bertrand Charrier Si vous avez du mal \u00e0 exprimer vos \u00e9motions ou certaines de vos \u00e9motions, S\u2019il vous semble parfois que votre voix ne vous appartient pas vraiment, Si vous ne savez [&hellip;]<\/p>\n","protected":false},"author":3,"featured_media":0,"parent":0,"menu_order":0,"comment_status":"closed","ping_status":"closed","template":"","meta":{"ocean_post_layout":"","ocean_both_sidebars_style":"","ocean_both_sidebars_content_width":0,"ocean_both_sidebars_sidebars_width":0,"ocean_sidebar":"0","ocean_second_sidebar":"0","ocean_disable_margins":"enable","ocean_add_body_class":"","ocean_shortcode_before_top_bar":"","ocean_shortcode_after_top_bar":"","ocean_shortcode_before_header":"","ocean_shortcode_after_header":"","ocean_has_shortcode":"","ocean_shortcode_after_title":"","ocean_shortcode_before_footer_widgets":"","ocean_shortcode_after_footer_widgets":"","ocean_shortcode_before_footer_bottom":"","ocean_shortcode_after_footer_bottom":"","ocean_display_top_bar":"default","ocean_display_header":"default","ocean_header_style":"","ocean_center_header_left_menu":"0","ocean_custom_header_template":"0","ocean_custom_logo":0,"ocean_custom_retina_logo":0,"ocean_custom_logo_max_width":0,"ocean_custom_logo_tablet_max_width":0,"ocean_custom_logo_mobile_max_width":0,"ocean_custom_logo_max_height":0,"ocean_custom_logo_tablet_max_height":0,"ocean_custom_logo_mobile_max_height":0,"ocean_header_custom_menu":"0","ocean_menu_typo_font_family":"0","ocean_menu_typo_font_subset":"","ocean_menu_typo_font_size":0,"ocean_menu_typo_font_size_tablet":0,"ocean_menu_typo_font_size_mobile":0,"ocean_menu_typo_font_size_unit":"px","ocean_menu_typo_font_weight":"","ocean_menu_typo_font_weight_tablet":"","ocean_menu_typo_font_weight_mobile":"","ocean_menu_typo_transform":"","ocean_menu_typo_transform_tablet":"","ocean_menu_typo_transform_mobile":"","ocean_menu_typo_line_height":0,"ocean_menu_typo_line_height_tablet":0,"ocean_menu_typo_line_height_mobile":0,"ocean_menu_typo_line_height_unit":"","ocean_menu_typo_spacing":0,"ocean_menu_typo_spacing_tablet":0,"ocean_menu_typo_spacing_mobile":0,"ocean_menu_typo_spacing_unit":"","ocean_menu_link_color":"","ocean_menu_link_color_hover":"","ocean_menu_link_color_active":"","ocean_menu_link_background":"","ocean_menu_link_hover_background":"","ocean_menu_link_active_background":"","ocean_menu_social_links_bg":"","ocean_menu_social_hover_links_bg":"","ocean_menu_social_links_color":"","ocean_menu_social_hover_links_color":"","ocean_disable_title":"default","ocean_disable_heading":"default","ocean_post_title":"","ocean_post_subheading":"","ocean_post_title_style":"","ocean_post_title_background_color":"","ocean_post_title_background":0,"ocean_post_title_bg_image_position":"","ocean_post_title_bg_image_attachment":"","ocean_post_title_bg_image_repeat":"","ocean_post_title_bg_image_size":"","ocean_post_title_height":0,"ocean_post_title_bg_overlay":0.5,"ocean_post_title_bg_overlay_color":"","ocean_disable_breadcrumbs":"default","ocean_breadcrumbs_color":"","ocean_breadcrumbs_separator_color":"","ocean_breadcrumbs_links_color":"","ocean_breadcrumbs_links_hover_color":"","ocean_display_footer_widgets":"default","ocean_display_footer_bottom":"default","ocean_custom_footer_template":"0","footnotes":""},"class_list":["post-2279","page","type-page","status-publish","hentry","entry"],"_links":{"self":[{"href":"https:\/\/presencevocale.fr\/coachingvocal\/wp-json\/wp\/v2\/pages\/2279","targetHints":{"allow":["GET"]}}],"collection":[{"href":"https:\/\/presencevocale.fr\/coachingvocal\/wp-json\/wp\/v2\/pages"}],"about":[{"href":"https:\/\/presencevocale.fr\/coachingvocal\/wp-json\/wp\/v2\/types\/page"}],"author":[{"embeddable":true,"href":"https:\/\/presencevocale.fr\/coachingvocal\/wp-json\/wp\/v2\/users\/3"}],"replies":[{"embeddable":true,"href":"https:\/\/presencevocale.fr\/coachingvocal\/wp-json\/wp\/v2\/comments?post=2279"}],"version-history":[{"count":12,"href":"https:\/\/presencevocale.fr\/coachingvocal\/wp-json\/wp\/v2\/pages\/2279\/revisions"}],"predecessor-version":[{"id":2339,"href":"https:\/\/presencevocale.fr\/coachingvocal\/wp-json\/wp\/v2\/pages\/2279\/revisions\/2339"}],"wp:attachment":[{"href":"https:\/\/presencevocale.fr\/coachingvocal\/wp-json\/wp\/v2\/media?parent=2279"}],"curies":[{"name":"wp","href":"https:\/\/api.w.org\/{rel}","templated":true}]}}