{"id":2345,"date":"2021-06-13T20:40:26","date_gmt":"2021-06-13T18:40:26","guid":{"rendered":"https:\/\/presencevocale.fr\/coachingvocal\/?page_id=2345"},"modified":"2025-11-13T11:50:51","modified_gmt":"2025-11-13T09:50:51","slug":"yoga-du-son","status":"publish","type":"page","link":"https:\/\/presencevocale.fr\/coachingvocal\/yoga-du-son\/","title":{"rendered":"Yoga du son"},"content":{"rendered":"<h4><a href=\"https:\/\/presencevocale.fr\/coachingvocal\/wp-content\/uploads\/2025\/06\/Yoga-du-son-Arbre-humain-bleu.-Detoure-scaled.png\"><img loading=\"lazy\" decoding=\"async\" class=\"wp-image-2937 size-medium alignleft\" src=\"https:\/\/presencevocale.fr\/coachingvocal\/wp-content\/uploads\/2025\/06\/Yoga-du-son-Arbre-humain-bleu.-Detoure-202x300.png\" alt=\"\" width=\"202\" height=\"300\" srcset=\"https:\/\/presencevocale.fr\/coachingvocal\/wp-content\/uploads\/2025\/06\/Yoga-du-son-Arbre-humain-bleu.-Detoure-202x300.png 202w, https:\/\/presencevocale.fr\/coachingvocal\/wp-content\/uploads\/2025\/06\/Yoga-du-son-Arbre-humain-bleu.-Detoure-689x1024.png 689w, https:\/\/presencevocale.fr\/coachingvocal\/wp-content\/uploads\/2025\/06\/Yoga-du-son-Arbre-humain-bleu.-Detoure-768x1141.png 768w, https:\/\/presencevocale.fr\/coachingvocal\/wp-content\/uploads\/2025\/06\/Yoga-du-son-Arbre-humain-bleu.-Detoure-1034x1536.png 1034w, https:\/\/presencevocale.fr\/coachingvocal\/wp-content\/uploads\/2025\/06\/Yoga-du-son-Arbre-humain-bleu.-Detoure-1378x2048.png 1378w, https:\/\/presencevocale.fr\/coachingvocal\/wp-content\/uploads\/2025\/06\/Yoga-du-son-Arbre-humain-bleu.-Detoure-scaled.png 1723w\" sizes=\"auto, (max-width: 202px) 100vw, 202px\" \/><\/a><\/h4>\n<h4 id=\"viewer-foo\" class=\"mm8Nw _1j-51 roLFQS _1FoOD _3M0Fe Z63qyL roLFQS public-DraftStyleDefault-block-depth0 fixed-tab-size public-DraftStyleDefault-text-ltr\"><span class=\"_2PHJq public-DraftStyleDefault-ltr\" style=\"color: #333399;\">\u00ab <em>Faites vivre les sons et les sons vous feront vivre !<\/em> \u00bb Nicole Bartolucci<\/span><\/h4>\n<p id=\"viewer-4798f\" class=\"mm8Nw _1j-51 roLFQS _1FoOD _3M0Fe Z63qyL roLFQS public-DraftStyleDefault-block-depth0 fixed-tab-size public-DraftStyleDefault-text-ltr\"><span class=\"_2PHJq public-DraftStyleDefault-ltr\" style=\"color: #333399;\">\u00ab\u00a0<em>La voix est le meilleur instrument th\u00e9rapeutique, c\u2019est l\u2019ultime rem\u00e8de disponible \u00e0 chaque instant. Lorsque nous chantons, nous stimulons notre organisme depuis l&rsquo;int\u00e9rieur par la vibration du larynx et nous ne d\u00e9pendons d\u2019aucune source ni d&rsquo;aucun rem\u00e8de ext\u00e9rieur. La voix est l\u2019instrument d\u2019auto-gu\u00e9rison par excellence<\/em>\u00ab\u00a0. Fran\u00e7ois-Marie Dru, musicoth\u00e9rapeute<\/span><\/p>\n<h4><span style=\"color: #993366;\">Origines et philosophie<\/span><\/h4>\n<p><span style=\"color: #333399;\">Le yoga du son, ou Nada Yoga, est une discipline m\u00e9ditative qui plonge dans le monde des vibrations sonores pour promouvoir le bien-\u00eatre physique et mental. Cette pratique repose sur une croyance fondamentale : le son est une force universelle capable d\u2019influencer notre \u00e9tat int\u00e9rieur et de favoriser une harmonie profonde.<\/span><\/p>\n<p>C&rsquo;est une pratique tr\u00e8s ancienne et sacr\u00e9e, bas\u00e9e sur la circulation de l&rsquo;\u00e9nergie dans le corps et l&rsquo;ancrage entre la terre et le ciel, via la vibration sonore. Il s&rsquo;agit d&rsquo;activer le syst\u00e8me vibratoire par le chant en continu de sons (appel\u00e9s \u00ab\u00a0sons-m\u00e8re\u00a0\u00bb), principalement des voyelles ou combinaison de voyelles et des mantras. C&rsquo;est une pratique \u00e9nerg\u00e9tique, donc, d&rsquo;affirmation de soi et d&rsquo;auto-gu\u00e9rison. C&rsquo;est aussi une pratique spirituelle, m\u00eame si en ce qui me concerne j&rsquo;insiste peu sur cet aspect.<\/p>\n<p>Le son charg\u00e9 d\u2019\u00e9nergie cr\u00e9e une vibration qui r\u00e9sonne dans tout le corps et va avoir des effets b\u00e9n\u00e9fiques sur les trois dimensions de l&rsquo;\u00eatre humain : le corporel, l&rsquo;\u00e9motionnel et le mental. <span class=\"_2PHJq public-DraftStyleDefault-ltr\">Pour le musicoth\u00e9rapeute Philippe Barraqu\u00e9, le chant \u00ab favorise une bonne hygi\u00e8ne de vie. Il maintient la tonicit\u00e9 des muscles cardiaques et am\u00e9liore les capacit\u00e9s respiratoires par la respiration diaphragmatique. \u00bb Nous savons que les vibrations du chant favorisent la production d\u2019endorphines. Elles stimulent \u00e9galement les d\u00e9fenses immunitaires. De nombreux neuroscientifiques ont mis en \u00e9vidence l\u2019impact des vibrations sonores sur les circuits neuronaux.<\/span><\/p>\n<ul>\n<li><strong><span style=\"color: #333399;\">Le son et sa vibration am\u00e9liorent la circulation de l\u2019\u00e9nergie vitale,<\/span><\/strong><\/li>\n<li><strong><span style=\"color: #333399;\">Le son et sa vibration nous relient \u00e0 nous-m\u00eames mais aussi aux autres,<\/span><\/strong><\/li>\n<li><strong><span style=\"color: #333399;\">Le son et sa vibration facilitent le l\u00e2cher-prise et en \u00e9vacuant le stress, ils permettent de r\u00e9guler les \u00e9motions,<a style=\"color: #333399;\" href=\"https:\/\/presencevocale.fr\/coachingvocal\/wp-content\/uploads\/2025\/06\/Traversee-du-son-Detouree.png\"><img loading=\"lazy\" decoding=\"async\" class=\"wp-image-2940  alignright\" src=\"https:\/\/presencevocale.fr\/coachingvocal\/wp-content\/uploads\/2025\/06\/Traversee-du-son-Detouree-106x300.png\" alt=\"\" width=\"181\" height=\"512\" srcset=\"https:\/\/presencevocale.fr\/coachingvocal\/wp-content\/uploads\/2025\/06\/Traversee-du-son-Detouree-106x300.png 106w, https:\/\/presencevocale.fr\/coachingvocal\/wp-content\/uploads\/2025\/06\/Traversee-du-son-Detouree-362x1024.png 362w, https:\/\/presencevocale.fr\/coachingvocal\/wp-content\/uploads\/2025\/06\/Traversee-du-son-Detouree-543x1536.png 543w, https:\/\/presencevocale.fr\/coachingvocal\/wp-content\/uploads\/2025\/06\/Traversee-du-son-Detouree.png 565w\" sizes=\"auto, (max-width: 181px) 100vw, 181px\" \/><\/a><\/span><\/strong><\/li>\n<li><strong><span style=\"color: #333399;\">Le son et sa vibration apaisent l&rsquo;agitation du mental et aident \u00e0 la concentration.<\/span><\/strong><\/li>\n<\/ul>\n<h4><span style=\"color: #993366;\">Finalit\u00e9s de la pratique<\/span><\/h4>\n<p>D\u00e9finition selon la F\u00e9d\u00e9ration Nationale de Yoga du Son : <em>Le yoga du son est l\u2019ensemble des techniques vocales et sonores conduisant \u00e0 l\u2019unit\u00e9 et \u00e0 la connaissance de soi. V\u00e9ritable art de la voix et du chant sacr\u00e9, son but est spirituel et th\u00e9rapeutique. Il am\u00e8ne le pratiquant au bien-\u00eatre du corps et de l\u2019esprit dans un processus d\u2019\u00e9largissement de la conscience. Par son approche universelle et non dogmatique, cette exp\u00e9rience des chants sacr\u00e9s de toutes les traditions spirituelles favorise l\u2019ouverture culturelle, la compr\u00e9hension et l\u2019harmonie entre les hommes et la soci\u00e9t\u00e9.<\/em><\/p>\n<p>Cette pratique des sons repose donc sur un travail de lib\u00e9ration de la voix, qui va stimuler notre \u00e9nergie, renforcer notre identit\u00e9 et lib\u00e9rer notre potentiel cr\u00e9atif. Elle nous convie \u00e0 explorer nos r\u00e9sonances, nos rythmes internes et nos souffles<span style=\"color: #330000; font-family: Times New Roman; font-size: large;\">.<\/span><\/p>\n<p><span style=\"color: #333399;\"><strong>Au c\u0153ur du yoga du son se trouve le pouvoir des voyelles, une pratique profond\u00e9ment enracin\u00e9e dans la tradition du Nada Yoga.<\/strong> <\/span>Chacune des voyelles poss\u00e8de une r\u00e9sonance sp\u00e9cifique qui peut \u00eatre utilis\u00e9e pour cr\u00e9er une harmonie int\u00e9rieure, \u00e9quilibrer les chakras, et stimuler l\u2019\u00e9nergie vitale qui circule en nous. Lors d\u2019une s\u00e9ance de yoga du son, vous serez invit\u00e9 \u00e0 prononcer les voyelles de mani\u00e8re prolong\u00e9e, en ressentant leur vibration \u00e0 travers tout votre \u00eatre.<\/p>\n<p>Cette approche s\u2019adresse \u00e0 tous ceux qui veulent s\u2019enrichir de la dimension psycho-\u00e9nerg\u00e9tique des sons, du ressenti de la vibration dans le corps et des appuis reli\u00e9s au hara et \u00e0 la Terre. C&rsquo;est aussi une pratique d&rsquo;hygi\u00e8ne mental, \u00e9motionnel et corporel, qu&rsquo;il est utile de r\u00e9p\u00e9ter r\u00e9guli\u00e8rement.<\/p>\n<h4><span style=\"color: #993366;\">Ma d\u00e9marche<\/span><\/h4>\n<p><span style=\"color: #333399;\"><strong>Je pratique et fais pratiquer le Yoga du son des saisons chinoises, c&rsquo;est \u00e0 dire en lien avec l&rsquo;\u00e9nergie (et le soin) des organes et des \u00e9motions.<\/strong><\/span><\/p>\n<p>A chaque atelier, je propose un certain nombre d&rsquo;exercices d&rsquo;\u00e9chauffement et de respiration cibl\u00e9s, altern\u00e9s avec des s\u00e9quences de r\u00e9sonance vocale d\u00e9di\u00e9es \u00e0 la saison. Nous les pratiquons en groupe (pas d&rsquo;exercice individuel) et profitons ainsi des harmoniques de tous et du support collectif pour laisser s&rsquo;amplifier nos voix dans la chapelle du Foyer des marins qui dispose d&rsquo;une tr\u00e8s bonne acoustique. C&rsquo;est tr\u00e8s r\u00e9g\u00e9n\u00e9rant. Il faut essayer pour se rendre compte.<\/p>\n<p><span style=\"color: #333399;\"><strong>Aucun pr\u00e9-requis en technique vocale n&rsquo;est n\u00e9cessaire.<\/strong><\/span><\/p>\n<p><strong>Les ateliers durent 1 h 30 et ont lieu deux fois par mois, le 1er mercredi et le 3e lundi en fin de journ\u00e9e.<\/strong><\/p>\n<h4><span style=\"color: #000080;\">Calendrier et inscriptions sur <span style=\"color: #993300;\"><a style=\"color: #993300;\" href=\"https:\/\/presencevocale.fr\/coachingvocal\/2025\/06\/15\/ateliers-yoga-du-son-2e-semestre-2025\/\" target=\"_blank\" rel=\"noopener\">cette page<\/a>.<\/span><\/span><\/h4>\n","protected":false},"excerpt":{"rendered":"<p>\u00ab Faites vivre les sons et les sons vous feront vivre ! \u00bb Nicole Bartolucci \u00ab\u00a0La voix est le meilleur instrument th\u00e9rapeutique, c\u2019est l\u2019ultime rem\u00e8de disponible \u00e0 chaque instant. Lorsque nous chantons, nous stimulons notre organisme depuis l&rsquo;int\u00e9rieur par la vibration du larynx et nous ne d\u00e9pendons d\u2019aucune source ni d&rsquo;aucun rem\u00e8de ext\u00e9rieur. La voix [&hellip;]<\/p>\n","protected":false},"author":3,"featured_media":0,"parent":0,"menu_order":0,"comment_status":"closed","ping_status":"closed","template":"","meta":{"ocean_post_layout":"","ocean_both_sidebars_style":"","ocean_both_sidebars_content_width":0,"ocean_both_sidebars_sidebars_width":0,"ocean_sidebar":"0","ocean_second_sidebar":"0","ocean_disable_margins":"enable","ocean_add_body_class":"","ocean_shortcode_before_top_bar":"","ocean_shortcode_after_top_bar":"","ocean_shortcode_before_header":"","ocean_shortcode_after_header":"","ocean_has_shortcode":"","ocean_shortcode_after_title":"","ocean_shortcode_before_footer_widgets":"","ocean_shortcode_after_footer_widgets":"","ocean_shortcode_before_footer_bottom":"","ocean_shortcode_after_footer_bottom":"","ocean_display_top_bar":"default","ocean_display_header":"default","ocean_header_style":"","ocean_center_header_left_menu":"0","ocean_custom_header_template":"0","ocean_custom_logo":0,"ocean_custom_retina_logo":0,"ocean_custom_logo_max_width":0,"ocean_custom_logo_tablet_max_width":0,"ocean_custom_logo_mobile_max_width":0,"ocean_custom_logo_max_height":0,"ocean_custom_logo_tablet_max_height":0,"ocean_custom_logo_mobile_max_height":0,"ocean_header_custom_menu":"0","ocean_menu_typo_font_family":"0","ocean_menu_typo_font_subset":"","ocean_menu_typo_font_size":0,"ocean_menu_typo_font_size_tablet":0,"ocean_menu_typo_font_size_mobile":0,"ocean_menu_typo_font_size_unit":"px","ocean_menu_typo_font_weight":"","ocean_menu_typo_font_weight_tablet":"","ocean_menu_typo_font_weight_mobile":"","ocean_menu_typo_transform":"","ocean_menu_typo_transform_tablet":"","ocean_menu_typo_transform_mobile":"","ocean_menu_typo_line_height":0,"ocean_menu_typo_line_height_tablet":0,"ocean_menu_typo_line_height_mobile":0,"ocean_menu_typo_line_height_unit":"","ocean_menu_typo_spacing":0,"ocean_menu_typo_spacing_tablet":0,"ocean_menu_typo_spacing_mobile":0,"ocean_menu_typo_spacing_unit":"","ocean_menu_link_color":"","ocean_menu_link_color_hover":"","ocean_menu_link_color_active":"","ocean_menu_link_background":"","ocean_menu_link_hover_background":"","ocean_menu_link_active_background":"","ocean_menu_social_links_bg":"","ocean_menu_social_hover_links_bg":"","ocean_menu_social_links_color":"","ocean_menu_social_hover_links_color":"","ocean_disable_title":"default","ocean_disable_heading":"default","ocean_post_title":"","ocean_post_subheading":"","ocean_post_title_style":"","ocean_post_title_background_color":"","ocean_post_title_background":0,"ocean_post_title_bg_image_position":"","ocean_post_title_bg_image_attachment":"","ocean_post_title_bg_image_repeat":"","ocean_post_title_bg_image_size":"","ocean_post_title_height":0,"ocean_post_title_bg_overlay":0.5,"ocean_post_title_bg_overlay_color":"","ocean_disable_breadcrumbs":"default","ocean_breadcrumbs_color":"","ocean_breadcrumbs_separator_color":"","ocean_breadcrumbs_links_color":"","ocean_breadcrumbs_links_hover_color":"","ocean_display_footer_widgets":"default","ocean_display_footer_bottom":"default","ocean_custom_footer_template":"0","footnotes":""},"class_list":["post-2345","page","type-page","status-publish","hentry","entry"],"_links":{"self":[{"href":"https:\/\/presencevocale.fr\/coachingvocal\/wp-json\/wp\/v2\/pages\/2345","targetHints":{"allow":["GET"]}}],"collection":[{"href":"https:\/\/presencevocale.fr\/coachingvocal\/wp-json\/wp\/v2\/pages"}],"about":[{"href":"https:\/\/presencevocale.fr\/coachingvocal\/wp-json\/wp\/v2\/types\/page"}],"author":[{"embeddable":true,"href":"https:\/\/presencevocale.fr\/coachingvocal\/wp-json\/wp\/v2\/users\/3"}],"replies":[{"embeddable":true,"href":"https:\/\/presencevocale.fr\/coachingvocal\/wp-json\/wp\/v2\/comments?post=2345"}],"version-history":[{"count":32,"href":"https:\/\/presencevocale.fr\/coachingvocal\/wp-json\/wp\/v2\/pages\/2345\/revisions"}],"predecessor-version":[{"id":2965,"href":"https:\/\/presencevocale.fr\/coachingvocal\/wp-json\/wp\/v2\/pages\/2345\/revisions\/2965"}],"wp:attachment":[{"href":"https:\/\/presencevocale.fr\/coachingvocal\/wp-json\/wp\/v2\/media?parent=2345"}],"curies":[{"name":"wp","href":"https:\/\/api.w.org\/{rel}","templated":true}]}}