{"id":2926,"date":"2025-08-16T21:48:55","date_gmt":"2025-08-16T19:48:55","guid":{"rendered":"https:\/\/presencevocale.fr\/coachingvocal\/?page_id=2926"},"modified":"2025-08-16T21:52:19","modified_gmt":"2025-08-16T19:52:19","slug":"vibration-de-saison","status":"publish","type":"page","link":"https:\/\/presencevocale.fr\/coachingvocal\/vibration-de-saison\/","title":{"rendered":"Vibration de saison"},"content":{"rendered":"\n<h2 class=\"wp-block-heading has-text-color has-link-color wp-elements-b1ae1b8f23aaaf3136728027a0ece0db\" style=\"color:#027a50\">Des ateliers saisonniers de 3 heures, pour vibrer en fonction de la saison, bas\u00e9s sur l&rsquo;approche du Yoga du son<\/h2>\n\n\n\n<div class=\"wp-block-media-text is-stacked-on-mobile\" style=\"grid-template-columns:41% auto\"><figure class=\"wp-block-media-text__media\"><img loading=\"lazy\" decoding=\"async\" width=\"1000\" height=\"1000\" src=\"https:\/\/presencevocale.fr\/coachingvocal\/wp-content\/uploads\/2025\/03\/Vibration-interieure-1.jpeg\" alt=\"\" class=\"wp-image-2860 size-full\" srcset=\"https:\/\/presencevocale.fr\/coachingvocal\/wp-content\/uploads\/2025\/03\/Vibration-interieure-1.jpeg 1000w, https:\/\/presencevocale.fr\/coachingvocal\/wp-content\/uploads\/2025\/03\/Vibration-interieure-1-300x300.jpeg 300w, https:\/\/presencevocale.fr\/coachingvocal\/wp-content\/uploads\/2025\/03\/Vibration-interieure-1-150x150.jpeg 150w, https:\/\/presencevocale.fr\/coachingvocal\/wp-content\/uploads\/2025\/03\/Vibration-interieure-1-768x768.jpeg 768w, https:\/\/presencevocale.fr\/coachingvocal\/wp-content\/uploads\/2025\/03\/Vibration-interieure-1-600x600.jpeg 600w\" sizes=\"auto, (max-width: 1000px) 100vw, 1000px\" \/><\/figure><div class=\"wp-block-media-text__content\">\n<p class=\"has-black-color has-text-color has-link-color has-medium-font-size wp-elements-d9bb1399efb72a7e00059d1a11280296\"><em>Pour se sentir vibrer<\/em><\/p>\n\n\n\n<p class=\"has-black-color has-text-color has-link-color has-medium-font-size wp-elements-58a65ab0737f7fb928573e7d83c3fa8f\"><em>Pour se r\u00e9g\u00e9n\u00e9rer<\/em><\/p>\n\n\n\n<p class=\"has-black-color has-text-color has-link-color has-medium-font-size wp-elements-fc775173705819d1cf194fb7af9bf6fb\"><em>Pour se connecter \u00e0 son corps et \u00e0 sa joie<\/em><\/p>\n\n\n\n<p class=\"has-black-color has-text-color has-link-color has-medium-font-size wp-elements-dc7878fe78fc38bacd6ad23355a0f088\"><em>Pour se sentir bien avec les autres<\/em><\/p>\n<\/div><\/div>\n\n\n\n<p><\/p>\n\n\n\n<p class=\"has-medium-font-size\">A chaque saison, son\/ses organes, son \u00e9nergie \u00e9motionnelle, sa couleur, son \u00e9l\u00e9ment et ses sons. Pour bien vivre chaque saison et rester en bonne sant\u00e9, il faut prendre soin du\/des organes concern\u00e9s et respecter le rythme du vivant en soi et autour de soi.<\/p>\n\n\n\n<h2 class=\"wp-block-heading has-text-color has-link-color wp-elements-35b213436abd403e9cb91c1c6ea5aceb\" style=\"color:#037d50\">Techniques utilis\u00e9es :<\/h2>\n\n\n\n<p>Exercices d\u2019\u00e9chauffement de la voix \u2013 Exercices corporels et massages \u2013 Improvisations vocales collectives bas\u00e9es sur les sons m\u00e8re et les mantras \u2013 \u00c9coute de soi et des autres \u2013 Mises en mouvement<\/p>\n\n\n\n<p><\/p>\n","protected":false},"excerpt":{"rendered":"<p>Des ateliers saisonniers de 3 heures, pour vibrer en fonction de la saison, bas\u00e9s sur l&rsquo;approche du Yoga du son Pour se sentir vibrer Pour se r\u00e9g\u00e9n\u00e9rer Pour se connecter \u00e0 son corps et \u00e0 sa joie Pour se sentir bien avec les autres A chaque saison, son\/ses organes, son \u00e9nergie \u00e9motionnelle, sa couleur, son [&hellip;]<\/p>\n","protected":false},"author":6,"featured_media":0,"parent":0,"menu_order":0,"comment_status":"closed","ping_status":"closed","template":"","meta":{"ocean_post_layout":"","ocean_both_sidebars_style":"","ocean_both_sidebars_content_width":0,"ocean_both_sidebars_sidebars_width":0,"ocean_sidebar":"","ocean_second_sidebar":"","ocean_disable_margins":"enable","ocean_add_body_class":"","ocean_shortcode_before_top_bar":"","ocean_shortcode_after_top_bar":"","ocean_shortcode_before_header":"","ocean_shortcode_after_header":"","ocean_has_shortcode":"","ocean_shortcode_after_title":"","ocean_shortcode_before_footer_widgets":"","ocean_shortcode_after_footer_widgets":"","ocean_shortcode_before_footer_bottom":"","ocean_shortcode_after_footer_bottom":"","ocean_display_top_bar":"default","ocean_display_header":"default","ocean_header_style":"","ocean_center_header_left_menu":"","ocean_custom_header_template":"","ocean_custom_logo":0,"ocean_custom_retina_logo":0,"ocean_custom_logo_max_width":0,"ocean_custom_logo_tablet_max_width":0,"ocean_custom_logo_mobile_max_width":0,"ocean_custom_logo_max_height":0,"ocean_custom_logo_tablet_max_height":0,"ocean_custom_logo_mobile_max_height":0,"ocean_header_custom_menu":"","ocean_menu_typo_font_family":"","ocean_menu_typo_font_subset":"","ocean_menu_typo_font_size":0,"ocean_menu_typo_font_size_tablet":0,"ocean_menu_typo_font_size_mobile":0,"ocean_menu_typo_font_size_unit":"px","ocean_menu_typo_font_weight":"","ocean_menu_typo_font_weight_tablet":"","ocean_menu_typo_font_weight_mobile":"","ocean_menu_typo_transform":"","ocean_menu_typo_transform_tablet":"","ocean_menu_typo_transform_mobile":"","ocean_menu_typo_line_height":0,"ocean_menu_typo_line_height_tablet":0,"ocean_menu_typo_line_height_mobile":0,"ocean_menu_typo_line_height_unit":"","ocean_menu_typo_spacing":0,"ocean_menu_typo_spacing_tablet":0,"ocean_menu_typo_spacing_mobile":0,"ocean_menu_typo_spacing_unit":"","ocean_menu_link_color":"","ocean_menu_link_color_hover":"","ocean_menu_link_color_active":"","ocean_menu_link_background":"","ocean_menu_link_hover_background":"","ocean_menu_link_active_background":"","ocean_menu_social_links_bg":"","ocean_menu_social_hover_links_bg":"","ocean_menu_social_links_color":"","ocean_menu_social_hover_links_color":"","ocean_disable_title":"default","ocean_disable_heading":"default","ocean_post_title":"","ocean_post_subheading":"","ocean_post_title_style":"","ocean_post_title_background_color":"","ocean_post_title_background":0,"ocean_post_title_bg_image_position":"","ocean_post_title_bg_image_attachment":"","ocean_post_title_bg_image_repeat":"","ocean_post_title_bg_image_size":"","ocean_post_title_height":0,"ocean_post_title_bg_overlay":0.5,"ocean_post_title_bg_overlay_color":"","ocean_disable_breadcrumbs":"default","ocean_breadcrumbs_color":"","ocean_breadcrumbs_separator_color":"","ocean_breadcrumbs_links_color":"","ocean_breadcrumbs_links_hover_color":"","ocean_display_footer_widgets":"default","ocean_display_footer_bottom":"default","ocean_custom_footer_template":"","footnotes":""},"class_list":["post-2926","page","type-page","status-publish","hentry","entry"],"_links":{"self":[{"href":"https:\/\/presencevocale.fr\/coachingvocal\/wp-json\/wp\/v2\/pages\/2926","targetHints":{"allow":["GET"]}}],"collection":[{"href":"https:\/\/presencevocale.fr\/coachingvocal\/wp-json\/wp\/v2\/pages"}],"about":[{"href":"https:\/\/presencevocale.fr\/coachingvocal\/wp-json\/wp\/v2\/types\/page"}],"author":[{"embeddable":true,"href":"https:\/\/presencevocale.fr\/coachingvocal\/wp-json\/wp\/v2\/users\/6"}],"replies":[{"embeddable":true,"href":"https:\/\/presencevocale.fr\/coachingvocal\/wp-json\/wp\/v2\/comments?post=2926"}],"version-history":[{"count":3,"href":"https:\/\/presencevocale.fr\/coachingvocal\/wp-json\/wp\/v2\/pages\/2926\/revisions"}],"predecessor-version":[{"id":2932,"href":"https:\/\/presencevocale.fr\/coachingvocal\/wp-json\/wp\/v2\/pages\/2926\/revisions\/2932"}],"wp:attachment":[{"href":"https:\/\/presencevocale.fr\/coachingvocal\/wp-json\/wp\/v2\/media?parent=2926"}],"curies":[{"name":"wp","href":"https:\/\/api.w.org\/{rel}","templated":true}]}}