{"id":447,"date":"2016-03-01T01:04:10","date_gmt":"2016-02-29T23:04:10","guid":{"rendered":"http:\/\/presencevocale.fr\/coachingvocal\/?page_id=447"},"modified":"2016-03-30T11:20:36","modified_gmt":"2016-03-30T09:20:36","slug":"donner-du-son-et-de-la-presence-a-sa-voix","status":"publish","type":"page","link":"https:\/\/presencevocale.fr\/coachingvocal\/donner-du-son-et-de-la-presence-a-sa-voix\/","title":{"rendered":"Donner du son et de la pr\u00e9sence \u00e0 sa Voix"},"content":{"rendered":"<p><a href=\"http:\/\/presencevocale.fr\/coachingvocal\/wp-content\/uploads\/2016\/02\/Fotolia_94912126_S.jpg\"><img loading=\"lazy\" decoding=\"async\" class=\" wp-image-420 aligncenter\" src=\"http:\/\/presencevocale.fr\/coachingvocal\/wp-content\/uploads\/2016\/02\/Fotolia_94912126_S-300x200.jpg\" alt=\"Big nice white dandelion scatters in pink and blue tones\" width=\"233\" height=\"155\" srcset=\"https:\/\/presencevocale.fr\/coachingvocal\/wp-content\/uploads\/2016\/02\/Fotolia_94912126_S-300x200.jpg 300w, https:\/\/presencevocale.fr\/coachingvocal\/wp-content\/uploads\/2016\/02\/Fotolia_94912126_S-600x400.jpg 600w, https:\/\/presencevocale.fr\/coachingvocal\/wp-content\/uploads\/2016\/02\/Fotolia_94912126_S.jpg 849w\" sizes=\"auto, (max-width: 233px) 100vw, 233px\" \/><\/a><\/p>\n<p><strong><em>Donner du son et de la pr\u00e9sence \u00e0 votre Voix<\/em><\/strong>,<br \/>\nc&rsquo;est le fil conducteur de ce stage de week-end.<\/p>\n<p>Durant cette journ\u00e9e et demie, je vous offre d\u2019aller \u00e0 la rencontre de vous-m\u00eame et des autres et de (re)d\u00e9couvrir le son qui vous est propre.<\/p>\n<p>Je vous propose une exploration ludique, appuy\u00e9e sur la pleine conscience des ressentis et des capacit\u00e9s sonores de votre corps. Il s\u2019agira de d\u00e9couvrir les piliers corporels de la voix (ancrage du corps, respiration, r\u00e9sonateurs) et de commencer \u00e0 jouer avec les sons (rythme, tonalit\u00e9, hauteur), seul et \u00e0 plusieurs. Il s\u2019agira aussi de comprendre comment \u00eatre plus pr\u00e9sent et se faire ainsi mieux entendre quand on le veut vraiment.<\/p>\n<p>Nous pratiquons de nombreux exercices corporels et vocaux. Nous nous amusons. Nous nous d\u00e9tendons. Nous faisons la connaissance les uns des autres.<\/p>\n<p>Ce stage s\u2019adresse \u00e0 un public adulte. Il est ouvert \u00e0 tous.<br \/>\nLe nombre de participants est limit\u00e9 \u00e0 12.<\/p>\n","protected":false},"excerpt":{"rendered":"<p>Donner du son et de la pr\u00e9sence \u00e0 votre Voix, c&rsquo;est le fil conducteur de ce stage de week-end. Durant cette journ\u00e9e et demie, je vous offre d\u2019aller \u00e0 la rencontre de vous-m\u00eame et des autres et de (re)d\u00e9couvrir le son qui vous est propre. Je vous propose une exploration ludique, appuy\u00e9e sur la pleine [&hellip;]<\/p>\n","protected":false},"author":3,"featured_media":0,"parent":0,"menu_order":0,"comment_status":"closed","ping_status":"closed","template":"","meta":{"ocean_post_layout":"","ocean_both_sidebars_style":"","ocean_both_sidebars_content_width":0,"ocean_both_sidebars_sidebars_width":0,"ocean_sidebar":"","ocean_second_sidebar":"","ocean_disable_margins":"enable","ocean_add_body_class":"","ocean_shortcode_before_top_bar":"","ocean_shortcode_after_top_bar":"","ocean_shortcode_before_header":"","ocean_shortcode_after_header":"","ocean_has_shortcode":"","ocean_shortcode_after_title":"","ocean_shortcode_before_footer_widgets":"","ocean_shortcode_after_footer_widgets":"","ocean_shortcode_before_footer_bottom":"","ocean_shortcode_after_footer_bottom":"","ocean_display_top_bar":"default","ocean_display_header":"default","ocean_header_style":"","ocean_center_header_left_menu":"","ocean_custom_header_template":"","ocean_custom_logo":0,"ocean_custom_retina_logo":0,"ocean_custom_logo_max_width":0,"ocean_custom_logo_tablet_max_width":0,"ocean_custom_logo_mobile_max_width":0,"ocean_custom_logo_max_height":0,"ocean_custom_logo_tablet_max_height":0,"ocean_custom_logo_mobile_max_height":0,"ocean_header_custom_menu":"","ocean_menu_typo_font_family":"","ocean_menu_typo_font_subset":"","ocean_menu_typo_font_size":0,"ocean_menu_typo_font_size_tablet":0,"ocean_menu_typo_font_size_mobile":0,"ocean_menu_typo_font_size_unit":"px","ocean_menu_typo_font_weight":"","ocean_menu_typo_font_weight_tablet":"","ocean_menu_typo_font_weight_mobile":"","ocean_menu_typo_transform":"","ocean_menu_typo_transform_tablet":"","ocean_menu_typo_transform_mobile":"","ocean_menu_typo_line_height":0,"ocean_menu_typo_line_height_tablet":0,"ocean_menu_typo_line_height_mobile":0,"ocean_menu_typo_line_height_unit":"","ocean_menu_typo_spacing":0,"ocean_menu_typo_spacing_tablet":0,"ocean_menu_typo_spacing_mobile":0,"ocean_menu_typo_spacing_unit":"","ocean_menu_link_color":"","ocean_menu_link_color_hover":"","ocean_menu_link_color_active":"","ocean_menu_link_background":"","ocean_menu_link_hover_background":"","ocean_menu_link_active_background":"","ocean_menu_social_links_bg":"","ocean_menu_social_hover_links_bg":"","ocean_menu_social_links_color":"","ocean_menu_social_hover_links_color":"","ocean_disable_title":"default","ocean_disable_heading":"default","ocean_post_title":"","ocean_post_subheading":"","ocean_post_title_style":"","ocean_post_title_background_color":"","ocean_post_title_background":0,"ocean_post_title_bg_image_position":"","ocean_post_title_bg_image_attachment":"","ocean_post_title_bg_image_repeat":"","ocean_post_title_bg_image_size":"","ocean_post_title_height":0,"ocean_post_title_bg_overlay":0.5,"ocean_post_title_bg_overlay_color":"","ocean_disable_breadcrumbs":"default","ocean_breadcrumbs_color":"","ocean_breadcrumbs_separator_color":"","ocean_breadcrumbs_links_color":"","ocean_breadcrumbs_links_hover_color":"","ocean_display_footer_widgets":"default","ocean_display_footer_bottom":"default","ocean_custom_footer_template":"","footnotes":""},"class_list":["post-447","page","type-page","status-publish","hentry","entry"],"_links":{"self":[{"href":"https:\/\/presencevocale.fr\/coachingvocal\/wp-json\/wp\/v2\/pages\/447","targetHints":{"allow":["GET"]}}],"collection":[{"href":"https:\/\/presencevocale.fr\/coachingvocal\/wp-json\/wp\/v2\/pages"}],"about":[{"href":"https:\/\/presencevocale.fr\/coachingvocal\/wp-json\/wp\/v2\/types\/page"}],"author":[{"embeddable":true,"href":"https:\/\/presencevocale.fr\/coachingvocal\/wp-json\/wp\/v2\/users\/3"}],"replies":[{"embeddable":true,"href":"https:\/\/presencevocale.fr\/coachingvocal\/wp-json\/wp\/v2\/comments?post=447"}],"version-history":[{"count":4,"href":"https:\/\/presencevocale.fr\/coachingvocal\/wp-json\/wp\/v2\/pages\/447\/revisions"}],"predecessor-version":[{"id":463,"href":"https:\/\/presencevocale.fr\/coachingvocal\/wp-json\/wp\/v2\/pages\/447\/revisions\/463"}],"wp:attachment":[{"href":"https:\/\/presencevocale.fr\/coachingvocal\/wp-json\/wp\/v2\/media?parent=447"}],"curies":[{"name":"wp","href":"https:\/\/api.w.org\/{rel}","templated":true}]}}