{"id":60,"date":"2015-07-15T00:46:43","date_gmt":"2015-07-14T22:46:43","guid":{"rendered":"http:\/\/presencevocale.fr\/coachingvocal\/?page_id=60"},"modified":"2022-11-28T00:55:43","modified_gmt":"2022-11-27T22:55:43","slug":"qui-suis-je","status":"publish","type":"page","link":"https:\/\/presencevocale.fr\/coachingvocal\/qui-suis-je\/","title":{"rendered":"Fran\u00e7oise HECQUARD"},"content":{"rendered":"<h3 style=\"text-align: left;\"><span style=\"color: #333399;\"><strong>Fran\u00e7oise HECQUARD, coach vocal, accordeuse de voix<br \/>\n<\/strong><\/span><\/h3>\n<p><a href=\"http:\/\/presencevocale.fr\/coachingvocal\/wp-content\/uploads\/2015\/07\/FH2-100k.jpg\"><img loading=\"lazy\" decoding=\"async\" class=\" wp-image-163 alignleft\" src=\"http:\/\/presencevocale.fr\/coachingvocal\/wp-content\/uploads\/2015\/07\/FH2-100k-300x280.jpg\" alt=\"FH2 100k\" width=\"137\" height=\"128\" srcset=\"https:\/\/presencevocale.fr\/coachingvocal\/wp-content\/uploads\/2015\/07\/FH2-100k-300x280.jpg 300w, https:\/\/presencevocale.fr\/coachingvocal\/wp-content\/uploads\/2015\/07\/FH2-100k.jpg 850w\" sizes=\"auto, (max-width: 137px) 100vw, 137px\" \/><\/a>J\u2019utilise les outils de l\u2019\u00e9coute active, de la psychologie positive, de l\u2019intelligence \u00e9motionnelle, de l&rsquo;<a href=\"http:\/\/www.cee-enneagramme.eu\/\">Enn\u00e9agramme<\/a>, de la <a href=\"https:\/\/cnvfrance.fr\/\">communication non-violente<\/a>\u2026 mais aussi de l&rsquo;<a href=\"https:\/\/roy-hart-theatre.com\/fr\/\">expression vocale<\/a>, du <a href=\"http:\/\/www.clown-gestalt-rr.com\/\">clown<\/a> et de la <a href=\"https:\/\/www.emergences.org\/\">pleine conscience<\/a>.<\/p>\n<p>Je m\u2019appuie sur une longue exp\u00e9rience du d\u00e9veloppement personnel, de la formation et du conseil, du management d&rsquo;\u00e9quipe, et du chant.<\/p>\n<p>Je me suis form\u00e9e en dynamique des groupes, p\u00e9dagogie des adultes, gestion des relations et des conflits, gestion des \u00e9motions, art de l\u2019\u00e9coute, technique vocale et physiologie de la voix. J\u2019ai aussi suivi un parcours de plusieurs ann\u00e9es en clown-gestalt.<\/p>\n<p>Je suis dipl\u00f4m\u00e9e en art-th\u00e9rapie de la voix et ai re\u00e7u l\u2019attestation g\u00e9n\u00e9rale de travail du <a href=\"https:\/\/roy-hart-theatre.com\/fr\/\"><em>Roy Hart Theatre<\/em><\/a> (correspondant \u00e0 un minimum de 300h de formation). J&rsquo;approfondis r\u00e9guli\u00e8rement ma formation en travail vocal, en Yoga du son, en coaching et en Enn\u00e9agramme somatique (approche corporelle de l&rsquo;Enn\u00e9agramme).<\/p>\n<table class=\"aligncenter\" style=\"width: 100%; border-collapse: collapse; border-color: #f7f2f2;\" border=\"0\">\n<tbody>\n<tr>\n<td style=\"width: 26.9892%; text-align: center; vertical-align: middle;\">\n<h5><a href=\"http:\/\/www.lecoledelavoix.com\/\"><span style=\"color: #339966;\">L&rsquo;Ecole de la Voix<\/span><\/a><\/h5>\n<\/td>\n<td style=\"width: 39.6774%; text-align: center; vertical-align: middle;\">\n<h5><span style=\"color: #339966;\"><a style=\"color: #339966;\" href=\"http:\/\/www.roy-hart-theatre.com\/site\/fr\/\">Centre Artistique International Roy Hart<\/a><\/span><\/h5>\n<\/td>\n<td style=\"width: 33.3333%; text-align: center; vertical-align: middle;\">\n<h5><span style=\"color: #339966;\"><a style=\"color: #339966;\" href=\"https:\/\/www.spirale-voice.fr\/\" target=\"_blank\" rel=\"noopener\">Spirale Voice : collectif d&rsquo;improvisateurs vocaux<\/a><\/span><\/h5>\n<\/td>\n<\/tr>\n<tr>\n<td style=\"width: 26.9892%; text-align: center; vertical-align: middle;\">\n<h5><span style=\"color: #339966;\"><a style=\"color: #339966;\" href=\"http:\/\/www.clown-gestalt-rr.com\/\">Clown Gestalt &#8211; Rosine Rochette<\/a><\/span><\/h5>\n<h5><span style=\"color: #339966;\"><a style=\"color: #339966;\" href=\"https:\/\/www.yogaduson.fr\/\" target=\"_blank\" rel=\"noopener\">Yoga du son (site de Denis Fargeot)<\/a><\/span><\/h5>\n<\/td>\n<td style=\"width: 39.6774%; text-align: center; vertical-align: middle;\">\n<h5><span style=\"color: #339966;\"><a style=\"color: #339966;\" href=\"http:\/\/cnvfrance.fr\/\">Association pour la Communication Non-Violente (ACNV)<\/a><\/span><\/h5>\n<h5><a href=\"https:\/\/www.sea-mariongilbert.com\/\" target=\"_blank\" rel=\"noopener\"><strong><span style=\"color: #339966;\">Enn\u00e9agramme Somatique (S.E.A. France)<\/span><\/strong><\/a><\/h5>\n<\/td>\n<td style=\"width: 33.3333%; text-align: center; vertical-align: middle;\">\n<h5><span style=\"color: #339966;\"><a style=\"color: #339966;\" href=\"https:\/\/www.emergences.org\/\">Association Emergences : se changer, changer le monde<\/a><\/span><\/h5>\n<h5><span style=\"color: #339966;\"><a style=\"color: #339966;\" href=\"http:\/\/baogroup-be.com\/\" target=\"_blank\" rel=\"noopener\">BAO Elan Vital (\u00e9cole de coaching)<\/a><\/span><\/h5>\n<\/td>\n<\/tr>\n<\/tbody>\n<\/table>\n<h5><\/h5>\n","protected":false},"excerpt":{"rendered":"<p>Fran\u00e7oise HECQUARD, coach vocal, accordeuse de voix J\u2019utilise les outils de l\u2019\u00e9coute active, de la psychologie positive, de l\u2019intelligence \u00e9motionnelle, de l&rsquo;Enn\u00e9agramme, de la communication non-violente\u2026 mais aussi de l&rsquo;expression vocale, du clown et de la pleine conscience. Je m\u2019appuie sur une longue exp\u00e9rience du d\u00e9veloppement personnel, de la formation et du conseil, du management [&hellip;]<\/p>\n","protected":false},"author":3,"featured_media":0,"parent":0,"menu_order":0,"comment_status":"open","ping_status":"open","template":"","meta":{"ocean_post_layout":"","ocean_both_sidebars_style":"","ocean_both_sidebars_content_width":0,"ocean_both_sidebars_sidebars_width":0,"ocean_sidebar":"0","ocean_second_sidebar":"0","ocean_disable_margins":"enable","ocean_add_body_class":"","ocean_shortcode_before_top_bar":"","ocean_shortcode_after_top_bar":"","ocean_shortcode_before_header":"","ocean_shortcode_after_header":"","ocean_has_shortcode":"","ocean_shortcode_after_title":"","ocean_shortcode_before_footer_widgets":"","ocean_shortcode_after_footer_widgets":"","ocean_shortcode_before_footer_bottom":"","ocean_shortcode_after_footer_bottom":"","ocean_display_top_bar":"default","ocean_display_header":"default","ocean_header_style":"","ocean_center_header_left_menu":"0","ocean_custom_header_template":"0","ocean_custom_logo":0,"ocean_custom_retina_logo":0,"ocean_custom_logo_max_width":0,"ocean_custom_logo_tablet_max_width":0,"ocean_custom_logo_mobile_max_width":0,"ocean_custom_logo_max_height":0,"ocean_custom_logo_tablet_max_height":0,"ocean_custom_logo_mobile_max_height":0,"ocean_header_custom_menu":"0","ocean_menu_typo_font_family":"0","ocean_menu_typo_font_subset":"","ocean_menu_typo_font_size":0,"ocean_menu_typo_font_size_tablet":0,"ocean_menu_typo_font_size_mobile":0,"ocean_menu_typo_font_size_unit":"px","ocean_menu_typo_font_weight":"","ocean_menu_typo_font_weight_tablet":"","ocean_menu_typo_font_weight_mobile":"","ocean_menu_typo_transform":"","ocean_menu_typo_transform_tablet":"","ocean_menu_typo_transform_mobile":"","ocean_menu_typo_line_height":0,"ocean_menu_typo_line_height_tablet":0,"ocean_menu_typo_line_height_mobile":0,"ocean_menu_typo_line_height_unit":"","ocean_menu_typo_spacing":0,"ocean_menu_typo_spacing_tablet":0,"ocean_menu_typo_spacing_mobile":0,"ocean_menu_typo_spacing_unit":"","ocean_menu_link_color":"","ocean_menu_link_color_hover":"","ocean_menu_link_color_active":"","ocean_menu_link_background":"","ocean_menu_link_hover_background":"","ocean_menu_link_active_background":"","ocean_menu_social_links_bg":"","ocean_menu_social_hover_links_bg":"","ocean_menu_social_links_color":"","ocean_menu_social_hover_links_color":"","ocean_disable_title":"default","ocean_disable_heading":"default","ocean_post_title":"","ocean_post_subheading":"","ocean_post_title_style":"","ocean_post_title_background_color":"","ocean_post_title_background":0,"ocean_post_title_bg_image_position":"","ocean_post_title_bg_image_attachment":"","ocean_post_title_bg_image_repeat":"","ocean_post_title_bg_image_size":"","ocean_post_title_height":0,"ocean_post_title_bg_overlay":0.5,"ocean_post_title_bg_overlay_color":"","ocean_disable_breadcrumbs":"default","ocean_breadcrumbs_color":"","ocean_breadcrumbs_separator_color":"","ocean_breadcrumbs_links_color":"","ocean_breadcrumbs_links_hover_color":"","ocean_display_footer_widgets":"default","ocean_display_footer_bottom":"default","ocean_custom_footer_template":"0","footnotes":""},"class_list":["post-60","page","type-page","status-publish","hentry","entry"],"_links":{"self":[{"href":"https:\/\/presencevocale.fr\/coachingvocal\/wp-json\/wp\/v2\/pages\/60","targetHints":{"allow":["GET"]}}],"collection":[{"href":"https:\/\/presencevocale.fr\/coachingvocal\/wp-json\/wp\/v2\/pages"}],"about":[{"href":"https:\/\/presencevocale.fr\/coachingvocal\/wp-json\/wp\/v2\/types\/page"}],"author":[{"embeddable":true,"href":"https:\/\/presencevocale.fr\/coachingvocal\/wp-json\/wp\/v2\/users\/3"}],"replies":[{"embeddable":true,"href":"https:\/\/presencevocale.fr\/coachingvocal\/wp-json\/wp\/v2\/comments?post=60"}],"version-history":[{"count":21,"href":"https:\/\/presencevocale.fr\/coachingvocal\/wp-json\/wp\/v2\/pages\/60\/revisions"}],"predecessor-version":[{"id":2612,"href":"https:\/\/presencevocale.fr\/coachingvocal\/wp-json\/wp\/v2\/pages\/60\/revisions\/2612"}],"wp:attachment":[{"href":"https:\/\/presencevocale.fr\/coachingvocal\/wp-json\/wp\/v2\/media?parent=60"}],"curies":[{"name":"wp","href":"https:\/\/api.w.org\/{rel}","templated":true}]}}