{"id":64,"date":"2015-07-15T00:54:06","date_gmt":"2015-07-14T22:54:06","guid":{"rendered":"http:\/\/presencevocale.fr\/coachingvocal\/?page_id=64"},"modified":"2015-11-11T05:55:47","modified_gmt":"2015-11-11T03:55:47","slug":"le-coaching-vocal","status":"publish","type":"page","link":"https:\/\/presencevocale.fr\/coachingvocal\/le-coaching-vocal\/","title":{"rendered":"Le coaching vocal"},"content":{"rendered":"<p><a href=\"http:\/\/presencevocale.fr\/coachingvocal\/wp-content\/uploads\/2015\/07\/523079_414677815246537_432964642_n.jpg\"><img loading=\"lazy\" decoding=\"async\" class=\"wp-image-333 alignleft\" src=\"http:\/\/presencevocale.fr\/coachingvocal\/wp-content\/uploads\/2015\/07\/523079_414677815246537_432964642_n-199x300.jpg\" alt=\"523079_414677815246537_432964642_n\" width=\"167\" height=\"252\" srcset=\"https:\/\/presencevocale.fr\/coachingvocal\/wp-content\/uploads\/2015\/07\/523079_414677815246537_432964642_n-199x300.jpg 199w, https:\/\/presencevocale.fr\/coachingvocal\/wp-content\/uploads\/2015\/07\/523079_414677815246537_432964642_n-600x903.jpg 600w, https:\/\/presencevocale.fr\/coachingvocal\/wp-content\/uploads\/2015\/07\/523079_414677815246537_432964642_n.jpg 638w\" sizes=\"auto, (max-width: 167px) 100vw, 167px\" \/><\/a>Il s&rsquo;agit d&rsquo;un parcours personnalis\u00e9 pour reprendre confiance dans sa voix.<\/p>\n<p>Tous les aspects de l\u2019outil vocal sont travaill\u00e9s lors d\u2019une s\u00e9ance de coaching : la prise de conscience des diff\u00e9rentes parties du corps participant \u00e0 l&rsquo;expression vocale, la d\u00e9tente, la respiration, la posture, le positionnement de la voix (timbrage, r\u00e9sonance, placement, intensit\u00e9, tonalit\u00e9), la diction et l\u2019articulation, la pr\u00e9sence, ainsi que la gestion des \u00e9motions dans l&rsquo;expression.<\/p>\n<p>Le coaching vocal permet de se recentrer, d&rsquo;int\u00e9grer la dimension corporelle de sa voix et d&rsquo;ainsi mieux s&rsquo;\u00e9couter en s&rsquo;entendant mieux. Il peut \u00eatre un support \u00e0 la prise de parole en public ou au chant.<\/p>\n","protected":false},"excerpt":{"rendered":"<p>Il s&rsquo;agit d&rsquo;un parcours personnalis\u00e9 pour reprendre confiance dans sa voix. Tous les aspects de l\u2019outil vocal sont travaill\u00e9s lors d\u2019une s\u00e9ance de coaching : la prise de conscience des diff\u00e9rentes parties du corps participant \u00e0 l&rsquo;expression vocale, la d\u00e9tente, la respiration, la posture, le positionnement de la voix (timbrage, r\u00e9sonance, placement, intensit\u00e9, tonalit\u00e9), la [&hellip;]<\/p>\n","protected":false},"author":3,"featured_media":0,"parent":0,"menu_order":0,"comment_status":"open","ping_status":"open","template":"","meta":{"ocean_post_layout":"","ocean_both_sidebars_style":"","ocean_both_sidebars_content_width":0,"ocean_both_sidebars_sidebars_width":0,"ocean_sidebar":"","ocean_second_sidebar":"","ocean_disable_margins":"enable","ocean_add_body_class":"","ocean_shortcode_before_top_bar":"","ocean_shortcode_after_top_bar":"","ocean_shortcode_before_header":"","ocean_shortcode_after_header":"","ocean_has_shortcode":"","ocean_shortcode_after_title":"","ocean_shortcode_before_footer_widgets":"","ocean_shortcode_after_footer_widgets":"","ocean_shortcode_before_footer_bottom":"","ocean_shortcode_after_footer_bottom":"","ocean_display_top_bar":"default","ocean_display_header":"default","ocean_header_style":"","ocean_center_header_left_menu":"","ocean_custom_header_template":"","ocean_custom_logo":0,"ocean_custom_retina_logo":0,"ocean_custom_logo_max_width":0,"ocean_custom_logo_tablet_max_width":0,"ocean_custom_logo_mobile_max_width":0,"ocean_custom_logo_max_height":0,"ocean_custom_logo_tablet_max_height":0,"ocean_custom_logo_mobile_max_height":0,"ocean_header_custom_menu":"","ocean_menu_typo_font_family":"","ocean_menu_typo_font_subset":"","ocean_menu_typo_font_size":0,"ocean_menu_typo_font_size_tablet":0,"ocean_menu_typo_font_size_mobile":0,"ocean_menu_typo_font_size_unit":"px","ocean_menu_typo_font_weight":"","ocean_menu_typo_font_weight_tablet":"","ocean_menu_typo_font_weight_mobile":"","ocean_menu_typo_transform":"","ocean_menu_typo_transform_tablet":"","ocean_menu_typo_transform_mobile":"","ocean_menu_typo_line_height":0,"ocean_menu_typo_line_height_tablet":0,"ocean_menu_typo_line_height_mobile":0,"ocean_menu_typo_line_height_unit":"","ocean_menu_typo_spacing":0,"ocean_menu_typo_spacing_tablet":0,"ocean_menu_typo_spacing_mobile":0,"ocean_menu_typo_spacing_unit":"","ocean_menu_link_color":"","ocean_menu_link_color_hover":"","ocean_menu_link_color_active":"","ocean_menu_link_background":"","ocean_menu_link_hover_background":"","ocean_menu_link_active_background":"","ocean_menu_social_links_bg":"","ocean_menu_social_hover_links_bg":"","ocean_menu_social_links_color":"","ocean_menu_social_hover_links_color":"","ocean_disable_title":"default","ocean_disable_heading":"default","ocean_post_title":"","ocean_post_subheading":"","ocean_post_title_style":"","ocean_post_title_background_color":"","ocean_post_title_background":0,"ocean_post_title_bg_image_position":"","ocean_post_title_bg_image_attachment":"","ocean_post_title_bg_image_repeat":"","ocean_post_title_bg_image_size":"","ocean_post_title_height":0,"ocean_post_title_bg_overlay":0.5,"ocean_post_title_bg_overlay_color":"","ocean_disable_breadcrumbs":"default","ocean_breadcrumbs_color":"","ocean_breadcrumbs_separator_color":"","ocean_breadcrumbs_links_color":"","ocean_breadcrumbs_links_hover_color":"","ocean_display_footer_widgets":"default","ocean_display_footer_bottom":"default","ocean_custom_footer_template":"","footnotes":""},"class_list":["post-64","page","type-page","status-publish","hentry","entry"],"_links":{"self":[{"href":"https:\/\/presencevocale.fr\/coachingvocal\/wp-json\/wp\/v2\/pages\/64","targetHints":{"allow":["GET"]}}],"collection":[{"href":"https:\/\/presencevocale.fr\/coachingvocal\/wp-json\/wp\/v2\/pages"}],"about":[{"href":"https:\/\/presencevocale.fr\/coachingvocal\/wp-json\/wp\/v2\/types\/page"}],"author":[{"embeddable":true,"href":"https:\/\/presencevocale.fr\/coachingvocal\/wp-json\/wp\/v2\/users\/3"}],"replies":[{"embeddable":true,"href":"https:\/\/presencevocale.fr\/coachingvocal\/wp-json\/wp\/v2\/comments?post=64"}],"version-history":[{"count":5,"href":"https:\/\/presencevocale.fr\/coachingvocal\/wp-json\/wp\/v2\/pages\/64\/revisions"}],"predecessor-version":[{"id":334,"href":"https:\/\/presencevocale.fr\/coachingvocal\/wp-json\/wp\/v2\/pages\/64\/revisions\/334"}],"wp:attachment":[{"href":"https:\/\/presencevocale.fr\/coachingvocal\/wp-json\/wp\/v2\/media?parent=64"}],"curies":[{"name":"wp","href":"https:\/\/api.w.org\/{rel}","templated":true}]}}