{"id":115,"date":"2015-12-05T19:23:59","date_gmt":"2015-12-05T18:23:59","guid":{"rendered":"http:\/\/presencevocale.fr\/veillevocale\/?page_id=115"},"modified":"2022-12-26T18:50:19","modified_gmt":"2022-12-26T17:50:19","slug":"anatomie-et-fonctionnement-de-la-voix","status":"publish","type":"page","link":"https:\/\/presencevocale.fr\/veillevocale\/anatomie-et-fonctionnement-de-la-voix\/","title":{"rendered":"Des sites utiles"},"content":{"rendered":"\n<figure class=\"wp-block-table\"><table><tbody><tr><td><a href=\"http:\/\/ressources-improvisation-vocale.org\/\" target=\"_blank\" rel=\"noreferrer noopener\"><strong>Ressources en improvisation vocale<\/strong><\/a><\/td><td>Base collaborative de ressources d&#8217;apprentissage en improvisation a cappella, circlesongs, chant spontan\u00e9, etc&#8230; Toutes les ressources sont sous forme d&#8217;articles et ce site en compte actuellement plus d&#8217;une centaine.<\/td><\/tr><tr><td><strong><a href=\"http:\/\/laboratoiredelavoix.com\/phoniatrie\/\" target=\"_blank\" rel=\"noopener\">Le laboratoire de la voix<\/a><\/strong><\/td><td>Une \u00e9quipe de kin\u00e9sith\u00e9rapeutes, d&#8217;orthophonistes, de phoniatres et de psychologues, au service de votre voix dans toutes ses dimensions. Le site pr\u00e9sente des vid\u00e9os d&#8217;exemples et propose des publications.<\/td><\/tr><tr><td><strong><a href=\"http:\/\/www.calais-germain.com\/\" target=\"_blank\" rel=\"noopener\">Le site de Blandine Calais-Germain<\/a><\/strong><\/td><td>Une \u00e9quipe de professeur phoniatre, kin\u00e9sith\u00e9rapeutes, praticiens de la m\u00e9thode Feldenkrais&#8230; Pr\u00e9sentation des formations propos\u00e9es en anatomie et pratique du mouvement, notamment ax\u00e9es sur l&#8217;am\u00e9lioration et le d\u00e9veloppement de la voix. Boutique de livres et de posters d&#8217;anatomie.<\/td><\/tr><tr><td><strong><a href=\"http:\/\/www.cite-sciences.fr\/fr\/ressources\/bibliotheque-en-ligne\/dossiers-documentaires\/les-mysteres-de-la-voix\/questions-reponses\/\">Cit\u00e9 des sciences et de l&#8217;industrie<\/a><\/strong><\/td><td>&nbsp;Biblioth\u00e8que en ligne sur le th\u00e8me de la voix, sa physiologie, ses caract\u00e9ristiques&#8230; Liste de questions\/r\u00e9ponses, accompagn\u00e9es de r\u00e9f\u00e9rences sur le web et vid\u00e9os.<\/td><\/tr><tr><td><a rel=\"noreferrer noopener\" href=\"https:\/\/labo4.ca\/baladovoix\/\" target=\"_blank\"><strong>Baladovoix (Qu\u00e9bec)<\/strong><\/a><\/td><td>En collaboration avec la Centrale des Syndicats du Qu\u00e9bec (CSQ) et l\u2019Universit\u00e9 de Montr\u00e9al, le laboratoire d\u2019Ingrid Verduyckt a mis sur pied un balado \u00e9ducatif portant sur les enjeux vocaux des professionnels des milieux scolaires et de la petite enfance. Le&nbsp;<em>Baladovoix&nbsp;: Ma voix, ma sant\u00e9, mon m\u00e9tier!<\/em>&nbsp;accompagne le \u00ab&nbsp;Guide du trouble de la voix&nbsp;\u00bb, publi\u00e9 en 2021, comme outil de sensibilisation \u00e0 la sant\u00e9 vocale et aux troubles de la voix, particuli\u00e8rement chez les PMSPE.<\/td><\/tr><\/tbody><\/table><\/figure>\n\n\n\n<p><\/p>\n","protected":false},"excerpt":{"rendered":"<p>Ressources en improvisation vocale Base collaborative de ressources d&#8217;apprentissage en improvisation a cappella, circlesongs, chant spontan\u00e9, etc&#8230; Toutes les ressources sont sous forme d&#8217;articles et ce site en compte actuellement plus d&#8217;une centaine. Le laboratoire de la voix Une \u00e9quipe de kin\u00e9sith\u00e9rapeutes, d&#8217;orthophonistes, de phoniatres et de psychologues, au service de votre voix dans toutes ses dimensions. Le site pr\u00e9sente des vid\u00e9os d&#8217;exemples et propose des publications. Le site de Blandine Calais-Germain Une \u00e9quipe de professeur phoniatre, kin\u00e9sith\u00e9rapeutes, praticiens de&#8230;<\/p>\n<p class=\"read-more\"><a class=\"btn btn-default\" href=\"https:\/\/presencevocale.fr\/veillevocale\/anatomie-et-fonctionnement-de-la-voix\/\">Lire la suite<span class=\"screen-reader-text\"> Lire la suite<\/span><\/a><\/p>\n","protected":false},"author":1,"featured_media":620,"parent":0,"menu_order":0,"comment_status":"open","ping_status":"closed","template":"","meta":{"footnotes":""},"class_list":["post-115","page","type-page","status-publish","has-post-thumbnail","hentry"],"_links":{"self":[{"href":"https:\/\/presencevocale.fr\/veillevocale\/wp-json\/wp\/v2\/pages\/115","targetHints":{"allow":["GET"]}}],"collection":[{"href":"https:\/\/presencevocale.fr\/veillevocale\/wp-json\/wp\/v2\/pages"}],"about":[{"href":"https:\/\/presencevocale.fr\/veillevocale\/wp-json\/wp\/v2\/types\/page"}],"author":[{"embeddable":true,"href":"https:\/\/presencevocale.fr\/veillevocale\/wp-json\/wp\/v2\/users\/1"}],"replies":[{"embeddable":true,"href":"https:\/\/presencevocale.fr\/veillevocale\/wp-json\/wp\/v2\/comments?post=115"}],"version-history":[{"count":32,"href":"https:\/\/presencevocale.fr\/veillevocale\/wp-json\/wp\/v2\/pages\/115\/revisions"}],"predecessor-version":[{"id":681,"href":"https:\/\/presencevocale.fr\/veillevocale\/wp-json\/wp\/v2\/pages\/115\/revisions\/681"}],"wp:featuredmedia":[{"embeddable":true,"href":"https:\/\/presencevocale.fr\/veillevocale\/wp-json\/wp\/v2\/media\/620"}],"wp:attachment":[{"href":"https:\/\/presencevocale.fr\/veillevocale\/wp-json\/wp\/v2\/media?parent=115"}],"curies":[{"name":"wp","href":"https:\/\/api.w.org\/{rel}","templated":true}]}}