{"id":122,"date":"2015-12-05T19:30:56","date_gmt":"2015-12-05T18:30:56","guid":{"rendered":"http:\/\/presencevocale.fr\/veillevocale\/?page_id=122"},"modified":"2022-09-14T18:16:12","modified_gmt":"2022-09-14T17:16:12","slug":"cours-et-stages","status":"publish","type":"page","link":"https:\/\/presencevocale.fr\/veillevocale\/cours-et-stages\/","title":{"rendered":"Cours et stages"},"content":{"rendered":"\n<figure class=\"wp-block-table is-style-stripes\"><table><tbody><tr><td><a href=\"http:\/\/presencevocale.fr\/coachingvocal\/\" target=\"_blank\" rel=\"noopener\">Mon site de coaching de la voix<\/a><\/td><td>Sur ce site, vous trouverez la pr\u00e9sentation de ma d\u00e9marche et l&#8217;actualit\u00e9 de mes ateliers et stages.<\/td><\/tr><tr><td><a href=\"https:\/\/rouenseafarerscentre.fr\/\/event.html\" target=\"_blank\" rel=\"noreferrer noopener\">Le Foyer international des marins de Rouen<\/a><\/td><td>Le Foyer international des marins de Rouen dispose d&#8217;une chapelle dans laquelle de nombreux \u00e9v\u00e8nements sont propos\u00e9s, notamment autour du chant, du son et de la danse.<\/td><\/tr><tr><td><a href=\"http:\/\/www.roy-hart-theatre.com\/site\/fr\/\" target=\"_blank\" rel=\"noopener\">Le Centre Artistique International Roy Hart<\/a><\/td><td>Depuis 1974, le <em>Centre Artistique International Roy Hart<\/em>, situ\u00e9 dans les collines c\u00e9venoles, est d\u00e9di\u00e9 \u00e0 la recherche vocale et \u00e0 son application dans la vie et dans l\u2019art. Il&nbsp;est&nbsp;le&nbsp;centre mondial d\u2019\u00e9tudes&nbsp;Roy Hart Theatre qui organise des ateliers toute l\u2019ann\u00e9e&nbsp;et attire des \u00e9tudiants&nbsp;du monde entier.&nbsp;Le travail du Centre&nbsp;est bas\u00e9&nbsp;sur&nbsp;une histoire de plus&nbsp;de 80&nbsp;ann\u00e9es de&nbsp;recherches, d\u2019\u00e9tudes et de pratique&nbsp;de&nbsp;la&nbsp;voix&nbsp;humaine&nbsp;sans&nbsp;fronti\u00e8res.<\/td><\/tr><tr><td><a href=\"http:\/\/www.lecoledelavoix.com\/\" target=\"_blank\" rel=\"noopener\">L&#8217;Ecole de la voix d&#8217;Odile Wieder<\/a><\/td><td> <p style=\"text-align: justify;\"><span style=\"color: #000000;\"><em>L&#8217;Ecole de la Voix<\/em> a \u00e9t\u00e9 cr\u00e9\u00e9e en 2007, en partenariat avec le Centre Existence (pour la communication). Odile Wieder \u00e0 con\u00e7u le programme, s\u00e9lectionn\u00e9 12 intervenants hautement qualifi\u00e9s, elle dirige L&#8217;Ecole de la Voix. <\/span>Cette Formation compl\u00e8te et certifiante de formateur, formatrice en expression vocale a lieu en Haute Savoie. Elle d\u00e9roule deux ann\u00e9es d\u02bcenseignement pratique et th\u00e9orique et une soutenance de m\u00e9moire.<\/p><\/td><\/tr><tr><td><a rel=\"noreferrer noopener\" href=\"https:\/\/www.sonicmedecine.com\/\" target=\"_blank\">Sonic medecine<\/a><\/td><td>Fran\u00e7ois-Marie Dru est sonoth\u00e9rapeute. Il donne des soins \u00e0 domicile, des cours sur internet, des conf\u00e9rences sur le pouvoir th\u00e9rapeutique du son\u00a0et est responsable du p\u00f4le musicoth\u00e9rapie \u00e0\u00a0l&#8217;Institut Rafael, maison de l&#8217;apr\u00e8s cancer \u00e0 Paris. Il propose \u00e9galement des formations d&#8217;initiation \u00e0 la musicoth\u00e9rapie et a \u00e9crit un livre : <a rel=\"noreferrer noopener\" href=\"https:\/\/www.editionsleduc.com\/produit\/2508\/9791028521400\/tout-est-vibration\" target=\"_blank\">Tout est vibration<\/a>, qui permet de comprendre comment la musique peut contribuer au progr\u00e8s dans des domaines aussi vari\u00e9s que la m\u00e9decine, l\u2019\u00e9nergie, l\u2019\u00e9ducation, l\u2019\u00e9cologie, et inspirer des solutions innovantes \u00e0 de nombreuses probl\u00e9matiques de notre si\u00e8cle.<\/td><\/tr><tr><td><a href=\"https:\/\/www.yogaduson.fr\/\">Yoga du son<\/a><\/td><td><div>Ce <b>Yoga du Son <\/b>s\u2019appuie sur les traditions tib\u00e9taine, shinto\u00efste, tao\u00efste et chamaniques. Il s\u2019inscrit dans une d\u00e9marche de d\u00e9couverte de notre v\u00e9ritable nature et de nos richesses int\u00e9rieures.<\/div> <div>Cette pratique des Sons repose sur un travail de lib\u00e9ration de la voix, qui va mobiliser les diff\u00e9rents plans vibratoires qui nous composent, stimuler notre \u00e9nergie, renforcer notre identit\u00e9, et lib\u00e9rer notre potentiel cr\u00e9atif.<\/div><br><div>Denis Fargeot nous invite dans ce yoga \u00e0 exp\u00e9rimenter les 5 Sons-M\u00e8re, les 5 voyelles sacr\u00e9es universelles. Il nous invite \u00e0 apprendre les bases du chant harmonique et de certains mantras primordiaux pour nous connecter \u00e0 nos ressources int\u00e9rieures et nous ouvrir \u00e0 notre dimension sacr\u00e9e.<\/div><\/td><\/tr><tr><td>&nbsp;<a href=\"http:\/\/www.vocalplus.org\/\" target=\"_blank\" rel=\"noopener\">Vocalplus<\/a><\/td><td><em>Vocalplus<\/em> est une association situ\u00e9e dans les Deux-S\u00e8vres. D\u00e9di\u00e9e \u00e0 la musique et au chant, elle propose des stages originaux, ax\u00e9s sur l&#8217;\u00e9quilibre corps-voix. <a href=\"http:\/\/vocalplus.pagesperso-orange.fr\/stages%20Choque\/harmoniques.htm\">Dainouri Choque<\/a> y assure notamment chaque ann\u00e9e des stages ouverts \u00e0 tous, du d\u00e9butant au professionnel, sur la perception du son (timbres, harmoniques, r\u00e9sonance) et la relation oreille-corps-voix, appliqu\u00e9s \u00e0 la pratique vocale et chorale.<\/td><\/tr><tr><td><a href=\"http:\/\/www.dia-pason.com\/\">Dia Pason<\/a><\/td><td>\n<p class=\"Style491\" style=\"text-align: left;\"><em>La Voix en jeu &#8211; en cr\u00e9ation &#8211; en action. <\/em>Stages et ateliers pour artistes professionnels ou amateurs, et toute personne d\u00e9sireuse d&#8217;explorer et d\u00e9velopper son potentiel d&#8217;expression vocale. L&#8217;association <em>Dia Pason<\/em> a \u00e9t\u00e9 cr\u00e9\u00e9e en 2007 par <a href=\"http:\/\/www.dia-pason.com\/Marianne%20Le%20Tron.html\">Marianne Le Tron<\/a> et <a href=\"http:\/\/www.dia-pason.com\/David-.html\">David Goldsworthy<\/a> membres co-fondateurs du <a href=\"http:\/\/www.roy-hart-theatre.com\">Centre artistique Roy Hart.<\/a><\/p>\n<\/td><\/tr><tr><td><a href=\"http:\/\/www.eigene-stimme.de\/\">Die Eigene Stimme \/ Your Own Voice<\/a><\/td><td>\n<p class=\"Style491\" style=\"text-align: left;\"><em>Die Eigene Stimme <\/em>est compos\u00e9 d&#8217;un duo de professeures du Roy Hart de la jeune g\u00e9n\u00e9ration, <a href=\"http:\/\/www.wallihoefinger.com\">Walli H\u00f6finger<\/a> et <a href=\"http:\/\/www.christianehommelsheim.de\">Christiane Hommelstein<\/a>. Elles proposent des ateliers \u00e0 Mal\u00e9rargues (C\u00e9vennes &#8211; si\u00e8ge du Roy Hart) et \u00e0 Berlin, l\u00e0 o\u00f9 elles vivent. Leur fil conducteur est l&#8217;exploration de la voix individuelle, intime, et la recherche de l&#8217;expression artistique sp\u00e9cifique de chacun.<\/p>\n<\/td><\/tr><tr><td><a href=\"https:\/\/www.spirale-voice.fr\/\">Spirale Voice<\/a><\/td><td><span id=\"p17\">Spirale <span id=\"27\" class=\"s-rg\">Voice<\/span>, c\u2019est l\u2019\u00e9mergence d\u2019un collectif autour de l&#8217;improvisation vocale.<\/span><span id=\"p18\"> Nous sommes actuellement 30 acteurs sur la voix et le chant improvis\u00e9 \u00e0 avoir r\u00e9pondu \u00e0 cet appel d\u2019aller nous regrouper. <\/span><span id=\"p32\"><\/span><span id=\"p23\">Le chant improvis\u00e9, spontan\u00e9, de l\u2019instant, de l\u2019\u00eatre, a \u00e9merg\u00e9 petit \u00e0 petit du grand propos d\u00e9j\u00e0 existant autour de la voix, du chant. <\/span><span id=\"p25\"><\/span><span id=\"p39\">Le site est une mani\u00e8re de concr\u00e9tiser et de rendre visible ce mouvement. Vous y retrouverez toutes les propositions, articles, r\u00e9flexions, groupes autour du chant improvis\u00e9.<\/span><\/td><\/tr><tr><td><a href=\"https:\/\/www.lavoixsource.org\/\">La Voix source<\/a><\/td><td><span id=\"p17\">Ecole de la voix spontan\u00e9e et stages de chant improvis\u00e9 cr\u00e9\u00e9s par Bernard Garat, \u00e9galement coordinateur de Spirale Voice.<br><\/span><\/td><\/tr><\/tbody><\/table><\/figure>\n\n\n\n<p><\/p>\n","protected":false},"excerpt":{"rendered":"<p>Mon site de coaching de la voix Sur ce site, vous trouverez la pr\u00e9sentation de ma d\u00e9marche et l&#8217;actualit\u00e9 de mes ateliers et stages. Le Foyer international des marins de Rouen Le Foyer international des marins de Rouen dispose d&#8217;une chapelle dans laquelle de nombreux \u00e9v\u00e8nements sont propos\u00e9s, notamment autour du chant, du son et de la danse. Le Centre Artistique International Roy Hart Depuis 1974, le Centre Artistique International Roy Hart, situ\u00e9 dans les collines c\u00e9venoles, est d\u00e9di\u00e9 \u00e0&#8230;<\/p>\n<p class=\"read-more\"><a class=\"btn btn-default\" href=\"https:\/\/presencevocale.fr\/veillevocale\/cours-et-stages\/\">Lire la suite<span class=\"screen-reader-text\"> Lire la suite<\/span><\/a><\/p>\n","protected":false},"author":1,"featured_media":134,"parent":0,"menu_order":0,"comment_status":"closed","ping_status":"closed","template":"","meta":{"footnotes":""},"class_list":["post-122","page","type-page","status-publish","has-post-thumbnail","hentry"],"_links":{"self":[{"href":"https:\/\/presencevocale.fr\/veillevocale\/wp-json\/wp\/v2\/pages\/122","targetHints":{"allow":["GET"]}}],"collection":[{"href":"https:\/\/presencevocale.fr\/veillevocale\/wp-json\/wp\/v2\/pages"}],"about":[{"href":"https:\/\/presencevocale.fr\/veillevocale\/wp-json\/wp\/v2\/types\/page"}],"author":[{"embeddable":true,"href":"https:\/\/presencevocale.fr\/veillevocale\/wp-json\/wp\/v2\/users\/1"}],"replies":[{"embeddable":true,"href":"https:\/\/presencevocale.fr\/veillevocale\/wp-json\/wp\/v2\/comments?post=122"}],"version-history":[{"count":57,"href":"https:\/\/presencevocale.fr\/veillevocale\/wp-json\/wp\/v2\/pages\/122\/revisions"}],"predecessor-version":[{"id":673,"href":"https:\/\/presencevocale.fr\/veillevocale\/wp-json\/wp\/v2\/pages\/122\/revisions\/673"}],"wp:featuredmedia":[{"embeddable":true,"href":"https:\/\/presencevocale.fr\/veillevocale\/wp-json\/wp\/v2\/media\/134"}],"wp:attachment":[{"href":"https:\/\/presencevocale.fr\/veillevocale\/wp-json\/wp\/v2\/media?parent=122"}],"curies":[{"name":"wp","href":"https:\/\/api.w.org\/{rel}","templated":true}]}}