{"id":182,"date":"2015-12-06T02:00:04","date_gmt":"2015-12-06T01:00:04","guid":{"rendered":"http:\/\/presencevocale.fr\/veillevocale\/?page_id=182"},"modified":"2022-11-01T13:45:51","modified_gmt":"2022-11-01T12:45:51","slug":"videos-danatomie","status":"publish","type":"page","link":"https:\/\/presencevocale.fr\/veillevocale\/videos-danatomie\/","title":{"rendered":"Vid\u00e9os d&#8217;anatomie"},"content":{"rendered":"\n<figure class=\"wp-block-table\"><table><tbody><tr><td><strong><a href=\"https:\/\/www.youtube.com\/watch?app=desktop&amp;d=n&amp;feature=youtu.be&amp;v=ib5RuIYfsAE\" target=\"_blank\" rel=\"noreferrer noopener\">Diaphragme P\u00e9rin\u00e9e Intercostaux<\/a><\/strong><\/td><td>Vid\u00e9o 3D d&#8217;explication du fonctionnement du diaphragme. Chaine Anatomie 3D Lyon. YouTube (19,08 mn).<\/td><\/tr><tr><td>\n<p class=\"title style-scope ytd-video-primary-info-renderer\"><a href=\"https:\/\/www.youtube.com\/watch?v=SwfrCKt1WaE\" target=\"_blank\" rel=\"noopener\"><strong>Les 4 causes sous-jacentes d&#8217;une voix rauque<\/strong><\/a><\/p>\n<\/td><td><span class=\"style-scope yt-formatted-string\" dir=\"auto\">Cette vid\u00e9o explique les 4 principes de base qui sous-tendent pourquoi une voix devient rauque. Des exemples de diff\u00e9rentes pathologies du cordon vocal sont \u00e9galement d\u00e9montr\u00e9s pour illustrer chacun de ces principes. Des images endoscopiques ont \u00e9t\u00e9 obtenues en utilisant soit un syst\u00e8me stroboscopique KayPentax ou Olympus. YouTube (7,24 mn). Pour plus d&#8217;informations: <\/span><span class=\"style-scope yt-formatted-string\" dir=\"auto\"><a class=\"yt-simple-endpoint style-scope yt-formatted-string\" dir=\"auto\" spellcheck=\"false\" href=\"https:\/\/www.youtube.com\/redirect?event=video_description&amp;redir_token=QUFFLUhqbWtVVFVoVVVoOENEY3B6dENaZkJsalJ6d3dxUXxBQ3Jtc0tuR2R2MDNSdDVDenBnQ0V0Yk90aDFmLWVJLXdFMUJWeFQxczdFbC1UYnltb2t6WGJVelo0WmVTR0VYX3J6QWI4OU16SXRQdm9VMmRWZmFrdlV0RXIybTRPeGx2VFJXZEhOQjhxel9Lb0tVdnotWkluWQ&amp;q=https%3A%2F%2Fwww.FauquierENT.net%2Fvoice.htm\" target=\"_blank\" rel=\"nofollow noopener\">https:\/\/www.FauquierENT.net\/voice.htm<\/a><\/span><\/td><\/tr><tr><td><strong><a href=\"https:\/\/www.youtube.com\/watch?app=desktop&amp;d=n&amp;feature=youtu.be&amp;v=-XGds2GAvGQ&amp;has_verified=1\" target=\"_blank\" rel=\"noopener\">Fermeture des cordes vocales pendant le chant<\/a><br><\/strong><\/td><td><span class=\"style-scope yt-formatted-string\" dir=\"auto\">4 personnes dont les cordes vocales sont film\u00e9es pendant qu&#8217;ils chantent : &#8220;hear us and have mercy.&#8221;. YouTube (3,14 mn). <span style=\"color: #ff0000;\">Attention, cette vid\u00e9o est consid\u00e9r\u00e9e &#8220;pour adultes&#8221; par YouTube et n\u00e9cessite de valider son \u00e2ge avant visionnement.<\/span><br><\/span><\/td><\/tr><tr><td><strong><a href=\"https:\/\/www.youtube.com\/watch?time_continue=2&amp;v=q5H0033P2Bg&amp;feature=emb_logo\" target=\"_blank\" rel=\"noopener noreferrer\">Le cou et la voix<\/a><br><\/strong><\/td><td>Conf\u00e9rence de Blandine Calais-Germain &#8211; 29 avril 2020 &#8211; YouTube (1h58) &#8211; Conf\u00e9rence dans le cadre de la Maison de la Voix . Invit\u00e9e par Isabelle Marx et Elisabeth Peri Fontaa . Blandine nous parle du cou mobile ou stable pour le travail de la voix .<\/td><\/tr><tr><td><strong><a href=\"https:\/\/www.youtube.com\/watch?v=wvPl180suUU\" target=\"_blank\" rel=\"noopener noreferrer\">Anatomie 3D Lyon : le Larynx, vibration des cordes vocales<\/a><\/strong><\/td><td>Animation 3D (1 mn 11)<\/td><\/tr><tr><td><strong><a href=\"https:\/\/www.youtube.com\/watch?v=MxxV35UrUBw&amp;feature=youtu.be\" target=\"_blank\" rel=\"noopener noreferrer\">Paul Jungeblodt : Voice Trix : The Respiratory System<\/a><\/strong><\/td><td>Film d&#8217;animation mettant en sc\u00e8ne une jeune femme qui nous montre comment respirer (2 mn 31)<\/td><\/tr><tr><td><strong><a href=\"https:\/\/www.youtube.com\/watch?v=aFw7MTRucoM\" target=\"_blank\" rel=\"noopener noreferrer\">Anatomie 3D Lyon : Muscle diaphragme, p\u00e9rin\u00e9e simplifi\u00e9, muscles intercostaux, tronc-caisson<\/a><\/strong><\/td><td>&nbsp;Animation 3D (2 mn 37)<\/td><\/tr><tr><td><strong><a href=\"https:\/\/www.youtube.com\/watch?v=mXxhVVG6rI4\" target=\"_blank\" rel=\"noopener noreferrer\">Ecole fran\u00e7aise de sophrologie : la respiration diaphragmatique<\/a><\/strong><\/td><td>&nbsp;La respiration totale (2 mn 12)<\/td><\/tr><tr><td><strong><a href=\"https:\/\/www.youtube.com\/watch?v=ZVIxVgPgIpA\" target=\"_blank\" rel=\"noopener noreferrer\">Lucie Cambrai : Le larynx : son r\u00f4le dans la phonation<\/a><\/strong><\/td><td>Animation produite dans le cadre de la formation &#8220;La voix de l&#8217;adulte &#8211; Du bilan \u00e0 la fin de la prise en charge orthophonique&#8221;, dispens\u00e9e par Lucie Cambrai, orthophoniste. (5 mn 17)<\/td><\/tr><tr><td><a href=\"https:\/\/www.youtube.com\/watch?v=-UR4UYWRK14\" target=\"_blank\" rel=\"noopener noreferrer\"><strong>La boucle audio-phonatoire<\/strong><\/a><\/td><td>La fa\u00e7on dont nous percevons les sons est d\u00e9terminante pour la qualit\u00e9 de notre \u00e9mission sonore chant\u00e9e comme parl\u00e9e. Dans cette vid\u00e9o, Gilles Pesnot d\u00e9cortique pour vous le processus de la phonation, de la perception des sons jusqu\u2019\u00e0 la voix parl\u00e9e et chant\u00e9e et donne les clefs d&#8217;une am\u00e9lioration rapide de la voix (14 mn 08)<\/td><\/tr><tr><td><a href=\"https:\/\/leblob.fr\/techno\/exploration-du-conduit-vocal\" target=\"_blank\" rel=\"noopener noreferrer\"><strong>Exploration du conduit vocal<\/strong><\/a><\/td><td>La voix ne se r\u00e9sume pas aux cordes vocales. D\u00e9monstration&#8230; Film pr\u00e9sent\u00e9 dans l&#8217;exposition <a title=\"film d'exposition\" href=\"http:\/\/www.cite-sciences.fr\/fr\/a-visiter\/expositions-temporaires\/la-voix\/\" target=\"_blank\" rel=\"noopener noreferrer\"><em>La voix, l&#8217;expo qui vous parle<\/em> <\/a>\u00e0 la Cit\u00e9 des sciences jusqu&#8217;au 28 septembre 2014. (3 mn 34)<\/td><\/tr><\/tbody><\/table><\/figure>\n","protected":false},"excerpt":{"rendered":"<p>Diaphragme P\u00e9rin\u00e9e Intercostaux Vid\u00e9o 3D d&#8217;explication du fonctionnement du diaphragme. Chaine Anatomie 3D Lyon. YouTube (19,08 mn). Les 4 causes sous-jacentes d&#8217;une voix rauque Cette vid\u00e9o explique les 4 principes de base qui sous-tendent pourquoi une voix devient rauque. Des exemples de diff\u00e9rentes pathologies du cordon vocal sont \u00e9galement d\u00e9montr\u00e9s pour illustrer chacun de ces principes. Des images endoscopiques ont \u00e9t\u00e9 obtenues en utilisant soit un syst\u00e8me stroboscopique KayPentax ou Olympus. YouTube (7,24 mn). Pour plus d&#8217;informations: https:\/\/www.FauquierENT.net\/voice.htm Fermeture des&#8230;<\/p>\n<p class=\"read-more\"><a class=\"btn btn-default\" href=\"https:\/\/presencevocale.fr\/veillevocale\/videos-danatomie\/\">Lire la suite<span class=\"screen-reader-text\"> Lire la suite<\/span><\/a><\/p>\n","protected":false},"author":1,"featured_media":621,"parent":0,"menu_order":0,"comment_status":"closed","ping_status":"closed","template":"","meta":{"footnotes":""},"class_list":["post-182","page","type-page","status-publish","has-post-thumbnail","hentry"],"_links":{"self":[{"href":"https:\/\/presencevocale.fr\/veillevocale\/wp-json\/wp\/v2\/pages\/182","targetHints":{"allow":["GET"]}}],"collection":[{"href":"https:\/\/presencevocale.fr\/veillevocale\/wp-json\/wp\/v2\/pages"}],"about":[{"href":"https:\/\/presencevocale.fr\/veillevocale\/wp-json\/wp\/v2\/types\/page"}],"author":[{"embeddable":true,"href":"https:\/\/presencevocale.fr\/veillevocale\/wp-json\/wp\/v2\/users\/1"}],"replies":[{"embeddable":true,"href":"https:\/\/presencevocale.fr\/veillevocale\/wp-json\/wp\/v2\/comments?post=182"}],"version-history":[{"count":23,"href":"https:\/\/presencevocale.fr\/veillevocale\/wp-json\/wp\/v2\/pages\/182\/revisions"}],"predecessor-version":[{"id":676,"href":"https:\/\/presencevocale.fr\/veillevocale\/wp-json\/wp\/v2\/pages\/182\/revisions\/676"}],"wp:featuredmedia":[{"embeddable":true,"href":"https:\/\/presencevocale.fr\/veillevocale\/wp-json\/wp\/v2\/media\/621"}],"wp:attachment":[{"href":"https:\/\/presencevocale.fr\/veillevocale\/wp-json\/wp\/v2\/media?parent=182"}],"curies":[{"name":"wp","href":"https:\/\/api.w.org\/{rel}","templated":true}]}}