{"id":275,"date":"2016-08-29T02:40:34","date_gmt":"2016-08-29T01:40:34","guid":{"rendered":"http:\/\/presencevocale.fr\/veillevocale\/?page_id=275"},"modified":"2021-07-25T19:04:11","modified_gmt":"2021-07-25T18:04:11","slug":"a-propos-de-ce-site","status":"publish","type":"page","link":"https:\/\/presencevocale.fr\/veillevocale\/a-propos-de-ce-site\/","title":{"rendered":"A propos de ce site"},"content":{"rendered":"\n<div class=\"wp-block-image\"><figure class=\"aligncenter size-full is-resized\"><a href=\"https:\/\/presencevocale.fr\/veillevocale\/wp-content\/uploads\/2015\/11\/cropped-Fotolia_80971623_S-1.jpg\"><img loading=\"lazy\" decoding=\"async\" src=\"https:\/\/presencevocale.fr\/veillevocale\/wp-content\/uploads\/2015\/11\/cropped-Fotolia_80971623_S-1.jpg\" alt=\"\" class=\"wp-image-401\" width=\"339\" height=\"195\" srcset=\"https:\/\/presencevocale.fr\/veillevocale\/wp-content\/uploads\/2015\/11\/cropped-Fotolia_80971623_S-1.jpg 852w, https:\/\/presencevocale.fr\/veillevocale\/wp-content\/uploads\/2015\/11\/cropped-Fotolia_80971623_S-1-300x173.jpg 300w, https:\/\/presencevocale.fr\/veillevocale\/wp-content\/uploads\/2015\/11\/cropped-Fotolia_80971623_S-1-768x442.jpg 768w\" sizes=\"auto, (max-width: 339px) 100vw, 339px\" \/><\/a><\/figure><\/div>\n\n\n\n<p>Ce site a vocation \u00e0 rassembler tous types d&#8217;informations dans le domaine de la voix.<\/p>\n\n\n\n<p>Vous y trouverez des actualit\u00e9s, ainsi que des r\u00e9f\u00e9rences de livres et des vid\u00e9os. Vous y trouverez \u00e9galement des adresses de sites de formations, cours et stages, que je connais pour les avoir largement pratiqu\u00e9s ou parce qu&#8217;ils sont propos\u00e9s par des personnes dont je respecte l&#8217;expertise et les talents p\u00e9dagogiques.<\/p>\n\n\n\n<p>N&#8217;h\u00e9sitez pas \u00e0 me faire part de vos commentaires. Vos contributions sont \u00e9galement bienvenues.<\/p>\n\n\n\n<h4 class=\"wp-block-heading\"><strong>\n\n<!-- Fast Secure Contact Form plugin 4.0.52 - begin - FastSecureContactForm.com -->\r\n<div style=\"clear:both;\"><\/div>\n<p>Pour me contacter : <\/p>\r\n<div id=\"FSContact1\" style=\"width:99%; max-width:555px;\">\r\n<form action=\"https:\/\/presencevocale.fr\/veillevocale\/wp-json\/wp\/v2\/pages\/275#FSContact1\" id=\"fscf_form1\" method=\"post\">\r\n\n<div id=\"fscf_required1\">\n  <span style=\"text-align:left;\">*<\/span> <span style=\"text-align:left;\">indique un champ requis<\/span>\n<\/div>\n\n\n<div id=\"fscf_div_clear1_0\" style=\"clear:both;\">\n  <div id=\"fscf_div_field1_0\" style=\"clear:left; float:left; width:99%; max-width:550px; margin-right:10px;\">\r\n    <div style=\"text-align:left; padding-top:5px;\">\n      <label style=\"text-align:left;\" for=\"fscf_name1\">Nom<span style=\"text-align:left;\">*<\/span><\/label>\n    <\/div>\r\n    <div style=\"text-align:left;\">\r\n      <input style=\"text-align:left; margin:0; width:99%; max-width:250px;\" type=\"text\" id=\"fscf_name1\" name=\"full_name\" value=\"\"  readonly=\"readonly\" \/>\r\n    <\/div>\r\n  <\/div>\n<\/div>\n\n<div id=\"fscf_div_clear1_4\" style=\"clear:both;\">\n  <div id=\"fscf_div_field1_4\" style=\"clear:left; float:left; width:99%; max-width:550px; margin-right:10px;\">\n    <div  id=\"fscf_label1_4\" style=\"text-align:left; padding-top:5px;\">\r\n      <label style=\"text-align:left;\" for=\"fscf_field1_4\">Pr\u00e9nom<span style=\"text-align:left;\">*<\/span><\/label>\n    <\/div>\n    <div style=\"text-align:left;\">\n      <input style=\"text-align:left; margin:0; width:99%; max-width:250px;\" type=\"text\" id=\"fscf_field1_4\" name=\"Prenom\" value=\"\"  \/>\n    <\/div>\n  <\/div>\n<\/div>\n\n<div id=\"fscf_div_clear1_5\" style=\"clear:both;\">\n  <div id=\"fscf_div_field1_5\" style=\"clear:left; float:left; width:99%; max-width:550px; margin-right:10px;\">\n    <div  id=\"fscf_label1_5\" style=\"text-align:left; padding-top:5px;\">\r\n      <label style=\"text-align:left;\" for=\"fscf_field1_5\">Organisme ou collectivit\u00e9 :<\/label>\n    <\/div>\n    <div style=\"text-align:left;\">\n      <input style=\"text-align:left; margin:0; width:99%; max-width:250px;\" type=\"text\" id=\"fscf_field1_5\" name=\"Organisme-ou-collectivite\" value=\"\"  \/>\n    <\/div>\n  <\/div>\n<\/div>\n\n<div id=\"fscf_div_clear1_1\" style=\"clear:both;\">\n  <div id=\"fscf_div_field1_1\" style=\"clear:left; float:left; width:99%; max-width:550px; margin-right:10px;\">\n    <div style=\"text-align:left; padding-top:5px;\">\n      <label style=\"text-align:left;\" for=\"fscf_email1\">Courriel<span style=\"text-align:left;\">*<\/span><\/label>\n    <\/div>\n    <div style=\"text-align:left;\">\n      <input style=\"text-align:left; margin:0; width:99%; max-width:250px;\" type=\"text\" id=\"fscf_email1\" name=\"email\" value=\"\"  readonly=\"readonly\" \/>\n    <\/div>\n  <\/div>\n<\/div>\n\n<div id=\"fscf_div_clear1_2\" style=\"clear:both;\">\n  <div id=\"fscf_div_field1_2\" style=\"clear:left; float:left; width:99%; max-width:550px; margin-right:10px;\">\n    <div style=\"text-align:left; padding-top:5px;\">\n      <label style=\"text-align:left;\" for=\"fscf_field1_2\">Sujet<span style=\"text-align:left;\">*<\/span><\/label>\n    <\/div>\n    <div style=\"text-align:left;\">\n      <input style=\"text-align:left; margin:0; width:99%; max-width:250px;\" type=\"text\" id=\"fscf_field1_2\" name=\"subject\" value=\"\"  \/>\n    <\/div>\n  <\/div>\n<\/div>\n\n<div id=\"fscf_div_clear1_3\" style=\"clear:both;\">\n  <div id=\"fscf_div_field1_3\" style=\"clear:left; float:left; width:99%; max-width:550px; margin-right:10px;\">\n    <div style=\"text-align:left; padding-top:5px;\">\n      <label style=\"text-align:left;\" for=\"fscf_field1_3\">Message<span style=\"text-align:left;\">*<\/span><\/label>\n    <\/div>\n    <div style=\"text-align:left;\">\n      <textarea style=\"text-align:left; margin:0; width:99%; max-width:250px; height:120px;\" id=\"fscf_field1_3\" name=\"message\" cols=\"30\" rows=\"10\" ><\/textarea>\n    <\/div>\n  <\/div>\n<\/div>\r\n<div style=\"clear:both;\"><\/div>\n\n<div style=\"text-align:left; padding-top:5px;\">\n<\/div>\n<div id=\"fscf_captcha_image_div1\" style=\"width:250px; height:65px; padding-top:2px;\">\n      <img loading=\"lazy\" decoding=\"async\" id=\"fscf_captcha_image1\" style=\"border-style:none; margin:0; padding:0px; padding-right:5px; float:left;\" src=\"https:\/\/presencevocale.fr\/veillevocale\/wp-content\/plugins\/si-contact-form\/captcha\/securimage_show.php?prefix=LwQskTrzVUWkWTbf\" width=\"175\" height=\"60\" alt=\"Code Anti-spam\" title=\"Code Anti-spam\" \/>\n      <input id=\"fscf_captcha_prefix1\" type=\"hidden\" name=\"fscf_captcha_prefix1\" value=\"LwQskTrzVUWkWTbf\" \/>\n     <div id=\"fscf_captcha_refresh1\">\n        <a href=\"#\" rel=\"nofollow\" title=\"Rafra\u00eechir\" onclick=\"fscf_captcha_refresh('1','\/veillevocale\/wp-content\/plugins\/si-contact-form\/captcha','https:\/\/presencevocale.fr\/veillevocale\/wp-content\/plugins\/si-contact-form\/captcha\/securimage_show.php?prefix='); return false;\">\n        <img loading=\"lazy\" decoding=\"async\" src=\"https:\/\/presencevocale.fr\/veillevocale\/wp-content\/plugins\/si-contact-form\/captcha\/images\/refresh.png\" width=\"22\" height=\"20\" alt=\"Rafra\u00eechir\" style=\"border-style:none; margin:0; padding:0px; vertical-align:bottom;\" onclick=\"this.blur();\" \/><\/a>\r\n     <\/div>\r\n<\/div>\r\n\r\n<div id=\"fscf_captcha_field1\" style=\"text-align:left; padding-top:5px;\">\r\n     <label style=\"text-align:left;\" for=\"fscf_captcha_code1\">Code Anti-spam<span style=\"text-align:left;\">*<\/span><\/label>\r\n<\/div>\r\n<div style=\"text-align:left;\">\n     <input style=\"text-align:left; margin:0; width:50px;\" type=\"text\" value=\"\" autocomplete=\"off\" id=\"fscf_captcha_code1\" name=\"captcha_code\"  \/>\n<\/div>\n\n<div id=\"fscf_submit_div1\" style=\"text-align:left; clear:both; padding-top:15px;\">\r\n\t\t<input type=\"submit\" id=\"fscf_submit1\" style=\"cursor:pointer; margin:0;\" value=\"Envoyer\"  onclick=\"this.disabled=true; this.value='Soumis...'; this.form.submit();\" \/> \n<\/div>\n\n<input type=\"hidden\" name=\"fscf_submitted\" value=\"0\" \/>\n<input type=\"hidden\" name=\"fs_postonce_1\" value=\"8587c09680bc2e01fb1d7eebd033e6ff,1776382644\" \/>\n<input type=\"hidden\" name=\"si_contact_action\" value=\"send\" \/>\n<input type=\"hidden\" name=\"form_id\" value=\"1\" \/>\n<input type=\"hidden\" name=\"mailto_id\" value=\"1\" \/>\n\n<\/form>\n<\/div>\r\n<div style=\"clear:both;\"><\/div>\n\n<!-- Fast Secure Contact Form plugin 4.0.52 - end - FastSecureContactForm.com -->\n<\/strong><\/h4>\n","protected":false},"excerpt":{"rendered":"<p>Ce site a vocation \u00e0 rassembler tous types d&#8217;informations dans le domaine de la voix. Vous y trouverez des actualit\u00e9s, ainsi que des r\u00e9f\u00e9rences de livres et des vid\u00e9os. Vous y trouverez \u00e9galement des adresses de sites de formations, cours et stages, que je connais pour les avoir largement pratiqu\u00e9s ou parce qu&#8217;ils sont propos\u00e9s par des personnes dont je respecte l&#8217;expertise et les talents p\u00e9dagogiques. N&#8217;h\u00e9sitez pas \u00e0 me faire part de vos commentaires. Vos contributions sont \u00e9galement bienvenues.<\/p>\n","protected":false},"author":1,"featured_media":0,"parent":0,"menu_order":0,"comment_status":"closed","ping_status":"closed","template":"","meta":{"footnotes":""},"class_list":["post-275","page","type-page","status-publish","hentry"],"_links":{"self":[{"href":"https:\/\/presencevocale.fr\/veillevocale\/wp-json\/wp\/v2\/pages\/275","targetHints":{"allow":["GET"]}}],"collection":[{"href":"https:\/\/presencevocale.fr\/veillevocale\/wp-json\/wp\/v2\/pages"}],"about":[{"href":"https:\/\/presencevocale.fr\/veillevocale\/wp-json\/wp\/v2\/types\/page"}],"author":[{"embeddable":true,"href":"https:\/\/presencevocale.fr\/veillevocale\/wp-json\/wp\/v2\/users\/1"}],"replies":[{"embeddable":true,"href":"https:\/\/presencevocale.fr\/veillevocale\/wp-json\/wp\/v2\/comments?post=275"}],"version-history":[{"count":20,"href":"https:\/\/presencevocale.fr\/veillevocale\/wp-json\/wp\/v2\/pages\/275\/revisions"}],"predecessor-version":[{"id":590,"href":"https:\/\/presencevocale.fr\/veillevocale\/wp-json\/wp\/v2\/pages\/275\/revisions\/590"}],"wp:attachment":[{"href":"https:\/\/presencevocale.fr\/veillevocale\/wp-json\/wp\/v2\/media?parent=275"}],"curies":[{"name":"wp","href":"https:\/\/api.w.org\/{rel}","templated":true}]}}