{"id":72,"date":"2020-04-02T17:46:00","date_gmt":"2020-04-02T16:46:00","guid":{"rendered":"http:\/\/presencevocale.fr\/veillevocale\/?page_id=72"},"modified":"2023-08-10T23:00:55","modified_gmt":"2023-08-10T22:00:55","slug":"chanter","status":"publish","type":"page","link":"https:\/\/presencevocale.fr\/veillevocale\/chanter\/","title":{"rendered":"Chanter"},"content":{"rendered":"\n<div class=\"wp-block-group\"><div class=\"wp-block-group__inner-container is-layout-constrained wp-block-group-is-layout-constrained\">\n<div class=\"wp-block-group\"><div class=\"wp-block-group__inner-container is-layout-constrained wp-block-group-is-layout-constrained\">\n<div class=\"wp-block-group is-horizontal is-content-justification-left is-layout-flex wp-container-core-group-is-layout-9cde4f48 wp-block-group-is-layout-flex\">\n<figure class=\"wp-block-image size-large is-resized\"><a href=\"https:\/\/presencevocale.fr\/veillevocale\/wp-content\/uploads\/2023\/08\/image0-1-rotated.jpeg\"><img loading=\"lazy\" decoding=\"async\" src=\"https:\/\/presencevocale.fr\/veillevocale\/wp-content\/uploads\/2023\/08\/image0-1-768x1024.jpeg\" alt=\"\" class=\"wp-image-689\" style=\"width:243px;height:324px\" width=\"243\" height=\"324\" srcset=\"https:\/\/presencevocale.fr\/veillevocale\/wp-content\/uploads\/2023\/08\/image0-1-768x1024.jpeg 768w, https:\/\/presencevocale.fr\/veillevocale\/wp-content\/uploads\/2023\/08\/image0-1-225x300.jpeg 225w, https:\/\/presencevocale.fr\/veillevocale\/wp-content\/uploads\/2023\/08\/image0-1-1152x1536.jpeg 1152w, https:\/\/presencevocale.fr\/veillevocale\/wp-content\/uploads\/2023\/08\/image0-1-203x270.jpeg 203w, https:\/\/presencevocale.fr\/veillevocale\/wp-content\/uploads\/2023\/08\/image0-1-rotated.jpeg 1512w\" sizes=\"auto, (max-width: 243px) 100vw, 243px\" \/><\/a><\/figure>\n\n\n\n<figure class=\"wp-block-image size-large is-resized\"><a href=\"https:\/\/presencevocale.fr\/veillevocale\/wp-content\/uploads\/2023\/08\/image1-2-rotated.jpeg\"><img loading=\"lazy\" decoding=\"async\" src=\"https:\/\/presencevocale.fr\/veillevocale\/wp-content\/uploads\/2023\/08\/image1-2-768x1024.jpeg\" alt=\"\" class=\"wp-image-691\" style=\"width:245px;height:326px\" width=\"245\" height=\"326\" srcset=\"https:\/\/presencevocale.fr\/veillevocale\/wp-content\/uploads\/2023\/08\/image1-2-768x1024.jpeg 768w, https:\/\/presencevocale.fr\/veillevocale\/wp-content\/uploads\/2023\/08\/image1-2-225x300.jpeg 225w, https:\/\/presencevocale.fr\/veillevocale\/wp-content\/uploads\/2023\/08\/image1-2-1152x1536.jpeg 1152w, https:\/\/presencevocale.fr\/veillevocale\/wp-content\/uploads\/2023\/08\/image1-2-203x270.jpeg 203w, https:\/\/presencevocale.fr\/veillevocale\/wp-content\/uploads\/2023\/08\/image1-2-rotated.jpeg 1512w\" sizes=\"auto, (max-width: 245px) 100vw, 245px\" \/><\/a><\/figure>\n\n\n\n<p>PUGET DOS SANTOS, Annie. <em>A la crois\u00e9e des voix<\/em>. Janv. 2023 (acquisition aupr\u00e8s de l&#8217;auteure)<br>Annie Puget a une exp\u00e9rience tr\u00e8s approfondie de la pratique vocale, de la p\u00e9dagogie, ainsi que du handicap mental et moteur. Elle accompagne depuis de nombreuses ann\u00e9es des groupes de tous ordres, particuliers comme professionnels, dans leur apprentissage du chant mais aussi de la reconnexion avec leur \u00eatre profond. Son approche est bas\u00e9e sur la fluidit\u00e9 int\u00e9rieure entre le mental, l&#8217;\u00e9motionnel et le corporel, dans une tentative de dialogue avec l&#8217;alt\u00e9rit\u00e9 en soi et autour de soi, la cr\u00e9ativit\u00e9, et la libert\u00e9 individuelle et collective. Cet ouvrage est \u00e0 la fois un descriptif de son parcours et un panorama concret de sa pratique. Il contient de plus des t\u00e9moignages et des exemples d&#8217;\u00e9crits r\u00e9alis\u00e9s par les participants lors de ses formations. Il est extr\u00eamement facile d&#8217;acc\u00e8s pour tous et sera tr\u00e8s utile aux professionnels.<\/p>\n<\/div>\n<\/div><\/div>\n<\/div><\/div>\n\n\n\n<p><\/p>\n\n\n\n<div class=\"wp-block-media-text alignwide is-stacked-on-mobile\"><figure class=\"wp-block-media-text__media\"><a href=\"https:\/\/www.editions-tredaniel.com\/la-pratique-du-yoga-du-son-cd-p-6515.html\" target=\"_blank\" rel=\"noopener\"><img loading=\"lazy\" decoding=\"async\" width=\"692\" height=\"1024\" src=\"https:\/\/presencevocale.fr\/veillevocale\/wp-content\/uploads\/2022\/02\/Livre-Yoga-du-son-2-692x1024.jpg\" alt=\"\" class=\"wp-image-625 size-full\" srcset=\"https:\/\/presencevocale.fr\/veillevocale\/wp-content\/uploads\/2022\/02\/Livre-Yoga-du-son-2-692x1024.jpg 692w, https:\/\/presencevocale.fr\/veillevocale\/wp-content\/uploads\/2022\/02\/Livre-Yoga-du-son-2-203x300.jpg 203w, https:\/\/presencevocale.fr\/veillevocale\/wp-content\/uploads\/2022\/02\/Livre-Yoga-du-son-2-768x1136.jpg 768w, https:\/\/presencevocale.fr\/veillevocale\/wp-content\/uploads\/2022\/02\/Livre-Yoga-du-son-2-183x270.jpg 183w, https:\/\/presencevocale.fr\/veillevocale\/wp-content\/uploads\/2022\/02\/Livre-Yoga-du-son-2.jpg 800w\" sizes=\"auto, (max-width: 692px) 100vw, 692px\" \/><\/a><\/figure><div class=\"wp-block-media-text__content\">\n<p class=\"has-medium-font-size\">FARGEOT, V\u00e9ronique et Denis. <em>La pratique du yoga du son : gu\u00e9rir par les 5 sons-m\u00e8res.<\/em><br>Le Courrier du livre, 2015<\/p>\n\n\n\n<p>Dans cet ouvrage magnifiquement illustr\u00e9, les auteurs nous invitent \u00e0 exp\u00e9rimenter les 5 Sons-M\u00e8res &#8211; les 5 voyelles sacr\u00e9es universelles &#8211; et \u00e0 apprendre les bases du chant harmonique, ainsi que quelques mantras primordiaux, pour nous connecter \u00e0 nos ressources int\u00e9rieures et nous ouvrir \u00e0 notre dimension sacr\u00e9e. ces chants tr\u00e8s vibratoires viennent r\u00e9sonner sur tous les plans de l&#8217;\u00eatre.<\/p>\n\n\n\n<p>Accompagn\u00e9 d&#8217;un CD<\/p>\n<\/div><\/div>\n\n\n\n<div class=\"wp-block-media-text alignwide is-stacked-on-mobile\"><figure class=\"wp-block-media-text__media\"><img loading=\"lazy\" decoding=\"async\" width=\"352\" height=\"499\" src=\"https:\/\/presencevocale.fr\/veillevocale\/wp-content\/uploads\/2020\/04\/41BFW6MbxlL._SX350_BO1204203200_.jpg\" alt=\"\" class=\"wp-image-544 size-full\" srcset=\"https:\/\/presencevocale.fr\/veillevocale\/wp-content\/uploads\/2020\/04\/41BFW6MbxlL._SX350_BO1204203200_.jpg 352w, https:\/\/presencevocale.fr\/veillevocale\/wp-content\/uploads\/2020\/04\/41BFW6MbxlL._SX350_BO1204203200_-212x300.jpg 212w, https:\/\/presencevocale.fr\/veillevocale\/wp-content\/uploads\/2020\/04\/41BFW6MbxlL._SX350_BO1204203200_-190x270.jpg 190w\" sizes=\"auto, (max-width: 352px) 100vw, 352px\" \/><\/figure><div class=\"wp-block-media-text__content\">\n<p>CORNUT, Guy, Coord. <em>Moyens d&#8217;investigation et p\u00e9dagogie de la voix chant\u00e9e<\/em><br>Sym\u00e9trie, 2002<\/p>\n\n\n\n<p>Recueil des actes du colloque tenu les 8, 9 et 10 f\u00e9vrier 2001, au Conservatoire national de r\u00e9gion de Lyon dans le cadre des rencontres vocales en r\u00e9gion Rh\u00f4ne-Alpes. La physiologie et le fonctionnement de la voix chant\u00e9e. La p\u00e9dagogie de la voix chant\u00e9e.<\/p>\n\n\n\n<p>Avec un CD<\/p>\n<\/div><\/div>\n\n\n\n<div class=\"wp-block-media-text alignwide is-stacked-on-mobile\"><figure class=\"wp-block-media-text__media\"><img loading=\"lazy\" decoding=\"async\" width=\"304\" height=\"450\" src=\"https:\/\/presencevocale.fr\/veillevocale\/wp-content\/uploads\/2020\/04\/541_1165.jpg\" alt=\"\" class=\"wp-image-545 size-full\" srcset=\"https:\/\/presencevocale.fr\/veillevocale\/wp-content\/uploads\/2020\/04\/541_1165.jpg 304w, https:\/\/presencevocale.fr\/veillevocale\/wp-content\/uploads\/2020\/04\/541_1165-203x300.jpg 203w, https:\/\/presencevocale.fr\/veillevocale\/wp-content\/uploads\/2020\/04\/541_1165-182x270.jpg 182w\" sizes=\"auto, (max-width: 304px) 100vw, 304px\" \/><\/figure><div class=\"wp-block-media-text__content\">\n<p>DUBOIS, Marie &#8211; <em>Le guide du savoir chanter.<\/em><br>Alternatives, 2008<\/p>\n\n\n\n<p>Panorama synth\u00e9tique : l&#8217;utilit\u00e9 du chant, physiologie de la voix,&nbsp; m\u00e9thodes d&#8217;entrainement, savoir interpr\u00e9ter, choisir un professeur. Liste aussi les fili\u00e8res pour se professionnaliser et les sources d&#8217;information. Avec un lexique et une bibliographie.<\/p>\n<\/div><\/div>\n\n\n\n<div class=\"wp-block-media-text alignwide is-stacked-on-mobile\"><figure class=\"wp-block-media-text__media\"><img loading=\"lazy\" decoding=\"async\" width=\"387\" height=\"546\" src=\"https:\/\/presencevocale.fr\/veillevocale\/wp-content\/uploads\/2020\/04\/COUV-au-coeur-chant-w.png\" alt=\"\" class=\"wp-image-546 size-full\" srcset=\"https:\/\/presencevocale.fr\/veillevocale\/wp-content\/uploads\/2020\/04\/COUV-au-coeur-chant-w.png 387w, https:\/\/presencevocale.fr\/veillevocale\/wp-content\/uploads\/2020\/04\/COUV-au-coeur-chant-w-213x300.png 213w, https:\/\/presencevocale.fr\/veillevocale\/wp-content\/uploads\/2020\/04\/COUV-au-coeur-chant-w-191x270.png 191w\" sizes=\"auto, (max-width: 387px) 100vw, 387px\" \/><\/figure><div class=\"wp-block-media-text__content\">\n<p>MONASTESSE, Fleur-Lise &#8211; <em>Au coeur du chant : une voie pour nourrir son chemin existentiel.<\/em><br>Le souffle d&#8217;Or, 2015<\/p>\n\n\n\n<p>Le sens profond et les bienfaits du chant pour se sentir vivant. S&#8217;exprimer par le chant. S&#8217;\u00e9panouir dans le chant mutuel.<\/p>\n<\/div><\/div>\n\n\n\n<div class=\"wp-block-media-text alignwide is-stacked-on-mobile\"><figure class=\"wp-block-media-text__media\"><img loading=\"lazy\" decoding=\"async\" width=\"395\" height=\"475\" src=\"https:\/\/presencevocale.fr\/veillevocale\/wp-content\/uploads\/2020\/04\/885250-gf.jpg\" alt=\"\" class=\"wp-image-547 size-full\" srcset=\"https:\/\/presencevocale.fr\/veillevocale\/wp-content\/uploads\/2020\/04\/885250-gf.jpg 395w, https:\/\/presencevocale.fr\/veillevocale\/wp-content\/uploads\/2020\/04\/885250-gf-249x300.jpg 249w, https:\/\/presencevocale.fr\/veillevocale\/wp-content\/uploads\/2020\/04\/885250-gf-225x270.jpg 225w\" sizes=\"auto, (max-width: 395px) 100vw, 395px\" \/><\/figure><div class=\"wp-block-media-text__content\">\n<p>PHILLIPS, Pamelia S., JOST, Mariette. <em>Le Chant pour les nuls<\/em><br>First Editions, 2017<\/p>\n\n\n\n<p>Passe en revue tous les domaines de la voix chant\u00e9e, depuis les (bonnes) raisons de chanter, jusqu&#8217;\u00e0 la technique vocale, en passant par la connaissance des diff\u00e9rents types de voix et le chant en public. Une partie est consacr\u00e9e \u00e0 un panorama de quelques chanteurs d&#8217;op\u00e9ra, chanteurs populaires et compositeurs classiques, ainsi qu&#8217;\u00e0 des conseils cibl\u00e9s et synth\u00e9tiques.<\/p>\n\n\n\n<p>Avec un CD d&#8217;exemples et d&#8217;exercices<\/p>\n<\/div><\/div>\n\n\n\n<div class=\"wp-block-media-text alignwide is-stacked-on-mobile\"><figure class=\"wp-block-media-text__media\"><img loading=\"lazy\" decoding=\"async\" width=\"309\" height=\"499\" src=\"https:\/\/presencevocale.fr\/veillevocale\/wp-content\/uploads\/2020\/04\/Tao-du-chant-spontane\u0301.jpg\" alt=\"\" class=\"wp-image-548 size-full\" srcset=\"https:\/\/presencevocale.fr\/veillevocale\/wp-content\/uploads\/2020\/04\/Tao-du-chant-spontane\u0301.jpg 309w, https:\/\/presencevocale.fr\/veillevocale\/wp-content\/uploads\/2020\/04\/Tao-du-chant-spontane\u0301-186x300.jpg 186w, https:\/\/presencevocale.fr\/veillevocale\/wp-content\/uploads\/2020\/04\/Tao-du-chant-spontane\u0301-167x270.jpg 167w\" sizes=\"auto, (max-width: 309px) 100vw, 309px\" \/><\/figure><div class=\"wp-block-media-text__content\">\n<p>BOYER, Christophe, <em>Le Tao du chant spontan\u00e9<\/em>. Ed. Lulu.Com, 2017<\/p>\n\n\n\n<p>Christophe Boyer, professeur de chant spontan\u00e9 r\u00e9put\u00e9, d\u00e9veloppe ici son approche de la libert\u00e9 de la voix. Il en d\u00e9crit la d\u00e9marche et les effets, dans un style \u00e0 la fois po\u00e9tique et extr\u00eamement concret, qui permet de comprendre ce qu&#8217;implique le chant spontan\u00e9, \u00e0 la fois en tant que technique vocale et mode d&#8217;affirmation de son \u00eatre au monde. Pour tout passionn\u00e9 du chant et de la voix, ce livre se lit comme un roman et ouvre de nouveaux horizons.<\/p>\n<\/div><\/div>\n","protected":false},"excerpt":{"rendered":"<p>PUGET DOS SANTOS, Annie. A la crois\u00e9e des voix. Janv. 2023 (acquisition aupr\u00e8s de l&#8217;auteure)Annie Puget a une exp\u00e9rience tr\u00e8s approfondie de la pratique vocale, de la p\u00e9dagogie, ainsi que du handicap mental et moteur. Elle accompagne depuis de nombreuses ann\u00e9es des groupes de tous ordres, particuliers comme professionnels, dans leur apprentissage du chant mais aussi de la reconnexion avec leur \u00eatre profond. Son approche est bas\u00e9e sur la fluidit\u00e9 int\u00e9rieure entre le mental, l&#8217;\u00e9motionnel et le corporel, dans une&#8230;<\/p>\n<p class=\"read-more\"><a class=\"btn btn-default\" href=\"https:\/\/presencevocale.fr\/veillevocale\/chanter\/\">Lire la suite<span class=\"screen-reader-text\"> Lire la suite<\/span><\/a><\/p>\n","protected":false},"author":1,"featured_media":0,"parent":0,"menu_order":0,"comment_status":"closed","ping_status":"closed","template":"","meta":{"footnotes":""},"class_list":["post-72","page","type-page","status-publish","hentry"],"_links":{"self":[{"href":"https:\/\/presencevocale.fr\/veillevocale\/wp-json\/wp\/v2\/pages\/72","targetHints":{"allow":["GET"]}}],"collection":[{"href":"https:\/\/presencevocale.fr\/veillevocale\/wp-json\/wp\/v2\/pages"}],"about":[{"href":"https:\/\/presencevocale.fr\/veillevocale\/wp-json\/wp\/v2\/types\/page"}],"author":[{"embeddable":true,"href":"https:\/\/presencevocale.fr\/veillevocale\/wp-json\/wp\/v2\/users\/1"}],"replies":[{"embeddable":true,"href":"https:\/\/presencevocale.fr\/veillevocale\/wp-json\/wp\/v2\/comments?post=72"}],"version-history":[{"count":24,"href":"https:\/\/presencevocale.fr\/veillevocale\/wp-json\/wp\/v2\/pages\/72\/revisions"}],"predecessor-version":[{"id":694,"href":"https:\/\/presencevocale.fr\/veillevocale\/wp-json\/wp\/v2\/pages\/72\/revisions\/694"}],"wp:attachment":[{"href":"https:\/\/presencevocale.fr\/veillevocale\/wp-json\/wp\/v2\/media?parent=72"}],"curies":[{"name":"wp","href":"https:\/\/api.w.org\/{rel}","templated":true}]}}