{"id":95,"date":"2015-12-05T18:28:22","date_gmt":"2015-12-05T17:28:22","guid":{"rendered":"http:\/\/presencevocale.fr\/veillevocale\/?page_id=95"},"modified":"2018-06-06T16:22:08","modified_gmt":"2018-06-06T15:22:08","slug":"respirer","status":"publish","type":"page","link":"https:\/\/presencevocale.fr\/veillevocale\/respirer\/","title":{"rendered":"Respirer"},"content":{"rendered":"<table>\n<tbody>\n<tr>\n<td style=\"width: 200px;\"><a href=\"http:\/\/www.editionsdudauphin.com\/2.aspx?sr=0&amp;CatID=b3bbae5a-b8da-4d60-b49a-151b07bf327c&amp;ProdID=2c3213d9-5fcc-40eb-9e3d-06ee46746bf5\"><img loading=\"lazy\" decoding=\"async\" class=\"alignnone wp-image-96\" src=\"http:\/\/presencevocale.fr\/veillevocale\/wp-content\/uploads\/2015\/12\/419ajy2hziL._SX314_BO1204203200_-190x300.jpg\" alt=\"419ajy2hziL._SX314_BO1,204,203,200_\" width=\"99\" height=\"156\" srcset=\"https:\/\/presencevocale.fr\/veillevocale\/wp-content\/uploads\/2015\/12\/419ajy2hziL._SX314_BO1204203200_-190x300.jpg 190w, https:\/\/presencevocale.fr\/veillevocale\/wp-content\/uploads\/2015\/12\/419ajy2hziL._SX314_BO1204203200_-95x150.jpg 95w, https:\/\/presencevocale.fr\/veillevocale\/wp-content\/uploads\/2015\/12\/419ajy2hziL._SX314_BO1204203200_.jpg 316w\" sizes=\"auto, (max-width: 99px) 100vw, 99px\" \/><\/a><\/td>\n<td style=\"width: 400px;\">CAMPAGNAC-MORETTE, Christine &#8211; Apprendre \u00e0 respirer en 20 circonstances : manuel pratique.<br \/>\nEditions du Dauphin, 2011<\/p>\n<p><span style=\"color: #800080;\"><strong>Cliquer sur l&#8217;image pour aller sur le site de l&#8217;\u00e9diteur<\/strong><\/span><\/td>\n<td style=\"width: 400px;\">Eviter d&#8217;\u00eatre essouffl\u00e9, se d\u00e9tendre, \u00eatre bien dans son corps. Pr\u00e9sentation de 4 techniques de respiration de base (abdominale, diaphragmatique, haute et claviculaire, compl\u00e8te) et 20 respirations essentielles illustr\u00e9es.<\/td>\n<\/tr>\n<tr>\n<td style=\"width: 200px;\">\u00a0<a href=\"http:\/\/www.editions-tredaniel.com\/la-respiration-abdominale-dvd-p-3537.html\"><img loading=\"lazy\" decoding=\"async\" class=\"alignnone wp-image-98\" src=\"http:\/\/presencevocale.fr\/veillevocale\/wp-content\/uploads\/2015\/12\/417kde4nmIL._SX352_BO1204203200_-213x300.jpg\" alt=\"417kde4nmIL._SX352_BO1,204,203,200_\" width=\"99\" height=\"140\" srcset=\"https:\/\/presencevocale.fr\/veillevocale\/wp-content\/uploads\/2015\/12\/417kde4nmIL._SX352_BO1204203200_-213x300.jpg 213w, https:\/\/presencevocale.fr\/veillevocale\/wp-content\/uploads\/2015\/12\/417kde4nmIL._SX352_BO1204203200_-106x150.jpg 106w, https:\/\/presencevocale.fr\/veillevocale\/wp-content\/uploads\/2015\/12\/417kde4nmIL._SX352_BO1204203200_.jpg 354w\" sizes=\"auto, (max-width: 99px) 100vw, 99px\" \/><\/a><\/td>\n<td style=\"width: 400px;\">MARION, Jean-Claude &#8211; La respiration abdominale : mieux respirer, mieux \u00eatre, mieux vivre<br \/>\nLe Courrier du livre, 2008<\/p>\n<p><span style=\"color: #800080;\"><strong>Cliquer sur l&#8217;image pour aller sur le site de l&#8217;\u00e9diteur<\/strong><\/span><\/td>\n<td style=\"width: 400px;\">\n<p>Pour la voix parl\u00e9e et chant\u00e9e, les asthmatiques, le contr\u00f4le des \u00e9motions, le b\u00e9gaiement, les instrumentistes \u00e0 vent, les sportifs, les personnes enceintes&#8230;<\/p>\n<p>Avec un CD<\/td>\n<\/tr>\n<\/tbody>\n<\/table>\n<p><\/p>\n","protected":false},"excerpt":{"rendered":"<p>CAMPAGNAC-MORETTE, Christine &#8211; Apprendre \u00e0 respirer en 20 circonstances : manuel pratique. Editions du Dauphin, 2011 Cliquer sur l&#8217;image pour aller sur le site de l&#8217;\u00e9diteur Eviter d&#8217;\u00eatre essouffl\u00e9, se d\u00e9tendre, \u00eatre bien dans son corps. Pr\u00e9sentation de 4 techniques de respiration de base (abdominale, diaphragmatique, haute et claviculaire, compl\u00e8te) et 20 respirations essentielles illustr\u00e9es. \u00a0 MARION, Jean-Claude &#8211; La respiration abdominale : mieux respirer, mieux \u00eatre, mieux vivre Le Courrier du livre, 2008 Cliquer sur l&#8217;image pour aller sur&#8230;<\/p>\n<p class=\"read-more\"><a class=\"btn btn-default\" href=\"https:\/\/presencevocale.fr\/veillevocale\/respirer\/\">Lire la suite<span class=\"screen-reader-text\"> Lire la suite<\/span><\/a><\/p>\n","protected":false},"author":1,"featured_media":0,"parent":0,"menu_order":0,"comment_status":"closed","ping_status":"closed","template":"","meta":{"footnotes":""},"class_list":["post-95","page","type-page","status-publish","hentry"],"_links":{"self":[{"href":"https:\/\/presencevocale.fr\/veillevocale\/wp-json\/wp\/v2\/pages\/95","targetHints":{"allow":["GET"]}}],"collection":[{"href":"https:\/\/presencevocale.fr\/veillevocale\/wp-json\/wp\/v2\/pages"}],"about":[{"href":"https:\/\/presencevocale.fr\/veillevocale\/wp-json\/wp\/v2\/types\/page"}],"author":[{"embeddable":true,"href":"https:\/\/presencevocale.fr\/veillevocale\/wp-json\/wp\/v2\/users\/1"}],"replies":[{"embeddable":true,"href":"https:\/\/presencevocale.fr\/veillevocale\/wp-json\/wp\/v2\/comments?post=95"}],"version-history":[{"count":7,"href":"https:\/\/presencevocale.fr\/veillevocale\/wp-json\/wp\/v2\/pages\/95\/revisions"}],"predecessor-version":[{"id":378,"href":"https:\/\/presencevocale.fr\/veillevocale\/wp-json\/wp\/v2\/pages\/95\/revisions\/378"}],"wp:attachment":[{"href":"https:\/\/presencevocale.fr\/veillevocale\/wp-json\/wp\/v2\/media?parent=95"}],"curies":[{"name":"wp","href":"https:\/\/api.w.org\/{rel}","templated":true}]}}